    {"id":15971,"date":"2022-02-14T19:23:06","date_gmt":"2022-02-14T18:23:06","guid":{"rendered":"https:\/\/ventanastock.es\/?post_type=product&#038;p=15971"},"modified":"2026-04-26T22:29:41","modified_gmt":"2026-04-26T20:29:41","slug":"balconera-aluminio-corredera-con-persiana-pvc-1500x2185-2-hojas-con-mosquitera-marco-y-cajon-persiana-en-kit","status":"publish","type":"product","link":"https:\/\/ventanastock.es\/ca\/producte\/balconera-aluminio-corredera-con-persiana-pvc-1500x2185-2-hojas-con-mosquitera-marco-y-cajon-persiana-en-kit\/","title":{"rendered":"Balconera Alumini Corredissa Amb Persiana (PVC) 1500\u00d72185 2 fulles amb mosquitera (marc i calaix persiana en kit)"},"content":{"rendered":"<p>a la <em>Porta Balconera alumini Corredera Amb Persiana (PVC) 1500 \u00d7 2185 2h<\/em> el marc i el calaix de persiana s&#039;envien separats perqu\u00e8 els costos d&#039;enviament siguin redu\u00efts. S&#039;hi inclouen les instruccions de <strong>F\u00c0CIL MUNTATGE<\/strong> i tots els elements per muntar-los en menys de 10 minuts. Amb tan sols col\u00b7locar 10 cargols per fixar el marc i el calaix queda muntat. Aquests elements van preparats amb les perforacions realitzades per facilitar el muntatge i amb l&#039;etiquetatge indicant la posici\u00f3 correcta de cada element. contribueix a un estalvi important en les despeses d&#039;enviament.<\/p>\n<p><em><strong>Inclou mosquitera a mida, corredissa i desmuntable.<\/strong><\/em><\/p>\n<p><strong>Tipus de Perfileria: <\/strong><\/p>\n<ul>\n<li style=\"list-style-type: none;\">\n<ul>\n<li><strong style=\"color: #333333;\">alumini<\/strong><span style=\"color: #333333;\">, ideal per assegurar una estructura duradora i resistent.<\/span><\/li>\n<li>Acabat\u00a0<strong>elegant i modern<\/strong>.<\/li>\n<li><strong>S\u00e8rie freda amb canal europeu.<\/strong><\/li>\n<\/ul>\n<\/li>\n<\/ul>\n<p><strong>vidre:\u00a0<\/strong><strong>Vidre de doble vidre<\/strong>\u00a0est\u00e0 compost per\u00a0<strong>dues capes de vidre float de 4 mm<\/strong>\u00a0i una c\u00e0mera de\u00a0<strong>8 mm deshidratada.\u00a0<\/strong><\/p>\n<p><strong>Sistema de tancament: <\/strong>Embotit per l&#039;interior a les dues fulles.<\/p>\n<p><strong>seguretat: <\/strong>Tancaments d&#039;un punt de seguretat a cada full.<\/p>\n<p><strong>Regulaci\u00f3 tancament:\u00a0<\/strong>Permet regulaci\u00f3 tant en alt com en ample i pot realitzar un ajustament exacte.<\/p>\n<p><strong>Persiana (PVC):<\/strong><\/p>\n<ul>\n<li style=\"list-style-type: none;\">\n<ul>\n<li><strong>Persiana de PVC<\/strong>\u00a0integrada, que proporciona protecci\u00f3 solar i privadesa.<\/li>\n<li>El\u00a0<strong>material PVC<\/strong>\u00a0assegura durabilitat, facilitat de manteniment i un a\u00efllament addicional.<\/li>\n<li>Control de la lluminositat i protecci\u00f3 t\u00e8rmica.<\/li>\n<\/ul>\n<\/li>\n<\/ul>\n<p><strong>Sistema de rodes:<\/strong>\u00a0Rodes amb rodaments de boles i regulaci\u00f3<strong>\u00a0amb clau Allen<\/strong>\u00a0permetent pujar o baixar per a m\u00e9s ajustament. La carcassa \u00e9s de\u00a0<strong>Z\u00e1mac<\/strong>\u00a0i est\u00e0 tractada per a la corrosi\u00f3.\u00a0<strong>Permet ajustar<\/strong>\u00a0en cas de no estar completament a nivell la finestra. Alta resist\u00e8ncia per suportar m\u00e9s pes.<\/p>\n<p><strong>Juntes d&#039;estanque\u00eftat:\u00a0<\/strong>A les trobades dels marcs tenen instal\u00b7lades unes juntes d&#039;estanquitat\u00a0<strong>(neopr\u00e8 alta qualitat)\u00a0<\/strong>per evitar filtracions d&#039;aigua<strong>.<\/strong><span data-ccp-props=\"{}\">\u00a0<\/span><\/p>","protected":false},"excerpt":{"rendered":"<p><b>ENTREGA EN 24\/48 HORAS<\/b><\/p>\n<p>En la <em>Puerta Balconera Aluminio Corredera Con Persiana (PVC) 1500&#215;2185 2h<\/em> el marco y el caj\u00f3n de persiana se env\u00edan separados para que los costes de env\u00edo sean reducidos. Se incluye las instrucciones de <strong>F\u00c1CIL MONTAJE<\/strong> y todos los elementos para su montaje en menos de 10 minutos. <em><strong>Incluye mosquitera a medida, corredera y desmontable.<\/strong><\/em><\/p>\n<ul>\n<li data-leveltext=\"\uf0b7\" data-font=\"Symbol\" data-listid=\"17\" data-list-defn-props=\"{&quot;335552541&quot;:1,&quot;335559685&quot;:720,&quot;335559991&quot;:360,&quot;469769226&quot;:&quot;Symbol&quot;,&quot;469769242&quot;:[8226],&quot;469777803&quot;:&quot;left&quot;,&quot;469777804&quot;:&quot;\uf0b7&quot;,&quot;469777815&quot;:&quot;hybridMultilevel&quot;}\" aria-setsize=\"-1\" data-aria-posinset=\"7\" data-aria-level=\"1\"><b><span data-contrast=\"auto\">Perfiler\u00eda<\/span><\/b><span data-contrast=\"auto\">:<\/span> El grosor de nuestras ventanas es de <strong>60 mm s<\/strong>in caj\u00f3n y<strong> 120 mm <\/strong>con caj\u00f3n.<\/li>\n<li data-leveltext=\"\uf0b7\" data-font=\"Symbol\" data-listid=\"17\" data-list-defn-props=\"{&quot;335552541&quot;:1,&quot;335559685&quot;:720,&quot;335559991&quot;:360,&quot;469769226&quot;:&quot;Symbol&quot;,&quot;469769242&quot;:[8226],&quot;469777803&quot;:&quot;left&quot;,&quot;469777804&quot;:&quot;\uf0b7&quot;,&quot;469777815&quot;:&quot;hybridMultilevel&quot;}\" aria-setsize=\"-1\" data-aria-posinset=\"7\" data-aria-level=\"1\"><strong>Apertura:<\/strong> Corredera, ideal para ahorrar espacio y facilitar el acceso a balcones y terrazas.<\/li>\n<li data-leveltext=\"\uf0b7\" data-font=\"Symbol\" data-listid=\"17\" data-list-defn-props=\"{&quot;335552541&quot;:1,&quot;335559685&quot;:720,&quot;335559991&quot;:360,&quot;469769226&quot;:&quot;Symbol&quot;,&quot;469769242&quot;:[8226],&quot;469777803&quot;:&quot;left&quot;,&quot;469777804&quot;:&quot;\uf0b7&quot;,&quot;469777815&quot;:&quot;hybridMultilevel&quot;}\" aria-setsize=\"-1\" data-aria-posinset=\"7\" data-aria-level=\"1\"><strong>Hojas<\/strong>: La ventana dispone de <strong>dos hojas.<\/strong><\/li>\n<li data-leveltext=\"\uf0b7\" data-font=\"Symbol\" data-listid=\"17\" data-list-defn-props=\"{&quot;335552541&quot;:1,&quot;335559685&quot;:720,&quot;335559991&quot;:360,&quot;469769226&quot;:&quot;Symbol&quot;,&quot;469769242&quot;:[8226],&quot;469777803&quot;:&quot;left&quot;,&quot;469777804&quot;:&quot;\uf0b7&quot;,&quot;469777815&quot;:&quot;hybridMultilevel&quot;}\" aria-setsize=\"-1\" data-aria-posinset=\"7\" data-aria-level=\"1\"><strong>Medidas: Ancho<\/strong> (1500 mm) x <strong>Alto<\/strong> (2185 mm).<\/li>\n<li data-leveltext=\"\uf0b7\" data-font=\"Symbol\" data-listid=\"17\" data-list-defn-props=\"{&quot;335552541&quot;:1,&quot;335559685&quot;:720,&quot;335559991&quot;:360,&quot;469769226&quot;:&quot;Symbol&quot;,&quot;469769242&quot;:[8226],&quot;469777803&quot;:&quot;left&quot;,&quot;469777804&quot;:&quot;\uf0b7&quot;,&quot;469777815&quot;:&quot;hybridMultilevel&quot;}\" aria-setsize=\"-1\" data-aria-posinset=\"7\" data-aria-level=\"1\"><b><span data-contrast=\"auto\">Vidrio<\/span><\/b><span data-contrast=\"auto\">: Compuesto por <\/span><b><span data-contrast=\"auto\">dos capas de vidrio float de 4 mm<\/span><\/b><span data-contrast=\"auto\"> y una <\/span><b><span data-contrast=\"auto\">c\u00e1mara deshidratada de 8 mm<\/span><\/b><span data-contrast=\"auto\">, con <\/span><b><span data-contrast=\"auto\">doble acristalamiento.<\/span><\/b><\/li>\n<li data-leveltext=\"\uf0b7\" data-font=\"Symbol\" data-listid=\"17\" data-list-defn-props=\"{&quot;335552541&quot;:1,&quot;335559685&quot;:720,&quot;335559991&quot;:360,&quot;469769226&quot;:&quot;Symbol&quot;,&quot;469769242&quot;:[8226],&quot;469777803&quot;:&quot;left&quot;,&quot;469777804&quot;:&quot;\uf0b7&quot;,&quot;469777815&quot;:&quot;hybridMultilevel&quot;}\" aria-setsize=\"-1\" data-aria-posinset=\"7\" data-aria-level=\"1\"><b><span data-contrast=\"auto\">Persiana PVC:\u00a0<\/span><\/b><span data-contrast=\"auto\">Persiana integrada en el sistema,\u00a0<\/span><b><span data-contrast=\"auto\">fabricada en PVC.<\/span><\/b><\/li>\n<li data-leveltext=\"\uf0b7\" data-font=\"Symbol\" data-listid=\"17\" data-list-defn-props=\"{&quot;335552541&quot;:1,&quot;335559685&quot;:720,&quot;335559991&quot;:360,&quot;469769226&quot;:&quot;Symbol&quot;,&quot;469769242&quot;:[8226],&quot;469777803&quot;:&quot;left&quot;,&quot;469777804&quot;:&quot;\uf0b7&quot;,&quot;469777815&quot;:&quot;hybridMultilevel&quot;}\" aria-setsize=\"-1\" data-aria-posinset=\"7\" data-aria-level=\"1\"><strong>Cierre embutido<\/strong> integrado discretamente en el marco, mejora la est\u00e9tica y refuerza la seguridad al dificultar su manipulaci\u00f3n desde el exterior.<\/li>\n<li><b><span data-contrast=\"auto\">Seguridad: <\/span><\/b>Sistema con varios puntos de cierre y pasadores ocultos, garantizando protecci\u00f3n adicional.<\/li>\n<li><b><span data-contrast=\"auto\">Regulaci\u00f3n<\/span><\/b><span data-contrast=\"auto\">: Ajuste tridimensional, <\/span><b><span data-contrast=\"auto\">permitiendo regulaci\u00f3n<\/span><\/b><span data-contrast=\"auto\"> tanto en los puntos de cierre como en las dem\u00e1s partes del sistema.<\/span><\/li>\n<\/ul>\n<p><iframe loading=\"lazy\" src=\"https:\/\/www.youtube.com\/embed\/j_QrKGYPFdM\" width=\"250\" height=\"157\" frameborder=\"0\" allowfullscreen=\"allowfullscreen\"><\/iframe><\/p>\n","protected":false},"featured_media":17634,"comment_status":"open","ping_status":"closed","template":"","meta":{"_acf_changed":false,"_joinchat":[],"jetpack_publicize_message":"","jetpack_publicize_feature_enabled":true,"jetpack_social_post_already_shared":false,"jetpack_social_options":{"image_generator_settings":{"template":"highway","default_image_id":0,"font":"","enabled":false},"version":2}},"product_brand":[],"product_cat":[817,1256,1004,1258,770,721,107,829,1344,1345],"product_tag":[683,163,617,616,147,157,217,172,168,541,1251,159,216],"class_list":{"0":"post-15971","1":"product","2":"type-product","3":"status-publish","4":"has-post-thumbnail","6":"product_cat-aluminio","7":"product_cat-nuevo-aluminio","8":"product_cat-ofertas","9":"product_cat-ofertas-aluminio","10":"product_cat-balconeras-aluminio","11":"product_cat-balconeras-aluminio-con-mosquitera","12":"product_cat-balconeras-aluminio-correderas","13":"product_cat-puertas-balconeras","14":"product_cat-shopping","15":"product_cat-shopping-ads","16":"product_tag-683","17":"product_tag-2-hojas","18":"product_tag-alb0038","19":"product_tag-alb0038m","20":"product_tag-aluminio","21":"product_tag-balconera","22":"product_tag-balconeras","23":"product_tag-con-persiana-pvc","24":"product_tag-corredera","25":"product_tag-mosquitera","26":"product_tag-oferta","27":"product_tag-puerta","28":"product_tag-puertas","29":"product_shipping_class-pesados","31":"first","32":"outofstock","33":"sale","34":"taxable","35":"shipping-taxable","36":"purchasable","37":"product-type-simple"},"acf":[],"jetpack_publicize_connections":[],"jetpack_sharing_enabled":true,"_links":{"self":[{"href":"https:\/\/ventanastock.es\/ca\/wp-json\/wp\/v2\/product\/15971","targetHints":{"allow":["GET"]}}],"collection":[{"href":"https:\/\/ventanastock.es\/ca\/wp-json\/wp\/v2\/product"}],"about":[{"href":"https:\/\/ventanastock.es\/ca\/wp-json\/wp\/v2\/types\/product"}],"replies":[{"embeddable":true,"href":"https:\/\/ventanastock.es\/ca\/wp-json\/wp\/v2\/comments?post=15971"}],"wp:featuredmedia":[{"embeddable":true,"href":"https:\/\/ventanastock.es\/ca\/wp-json\/wp\/v2\/media\/17634"}],"wp:attachment":[{"href":"https:\/\/ventanastock.es\/ca\/wp-json\/wp\/v2\/media?parent=15971"}],"wp:term":[{"taxonomy":"product_brand","embeddable":true,"href":"https:\/\/ventanastock.es\/ca\/wp-json\/wp\/v2\/product_brand?post=15971"},{"taxonomy":"product_cat","embeddable":true,"href":"https:\/\/ventanastock.es\/ca\/wp-json\/wp\/v2\/product_cat?post=15971"},{"taxonomy":"product_tag","embeddable":true,"href":"https:\/\/ventanastock.es\/ca\/wp-json\/wp\/v2\/product_tag?post=15971"}],"curies":[{"name":"wp","href":"https:\/\/api.w.org\/{rel}","templated":true}]}}