    {"id":7576,"date":"2019-09-08T22:57:46","date_gmt":"2019-09-08T21:57:46","guid":{"rendered":"https:\/\/ventanastock.es\/?post_type=product&#038;p=7576"},"modified":"2026-02-17T14:06:39","modified_gmt":"2026-02-17T12:06:39","slug":"ventana-aluminio-rpt-45-practicable-oscilobatiente-1200x1000-2-hojas","status":"publish","type":"product","link":"https:\/\/ventanastock.es\/ca\/producte\/ventana-aluminio-rpt-45-practicable-oscilobatiente-1200x1000-2-hojas\/","title":{"rendered":"Finestra Alumini RLT 45 Practicable Oscil\u00b7lobatent 1200X1000 2 fulls"},"content":{"rendered":"<p><strong>Tipus de Perfileria: <\/strong><\/p>\n<ul>\n<li style=\"list-style-type: none;\">\n<ul>\n<li>Alumini amb<strong> Trencament de Pont T\u00e8rmic (RPT)<\/strong>, assegurant un excel\u00b7lent a\u00efllament t\u00e8rmic i ac\u00fastic.<\/li>\n<li>Acabat\u00a0<strong>elegant i modern<\/strong>.<\/li>\n<li>S\u00e8rie amb <strong>Trencament de pont t\u00e8rmic<\/strong> per mitj\u00e0 de poliamides amb canal europeu.<\/li>\n<\/ul>\n<\/li>\n<\/ul>\n<p><strong>vidre:\u00a0<\/strong><strong>Vidre de doble vidre<\/strong>\u00a0est\u00e0 compost per\u00a0<strong>dues capes de vidre float de 4 mm<\/strong>\u00a0i una c\u00e0mera de\u00a0<strong>8 mm deshidratada.<\/strong><\/p>\n<p><strong>Tipus d&#039;obertura:<\/strong><\/p>\n<ul>\n<li style=\"list-style-type: none;\">\n<ul>\n<li><b><span data-contrast=\"auto\">practicable<\/span><\/b><span data-contrast=\"auto\">: La finestra s&#039;obre de manera tradicional cap a l&#039;interior, oferint un f\u00e0cil acc\u00e9s per a ventilaci\u00f3 i neteja.<\/span><span data-ccp-props=\"{&quot;134233117&quot;:false,&quot;134233118&quot;:false,&quot;335559738&quot;:0,&quot;335559739&quot;:0}\">\u00a0<\/span><\/li>\n<li><b><span data-contrast=\"auto\">oscil\u00b7lobatent<\/span><\/b><span data-contrast=\"auto\">: Permet obrir la finestra des de la part superior, garantint ventilaci\u00f3 controlada sense risc que entri pluja. Ideal per mantenir l&#039;aire fresc sense comprometre la seguretat ni la privadesa.<\/span><span data-ccp-props=\"{&quot;134233117&quot;:false,&quot;134233118&quot;:false,&quot;335559738&quot;:0,&quot;335559739&quot;:0}\">\u00a0<\/span><\/li>\n<\/ul>\n<\/li>\n<\/ul>\n<p><b><span data-contrast=\"auto\">Sistema de tancament:<\/span><\/b><\/p>\n<ul>\n<li style=\"list-style-type: none;\">\n<ul>\n<li><b><span data-contrast=\"auto\">Cremona d&#039;alumini<\/span><\/b><span data-contrast=\"auto\">\u00a0amb\u00a0<\/span><b><span data-contrast=\"auto\">tres posicions<\/span><\/b><span data-contrast=\"auto\">: tancat, practicable i oscil\u00b7lobatent.<\/span><span data-ccp-props=\"{&quot;134233117&quot;:false,&quot;134233118&quot;:false,&quot;335559738&quot;:0,&quot;335559739&quot;:0}\">\u00a0<\/span><\/li>\n<li><span data-contrast=\"auto\">M\u00faltiples punts de tancament per a m\u00e9s seguretat i segellat herm\u00e8tic.<\/span><span data-ccp-props=\"{&quot;134233117&quot;:false,&quot;134233118&quot;:false,&quot;335559738&quot;:0,&quot;335559739&quot;:0}\">\u00a0<\/span><\/li>\n<\/ul>\n<\/li>\n<\/ul>\n<p><strong>seguretat:<\/strong>\u00a0El sistema de tancament inclou <strong><b><span data-contrast=\"auto\">passadors ocults <\/span><\/b><\/strong>a la part superior i inferior, proporcionant seguretat addicional. En funci\u00f3 de la mida, el sistema pot incorporar entre <strong><b><span data-contrast=\"auto\">dos i quatre punts de tancament<\/span><\/b><span data-contrast=\"auto\">.<\/span><\/strong><\/p>\n<p><b><span data-contrast=\"auto\">Regulaci\u00f3 i Accessoris:<\/span><\/b> Regulaci\u00f3 tridimensional al sistema de ferramenta per a un ajust prec\u00eds i durador. Permet una regulaci\u00f3 en pressi\u00f3 ia les frontisses un despla\u00e7ament horitzontal. Tamb\u00e9 disposa de compes lateral que en limita l&#039;obertura.<\/p>\n<p><strong>assaigs AEV<\/strong>: Segons la norma UNE-EN 14351-1: 2006 + A1 permeabilitat a l&#039;aire &quot;Classe 4&quot;, estanquitat a l&#039;aigua &quot;Classe AE750&quot;, resist\u00e8ncia a la c\u00e0rrega de vent &quot;Classe C5&quot; (valors obtinguts de finestra 1480 \u00d7 1230 2 fulles ).<\/p>\n<p><strong>c\u00e0lcul t\u00e8rmic<\/strong>: Uw = 2,3 W \/ m\u00b2 K segons norma EN.ISO 10077-2: 2012 considerant doble vidre en una finestra de 1480 \u00d7 1230 2 fulles (4-16-4 amb baix emissiu + arg\u00f3). El producte est\u00e0 considerat com <strong>gamma mitjana-alta<\/strong> complint tots els objectius amb uns resultats excepcionals dins la seva categoria.<\/p>\n<p>&nbsp;<\/p>","protected":false},"excerpt":{"rendered":"<p><b>ENTREGA EN 24\/48 HORAS<\/b><\/p>\n<ul>\n<li data-leveltext=\"\uf0b7\" data-font=\"Symbol\" data-listid=\"17\" data-list-defn-props=\"{&quot;335552541&quot;:1,&quot;335559685&quot;:720,&quot;335559991&quot;:360,&quot;469769226&quot;:&quot;Symbol&quot;,&quot;469769242&quot;:[8226],&quot;469777803&quot;:&quot;left&quot;,&quot;469777804&quot;:&quot;\uf0b7&quot;,&quot;469777815&quot;:&quot;hybridMultilevel&quot;}\" aria-setsize=\"-1\" data-aria-posinset=\"7\" data-aria-level=\"1\"><b><span data-contrast=\"auto\">Perfiler\u00eda<\/span><\/b><span data-contrast=\"auto\">:<\/span> El grosor de nuestras ventanas es de <strong>45\u00a0mm. <\/strong>Gama <strong>MEDIA-ALTA <\/strong>con<strong> Rotura de Puente T\u00e9rmico.<\/strong><\/li>\n<li data-leveltext=\"\uf0b7\" data-font=\"Symbol\" data-listid=\"17\" data-list-defn-props=\"{&quot;335552541&quot;:1,&quot;335559685&quot;:720,&quot;335559991&quot;:360,&quot;469769226&quot;:&quot;Symbol&quot;,&quot;469769242&quot;:[8226],&quot;469777803&quot;:&quot;left&quot;,&quot;469777804&quot;:&quot;\uf0b7&quot;,&quot;469777815&quot;:&quot;hybridMultilevel&quot;}\" aria-setsize=\"-1\" data-aria-posinset=\"7\" data-aria-level=\"1\"><strong>Apertura: <\/strong>Permite abrirla de manera<strong>\u00a0oscilante (inclinada) o completamente abatible\u00a0<\/strong>desde el interior.\u00a0Lo que\u00a0<strong>impide su apertura<\/strong>\u00a0desde el exterior.<\/li>\n<li data-leveltext=\"\uf0b7\" data-font=\"Symbol\" data-listid=\"17\" data-list-defn-props=\"{&quot;335552541&quot;:1,&quot;335559685&quot;:720,&quot;335559991&quot;:360,&quot;469769226&quot;:&quot;Symbol&quot;,&quot;469769242&quot;:[8226],&quot;469777803&quot;:&quot;left&quot;,&quot;469777804&quot;:&quot;\uf0b7&quot;,&quot;469777815&quot;:&quot;hybridMultilevel&quot;}\" aria-setsize=\"-1\" data-aria-posinset=\"7\" data-aria-level=\"1\"><strong>Hojas<\/strong>: La ventana dispone de <strong>dos hojas.<\/strong><\/li>\n<li data-leveltext=\"\uf0b7\" data-font=\"Symbol\" data-listid=\"17\" data-list-defn-props=\"{&quot;335552541&quot;:1,&quot;335559685&quot;:720,&quot;335559991&quot;:360,&quot;469769226&quot;:&quot;Symbol&quot;,&quot;469769242&quot;:[8226],&quot;469777803&quot;:&quot;left&quot;,&quot;469777804&quot;:&quot;\uf0b7&quot;,&quot;469777815&quot;:&quot;hybridMultilevel&quot;}\" aria-setsize=\"-1\" data-aria-posinset=\"7\" data-aria-level=\"1\"><strong>Medidas: Ancho<\/strong> (1200 mm) x <strong>Alto<\/strong> (1000 mm).<\/li>\n<li data-leveltext=\"\uf0b7\" data-font=\"Symbol\" data-listid=\"17\" data-list-defn-props=\"{&quot;335552541&quot;:1,&quot;335559685&quot;:720,&quot;335559991&quot;:360,&quot;469769226&quot;:&quot;Symbol&quot;,&quot;469769242&quot;:[8226],&quot;469777803&quot;:&quot;left&quot;,&quot;469777804&quot;:&quot;\uf0b7&quot;,&quot;469777815&quot;:&quot;hybridMultilevel&quot;}\" aria-setsize=\"-1\" data-aria-posinset=\"7\" data-aria-level=\"1\"><b><span data-contrast=\"auto\">Vidrio<\/span><\/b><span data-contrast=\"auto\">: Compuesto por\u00a0<b>dos capas de vidrio float de 4 mm<\/b>\u00a0y una\u00a0<b>c\u00e1mara de 16 mm <\/b>con<b> gas Arg\u00f3n<\/b>, con\u00a0<b>doble acristalamiento.<\/b><\/span><\/li>\n<li data-leveltext=\"\uf0b7\" data-font=\"Symbol\" data-listid=\"17\" data-list-defn-props=\"{&quot;335552541&quot;:1,&quot;335559685&quot;:720,&quot;335559991&quot;:360,&quot;469769226&quot;:&quot;Symbol&quot;,&quot;469769242&quot;:[8226],&quot;469777803&quot;:&quot;left&quot;,&quot;469777804&quot;:&quot;\uf0b7&quot;,&quot;469777815&quot;:&quot;hybridMultilevel&quot;}\" aria-setsize=\"-1\" data-aria-posinset=\"7\" data-aria-level=\"1\"><strong>Cierre: <\/strong>Sistema de cremona de aluminio con<strong><span data-contrast=\"auto\">\u00a0tre<\/span><b><span data-contrast=\"auto\">s posiciones<\/span><\/b><span data-contrast=\"auto\">: cerrado, practicable y oscilobatiente.<\/span><\/strong><\/li>\n<li><b><span data-contrast=\"auto\">Seguridad: <\/span><\/b>Sistema con varios puntos de cierre y pasadores ocultos, garantizando protecci\u00f3n adicional.<\/li>\n<li><b><span data-contrast=\"auto\">Regulaci\u00f3n<\/span><\/b><span data-contrast=\"auto\">: Ajuste tridimensional, <\/span><b><span data-contrast=\"auto\">permitiendo regulaci\u00f3n<\/span><\/b><span data-contrast=\"auto\"> tanto en los puntos de cierre como en las dem\u00e1s partes del sistema.<\/span><\/li>\n<\/ul>\n","protected":false},"featured_media":22552,"comment_status":"open","ping_status":"closed","template":"","meta":{"_acf_changed":false,"_joinchat":[],"jetpack_publicize_message":"","jetpack_publicize_feature_enabled":true,"jetpack_social_post_already_shared":false,"jetpack_social_options":{"image_generator_settings":{"template":"highway","default_image_id":0,"font":"","enabled":false},"version":2}},"product_brand":[],"product_cat":[777,1344,1345,823,776,826],"product_tag":[424,163,425,147,423,154,148,418,419,150],"class_list":{"0":"post-7576","1":"product","2":"type-product","3":"status-publish","4":"has-post-thumbnail","6":"product_cat-aluminio-rotura-puente-termico","7":"product_cat-shopping","8":"product_cat-shopping-ads","9":"product_cat-ventanas-aluminio-rpt","10":"product_cat-ventanas-aluminio-rpt-oscilobatientes","11":"product_cat-ventanas-oscilobatientes","12":"product_tag-424","13":"product_tag-2-hojas","14":"product_tag-alrbb0008","15":"product_tag-aluminio","16":"product_tag-cristal-transparente","17":"product_tag-oscilobatiente","18":"product_tag-practicable","19":"product_tag-rotura-puente-termico","20":"product_tag-rpt","21":"product_tag-ventana","22":"product_shipping_class-ligeros","24":"first","25":"instock","26":"taxable","27":"shipping-taxable","28":"purchasable","29":"product-type-simple"},"acf":[],"jetpack_publicize_connections":[],"jetpack_sharing_enabled":true,"_links":{"self":[{"href":"https:\/\/ventanastock.es\/ca\/wp-json\/wp\/v2\/product\/7576","targetHints":{"allow":["GET"]}}],"collection":[{"href":"https:\/\/ventanastock.es\/ca\/wp-json\/wp\/v2\/product"}],"about":[{"href":"https:\/\/ventanastock.es\/ca\/wp-json\/wp\/v2\/types\/product"}],"replies":[{"embeddable":true,"href":"https:\/\/ventanastock.es\/ca\/wp-json\/wp\/v2\/comments?post=7576"}],"wp:featuredmedia":[{"embeddable":true,"href":"https:\/\/ventanastock.es\/ca\/wp-json\/wp\/v2\/media\/22552"}],"wp:attachment":[{"href":"https:\/\/ventanastock.es\/ca\/wp-json\/wp\/v2\/media?parent=7576"}],"wp:term":[{"taxonomy":"product_brand","embeddable":true,"href":"https:\/\/ventanastock.es\/ca\/wp-json\/wp\/v2\/product_brand?post=7576"},{"taxonomy":"product_cat","embeddable":true,"href":"https:\/\/ventanastock.es\/ca\/wp-json\/wp\/v2\/product_cat?post=7576"},{"taxonomy":"product_tag","embeddable":true,"href":"https:\/\/ventanastock.es\/ca\/wp-json\/wp\/v2\/product_tag?post=7576"}],"curies":[{"name":"wp","href":"https:\/\/api.w.org\/{rel}","templated":true}]}}