    {"id":31013,"date":"2025-03-06T12:21:58","date_gmt":"2025-03-06T10:21:58","guid":{"rendered":"https:\/\/ventanastock.es\/?page_id=31013"},"modified":"2026-04-27T07:43:36","modified_gmt":"2026-04-27T05:43:36","slug":"presupuesto-a-medida","status":"publish","type":"page","link":"https:\/\/ventanastock.es\/de\/presupuesto-a-medida\/","title":{"rendered":"Individuelles Angebot"},"content":{"rendered":"<div class=\"container section-title-container\" ><h1 class=\"section-title section-title-center\"><b aria-hidden=\"true\"><\/b><span class=\"section-title-main\" >INDIVIDUELLE BUDGETS<\/span><b aria-hidden=\"true\"><\/b><\/h1><\/div>\n\n<div class=\"row row-small\"  id=\"row-1516933423\">\n\n\n\t<div id=\"col-1939459388\" class=\"col medium-6 small-12 large-6\"  >\n\t\t\t\t<div class=\"col-inner\"  >\n\t\t\t\n\t\t\t\n\n\t<div id=\"text-3357656040\" class=\"text\">\n\t\t\n\n<h3>Wir bieten Ihnen alles, was Sie brauchen:<\/h3>\n<ul>\n<li>Fenster und T\u00fcren aus Aluminium.<\/li>\n<li>PVC-Fenster und -T\u00fcren.<\/li>\n<li>Aluminiumfenster und -t\u00fcren mit thermischer Trennung.<\/li>\n<li>Schiebe- und Rollmoskitonetze.<\/li>\n<li>Eingangst\u00fcren aus Aluminium.<\/li>\n<li>PVC-Eingangst\u00fcren.<\/li>\n<li>Produkt mit motorisierten Jalousien.<\/li>\n<li>Alle Arten von Zubeh\u00f6r.<\/li>\n<li>Raumteiler.<\/li>\n<li>Treppe.<\/li>\n<\/ul>\n\t\t\n<style>\n#text-3357656040 {\n  font-size: 1.3rem;\n}\n<\/style>\n\t<\/div>\n\t\n\n\t\t<\/div>\n\t\t\t\t\t<\/div>\n\n\t\n\n\t<div id=\"col-1967040818\" class=\"col medium-6 small-12 large-6\"  >\n\t\t\t\t<div class=\"col-inner\"  >\n\t\t\t\n\t\t\t\n\n\t<div class=\"img has-hover x md-x lg-x y md-y lg-y\" id=\"image_1058873938\">\n\t\t\t\t\t\t\t\t<div class=\"img-inner dark\" >\n\t\t\t<img loading=\"lazy\" decoding=\"async\" width=\"800\" height=\"534\" src=\"https:\/\/ventanastock.es\/wp-content\/uploads\/2025\/04\/material-elegir-puerta-entrada-tu-casa-1-800x534.jpg\" class=\"attachment-medium size-medium\" alt=\"\" srcset=\"https:\/\/ventanastock.es\/wp-content\/uploads\/2025\/04\/material-elegir-puerta-entrada-tu-casa-1-800x534.jpg 800w, https:\/\/ventanastock.es\/wp-content\/uploads\/2025\/04\/material-elegir-puerta-entrada-tu-casa-1-768x512.jpg 768w, https:\/\/ventanastock.es\/wp-content\/uploads\/2025\/04\/material-elegir-puerta-entrada-tu-casa-1-18x12.jpg 18w, https:\/\/ventanastock.es\/wp-content\/uploads\/2025\/04\/material-elegir-puerta-entrada-tu-casa-1-510x340.jpg 510w, https:\/\/ventanastock.es\/wp-content\/uploads\/2025\/04\/material-elegir-puerta-entrada-tu-casa-1.jpg 1000w\" sizes=\"auto, (max-width: 800px) 100vw, 800px\" \/>\t\t\t\t\t\t\n\t\t\t\t\t<\/div>\n\t\t\t\t\t\t\t\t\n<style>\n#image_1058873938 {\n  width: 100%;\n}\n<\/style>\n\t<\/div>\n\t\n\n\n\t\t<\/div>\n\t\t\t\t\t<\/div>\n\n\t\n\n<\/div>\n<div class=\"row row-large align-middle align-center\"  id=\"row-868656609\">\n\n\n\t<div id=\"col-350514835\" class=\"col medium-6 small-12 large-6\"  >\n\t\t\t\t<div class=\"col-inner\"  >\n\t\t\t\n\t\t\t\n\n\t<div class=\"img has-hover x md-x lg-x y md-y lg-y\" id=\"image_361642144\">\n\t\t\t\t\t\t\t\t<div class=\"img-inner dark\" >\n\t\t\t<img loading=\"lazy\" decoding=\"async\" width=\"621\" height=\"415\" src=\"https:\/\/ventanastock.es\/wp-content\/uploads\/2025\/04\/Sin-titulo.png\" class=\"attachment-original size-original\" alt=\"\" srcset=\"https:\/\/ventanastock.es\/wp-content\/uploads\/2025\/04\/Sin-titulo.png 621w, https:\/\/ventanastock.es\/wp-content\/uploads\/2025\/04\/Sin-titulo-18x12.png 18w, https:\/\/ventanastock.es\/wp-content\/uploads\/2025\/04\/Sin-titulo-510x341.png 510w\" sizes=\"auto, (max-width: 621px) 100vw, 621px\" \/>\t\t\t\t\t\t\n\t\t\t\t\t<\/div>\n\t\t\t\t\t\t\t\t\n<style>\n#image_361642144 {\n  width: 100%;\n}\n<\/style>\n\t<\/div>\n\t\n\n\n\t\t<\/div>\n\t\t\t\t\t<\/div>\n\n\t\n\n\t<div id=\"col-1004620383\" class=\"col medium-6 small-12 large-6\"  >\n\t\t\t\t<div class=\"col-inner\"  >\n\t\t\t\n\t\t\t\n\n\t<div id=\"text-1142751751\" class=\"text\">\n\t\t\n\n<h3 class=\"\" data-start=\"190\" data-end=\"225\">\ud83e\udde9 <strong data-start=\"197\" data-end=\"225\">Vollst\u00e4ndige Anpassung sowohl in PVC als auch in Aluminium<\/strong><\/h3>\n<p class=\"\" data-start=\"228\" data-end=\"342\">Sie k\u00f6nnen genaue Ma\u00dfe, \u00d6ffnungen, Materialien, Oberfl\u00e4chen, Farben und Zubeh\u00f6r ausw\u00e4hlen und so eine perfekte Passform erzielen und Isolationsverluste sowie Installationsprobleme vermeiden.<\/p>\n<h3 class=\"\" data-start=\"808\" data-end=\"858\">\ud83d\udcbc <strong data-start=\"815\" data-end=\"858\">Wir erstellen das Budget innerhalb von 24 Stunden<\/strong><\/h3>\n<p class=\"\" data-start=\"861\" data-end=\"971\">Fordern Sie ein Angebot \u00fcber WhatsApp oder das unten stehende Google-Formular an und wir senden Ihnen innerhalb von 24 Stunden das beste Preisangebot.<\/p>\n<h3 class=\"\" data-start=\"1087\" data-end=\"1131\">\ud83c\udfa8 <strong data-start=\"1094\" data-end=\"1131\">Vielfalt an Designs und Ausf\u00fchrungen<\/strong><\/h3>\n<p class=\"\" data-start=\"1134\" data-end=\"1278\">M\u00f6glichkeit, aus mehreren \u00e4sthetischen Optionen zu w\u00e4hlen (Holzimitation, RAL-Farben, Glas usw.).<\/p>\n<h3 class=\"\" data-start=\"1682\" data-end=\"1721\">\ud83d\udd27<strong data-start=\"1689\" data-end=\"1721\">Weitere technische Beratung<\/strong><\/h3>\n<p class=\"\" data-start=\"1724\" data-end=\"1836\">Wir unterst\u00fctzen und beraten Sie w\u00e4hrend des gesamten Auswahlprozesses bei der Auswahl des f\u00fcr Ihre Bed\u00fcrfnisse am besten geeigneten Produkts.<\/p>\n<h3 class=\"\" data-start=\"1945\" data-end=\"1992\">\ud83c\udfe0<strong data-start=\"1952\" data-end=\"1992\"> Die besten Marken auf dem Markt bieten einen gr\u00f6\u00dferen Mehrwert f\u00fcr Ihr Zuhause<\/strong><\/h3>\n<p class=\"\" data-start=\"1995\" data-end=\"2134\">Ma\u00dfgeschneiderte L\u00f6sungen erh\u00f6hen den Grad der Personalisierung und des Komforts und steigern den Wert Ihres Zuhauses.<\/p>\n\t\t\n<style>\n#text-1142751751 {\n  line-height: 1.55;\n  text-align: center;\n}\n<\/style>\n\t<\/div>\n\t\n\n\t\t<\/div>\n\t\t\t\t\t<\/div>\n\n\t\n\n<\/div>\n<div class=\"is-divider divider clearfix\" ><\/div>\n\n\n  <div class=\"banner has-hover\" id=\"banner-383744211\">\n          <div class=\"banner-inner fill\">\n        <div class=\"banner-bg fill\" >\n            <img loading=\"lazy\" decoding=\"async\" width=\"640\" height=\"427\" src=\"https:\/\/ventanastock.es\/wp-content\/uploads\/2025\/04\/savings-2789153_640.jpg\" class=\"bg attachment-large size-large\" alt=\"\" \/>                                    \n            <div class=\"effect-sparkle bg-effect fill no-click\"><\/div>        <\/div>\n\t\t\n        <div class=\"banner-layers container\">\n            <div class=\"fill banner-link\"><\/div>            \n\n   <div id=\"text-box-1629142308\" class=\"text-box banner-layer x50 md-x50 lg-x50 y80 md-y80 lg-y80 res-text\">\n              <div data-parallax=\"-3\" data-parallax-fade=\"true\">                  <div class=\"text-box-content text\">\n              \n              <div class=\"text-inner text-center\">\n                  \n\n\t<div id=\"text-2989430539\" class=\"text\">\n\t\t\n\n<h4 class=\"uppercase\"><strong>Kontaktieren Sie uns gerne<\/strong><\/h4>\n<p>Sie k\u00f6nnen ein Angebot f\u00fcr kundenspezifische Fenster anfordern, indem Sie auf die Schaltfl\u00e4che unten klicken. Sie werden zu einem Google-Formular weitergeleitet, in dem Sie alle Merkmale und Ma\u00dfe der gew\u00fcnschten Fenster angeben k\u00f6nnen.<\/p>\n\t\t\n<style>\n#text-2989430539 {\n  font-size: 1.05rem;\n  line-height: 2.4;\n  text-align: center;\n  color: rgb(0,0,0);\n}\n#text-2989430539 > * {\n  color: rgb(0,0,0);\n}\n<\/style>\n\t<\/div>\n\t\n<a href=\"https:\/\/docs.google.com\/forms\/d\/1WzebRDxNHxNVNmfGsuZxvJeqL2pbnxf66oltDyIyvpU\/edit?allow_large_form\" target=\"_blank\" class=\"button primary hidden\" rel=\"noopener\" >\n\t\t<span>Angebot anfordern<\/span>\n\t<\/a>\n\n\n\n              <\/div>\n           <\/div>\n              <\/div>              \n<style>\n#text-box-1629142308 {\n  margin: 10px 10px 10px 10px;\n  width: 60%;\n}\n#text-box-1629142308 .text-box-content {\n  background-color: #ffffff;\n  font-size: 100%;\n}\n#text-box-1629142308 .text-inner {\n  padding: 10px 10px 10px 10px;\n}\n@media (min-width:550px) {\n  #text-box-1629142308 {\n    width: 41%;\n  }\n}\n<\/style>\n    <\/div>\n \n\n        <\/div>\n      <\/div>\n\n            \n<style>\n#banner-383744211 {\n  padding-top: 40%;\n  background-color: rgb(255,255,255);\n}\n<\/style>\n  <\/div>\n\n\n<div class=\"container section-title-container\" ><h1 class=\"section-title section-title-center\"><b aria-hidden=\"true\"><\/b><span class=\"section-title-main\" >KONTAKTIEREN SIE UNS \u00dcBER 3 VERSCHIEDENE WEGE<\/span><b aria-hidden=\"true\"><\/b><\/h1><\/div>\n\n<div class=\"row align-equal\" style=\"max-width:\" id=\"row-282330129\">\n\n\n\t<div id=\"col-516988928\" class=\"col medium-4 small-12 large-4\"  >\n\t\t\t\t<div class=\"col-inner\"  >\n\t\t\t\n\t\t\t\n\n<a class=\"button primary is-large expand\" style=\"border-radius:99px;\">\n\t\t<span>PER E-MAIL<\/span>\n\t<\/a>\n\n\n<div class=\"container section-title-container\" ><h3 class=\"section-title section-title-center\"><b aria-hidden=\"true\"><\/b><span class=\"section-title-main\" style=\"font-size:109%;\">atencioncliente@ventanastock.es<\/span><b aria-hidden=\"true\"><\/b><\/h3><\/div>\n\n\n\t\t<\/div>\n\t\t\t\t\t<\/div>\n\n\t\n\n\t<div id=\"col-159077990\" class=\"col medium-4 small-12 large-4\"  >\n\t\t\t\t<div class=\"col-inner\"  >\n\t\t\t\n\t\t\t\n\n<a href=\"https:\/\/api.whatsapp.com\/send\/?phone=34644736440&#038;text=Bienvenido+al+Whatsapp+de+Ventanastock.+%C2%BFEn+qu%C3%A9+te+podemos+ayudar%3F.Horario+de+Lunes+a+Viernes+7%3A00-13%3A00&#038;type=phone_number&#038;app_absent=0\" target=\"_blank\" class=\"button primary is-large expand\" rel=\"noopener\" style=\"border-radius:99px;\">\n\t\t<span>\u00dcBER WHATSAPP<\/span>\n\t<\/a>\n\n\n\n\t\t<\/div>\n\t\t\t\t\t<\/div>\n\n\t\n\n\t<div id=\"col-1079350326\" class=\"col medium-4 small-12 large-4\"  >\n\t\t\t\t<div class=\"col-inner\"  >\n\t\t\t\n\t\t\t\n\n<a href=\"https:\/\/accounts.google.com\/v3\/signin\/identifier?continue=https%3A%2F%2Fdocs.google.com%2Fforms%2Fd%2F1WzebRDxNHxNVNmfGsuZxvJeqL2pbnxf66oltDyIyvpU%2Fviewform%3Fallow_large_form%26edit_requested%3Dtrue&#038;followup=https%3A%2F%2Fdocs.google.com%2Fforms%2Fd%2F1WzebRDxNHxNVNmfGsuZxvJeqL2pbnxf66oltDyIyvpU%2Fviewform%3Fallow_large_form%26edit_requested%3Dtrue&#038;ifkv=ASKV5Mi5e8BHJX9mF1R-4grm0hTW0thupzi_AiXf-MUTkEjyMzCOR8RFCso7CV1XK7JP44YNUKgeEQ&#038;ltmpl=forms&#038;osid=1&#038;passive=1209600&#038;service=wise&#038;flowName=GlifWebSignIn&#038;flowEntry=ServiceLogin&#038;dsh=S-317407557%3A1746000286671089\" target=\"_blank\" class=\"button primary is-large expand hidden\" rel=\"noopener\" style=\"border-radius:99px;\">\n\t\t<span>\u00dcBER GOOGLE-FORMULAR<\/span>\n\t<\/a>\n\n\n\n\t\t<\/div>\n\t\t\t\t\t<\/div>\n\n\t\n\n<\/div>\n<div class=\"text-center\"><div class=\"is-divider divider clearfix\" style=\"max-width:1000px;background-color:rgba(108, 116, 133, 0.238);\"><\/div><\/div>\n\n<div class=\"container section-title-container\" ><h2 class=\"section-title section-title-center\"><b aria-hidden=\"true\"><\/b><span class=\"section-title-main\" style=\"font-size:134%;\">Wir unterst\u00fctzen Sie bei der Beantragung von European Next Generation-Zusch\u00fcssen in H\u00f6he von bis zu 4.000 \u20ac.<\/span><b aria-hidden=\"true\"><\/b><\/h2><\/div>\n\n<div class=\"row row-collapse align-middle\"  id=\"row-1492741054\">\n\n\n\t<div id=\"col-446526791\" class=\"col medium-6 small-12 large-6\"  >\n\t\t\t\t<div class=\"col-inner\"  >\n\t\t\t\n\t\t\t\n\n\t<div class=\"img has-hover x md-x lg-x y md-y lg-y\" id=\"image_960601195\">\n\t\t\t\t\t\t\t\t<div class=\"img-inner dark\" >\n\t\t\t<img loading=\"lazy\" decoding=\"async\" width=\"832\" height=\"384\" src=\"https:\/\/ventanastock.es\/wp-content\/uploads\/2025\/04\/next-generation-eu.jpg\" class=\"attachment-large size-large\" alt=\"\" srcset=\"https:\/\/ventanastock.es\/wp-content\/uploads\/2025\/04\/next-generation-eu.jpg 832w, https:\/\/ventanastock.es\/wp-content\/uploads\/2025\/04\/next-generation-eu-800x369.jpg 800w, https:\/\/ventanastock.es\/wp-content\/uploads\/2025\/04\/next-generation-eu-768x354.jpg 768w, https:\/\/ventanastock.es\/wp-content\/uploads\/2025\/04\/next-generation-eu-18x8.jpg 18w, https:\/\/ventanastock.es\/wp-content\/uploads\/2025\/04\/next-generation-eu-510x235.jpg 510w\" sizes=\"auto, (max-width: 832px) 100vw, 832px\" \/>\t\t\t\t\t\t\n\t\t\t\t\t<\/div>\n\t\t\t\t\t\t\t\t\n<style>\n#image_960601195 {\n  width: 100%;\n}\n<\/style>\n\t<\/div>\n\t\n\n\n\t\t<\/div>\n\t\t\t\t\t<\/div>\n\n\t\n\n\t<div id=\"col-7568448\" class=\"col medium-6 small-12 large-6\"  >\n\t\t\t\t<div class=\"col-inner text-center\"  >\n\t\t\t\n\t\t\t\n\n<p><strong>Unser Ventanastock-Team kann Ihnen dabei helfen, Zusch\u00fcsse der European Next Generation zu beantragen und zu nutzen. Sie erzielen gro\u00dfe Einsparungen bei Ihrer Investition und gro\u00dfe Steuervorteile.\u00a0<\/strong><\/p>\n<p><span style=\"font-size: 140%;\">Profitieren Sie von diesen Vorteilen der Thermal Break-Serie und von ma\u00dfgefertigtem PVC.<\/span><\/p>\n<p><span style=\"font-size: 100%;\">Wir helfen Ihnen bei den Verfahren<\/span><\/p>\n<a href=\"https:\/\/api.whatsapp.com\/send\/?phone=34644736440&#038;text=Bienvenido+al+Whatsapp+de+Ventanastock.+%C2%BFEn+qu%C3%A9+te+podemos+ayudar%3F.Horario+de+Lunes+a+Viernes+7%3A00-13%3A00&#038;type=phone_number&#038;app_absent=0\" class=\"button primary\" style=\"border-radius:10px;\">\n\t\t<span>WEITERE INFORMATIONEN<\/span>\n\t<\/a>\n\n\n\n\t\t<\/div>\n\t\t\t\t\t<\/div>\n\n\t\n\n\n<style>\n#row-1492741054 > .col > .col-inner {\n  border-radius: 14px;\n}\n<\/style>\n<\/div>\n\t<div id=\"text-1409072986\" class=\"text hidden\">\n\t\t\n\n<p><style>\n  .tabla-ventajas {<br \/>\n    width: 100%;<br \/>\n    border-collapse: collapse;<br \/>\n    text-align: center;<br \/>\n    font-family: sans-serif;<br \/>\n    margin: 20px 0;<br \/>\n  }<\/p>\n<p>  .tabla-ventajas th, .tabla-ventajas td {<br \/>\n    border: 1px solid #ddd;<br \/>\n    padding: 12px;<br \/>\n  }<\/p>\n<p>  .tabla-ventajas thead {<br \/>\n    background-color: #f0f0f0;<br \/>\n    font-weight: bold;<br \/>\n  }<\/p>\n<p>  .tabla-ventajas tbody tr:nth-child(even) {<br \/>\n    background-color: #fafafa;<br \/>\n  }<\/p>\n<p>  .tabla-ventajas td:first-child {<br \/>\n    text-align: left;<br \/>\n    font-weight: bold;<br \/>\n  }<\/p>\n<p>  .tabla-ventajas .maestro {<br \/>\n    background-color: #e0f7fa;<br \/>\n    font-weight: bold;<br \/>\n  }<\/p>\n<p>  .tabla-ventajas .avance {<br \/>\n    background-color: #fff8e1;<br \/>\n  }<\/p>\n<p>  .tabla-ventajas .base {<br \/>\n    background-color: #fce4ec;<br \/>\n  }<\/p>\n<p>  @media (max-width: 768px) {<br \/>\n    .tabla-ventajas td, .tabla-ventajas th {<br \/>\n      font-size: 14px;<br \/>\n      padding: 8px;<br \/>\n    }<br \/>\n  }<br \/>\n<\/style>\n<\/p>\n<table class=\"tabla-ventajas\">\n<thead>\n<tr>\n<th>VORTEILE<\/th>\n<th class=\"base\">\n<p>\ud83e\uddf1 BASIS <br \/>+5.000\u20ac<\/p>\n<\/th>\n<th class=\"avance\">\ud83d\udee0\ufe0f VORSCHAU <br \/>5.000 \u20ac \u2013 15.000 \u20ac<\/th>\n<th class=\"maestro\">\ud83c\udfd7\ufe0f LEHRER <br \/>+15.000\u20ac<\/th>\n<\/tr>\n<\/thead>\n<tbody>\n<tr>\n<td>Professionelle Preise<\/td>\n<td>\u2705<\/td>\n<td>\u2705<\/td>\n<td>\u2705<\/td>\n<\/tr>\n<tr>\n<\/thead>\n<tbody>\n<tr>\n<td>Flexible Zahlungen<\/td>\n<td>\u2705<\/td>\n<td>\u2705<\/td>\n<td>\u2705<\/td>\n<\/tr>\n<tr>\n<td>Exklusive Angebote<\/td>\n<td>Bis zu 5%<\/td>\n<td>Bis zu 7,5%<\/td>\n<td>\ud83d\udd1d Maximen<\/td>\n<\/tr>\n<tr>\n<td>Versandrabatte<\/td>\n<td>50% Rabatt<\/td>\n<td>75% Rabatt<\/td>\n<td>Kostenloser Versand<\/td>\n<\/tr>\n<tr>\n<td>J\u00e4hrliche Treuepr\u00e4mien<\/td>\n<td>Detail oder Bonus<\/td>\n<td>Detail oder Bonus<\/td>\n<td>Geschenkgutschein oder Produkt<\/td>\n<\/tr>\n<tr>\n<td>Einladung zu exklusiven Events<\/td>\n<td>\u2013<\/td>\n<td>\u2705<\/td>\n<td>\u2705<\/td>\n<\/tr>\n<tr>\n<td>Vorrangige kommerzielle Aufmerksamkeit<\/td>\n<td>Bevorzugter Kanal<\/td>\n<td>Priorit\u00e4tskanal<\/td>\n<td>Engagierter Berater<\/td>\n<\/tr>\n<tr>\n<td>Zugang zu technischen Schulungen<\/td>\n<td>\u2013<\/td>\n<td>\u2705<\/td>\n<td>\u2705<\/td>\n<\/tr>\n<\/tbody>\n<\/table>\n\t\t\t<\/div>","protected":false},"excerpt":{"rendered":"","protected":false},"author":1,"featured_media":0,"parent":0,"menu_order":0,"comment_status":"closed","ping_status":"closed","template":"","meta":{"_acf_changed":false,"_joinchat":[],"footnotes":""},"folder":[],"class_list":["post-31013","page","type-page","status-publish","hentry"],"acf":[],"jetpack_sharing_enabled":true,"_links":{"self":[{"href":"https:\/\/ventanastock.es\/de\/wp-json\/wp\/v2\/pages\/31013","targetHints":{"allow":["GET"]}}],"collection":[{"href":"https:\/\/ventanastock.es\/de\/wp-json\/wp\/v2\/pages"}],"about":[{"href":"https:\/\/ventanastock.es\/de\/wp-json\/wp\/v2\/types\/page"}],"author":[{"embeddable":true,"href":"https:\/\/ventanastock.es\/de\/wp-json\/wp\/v2\/users\/1"}],"replies":[{"embeddable":true,"href":"https:\/\/ventanastock.es\/de\/wp-json\/wp\/v2\/comments?post=31013"}],"version-history":[{"count":44,"href":"https:\/\/ventanastock.es\/de\/wp-json\/wp\/v2\/pages\/31013\/revisions"}],"predecessor-version":[{"id":39693,"href":"https:\/\/ventanastock.es\/de\/wp-json\/wp\/v2\/pages\/31013\/revisions\/39693"}],"wp:attachment":[{"href":"https:\/\/ventanastock.es\/de\/wp-json\/wp\/v2\/media?parent=31013"}],"wp:term":[{"taxonomy":"folder","embeddable":true,"href":"https:\/\/ventanastock.es\/de\/wp-json\/wp\/v2\/folder?post=31013"}],"curies":[{"name":"wp","href":"https:\/\/api.w.org\/{rel}","templated":true}]}}