    {"id":17418,"date":"2022-06-09T12:25:38","date_gmt":"2022-06-09T11:25:38","guid":{"rendered":"https:\/\/ventanastock.es\/?post_type=product&#038;p=17418"},"modified":"2026-05-08T13:33:08","modified_gmt":"2026-05-08T11:33:08","slug":"ventana-pvc-practicable-oscilobatiente-derecha-500x700-1h-con-vidrio-carglass-2","status":"publish","type":"product","link":"https:\/\/ventanastock.es\/de\/produkt\/ventana-pvc-practicable-oscilobatiente-derecha-500x700-1h-con-vidrio-carglass-2\/","title":{"rendered":"Right Tilt &amp; Turn Praktisches PVC-Fenster 500X700 1h mit Glasglas"},"content":{"rendered":"<p><strong>Die Bilder der auf dieser Website gezeigten Produkte k\u00f6nnen einige Abweichungen in Bezug auf das physische Produkt aufweisen.<\/strong><\/p>\n<p><strong>Produktbeschreibung:<\/strong> Unser System ist eine neue Generation von Profilen, die heute den Anforderungen gerecht werden <strong>Anforderungen<\/strong> f\u00fcr die Fenster der Zukunft. Sie kombinieren Technologie <strong>Modernstes mit h\u00f6chstem Komfort<\/strong> f\u00fcr den Wohnungsbau. Die robuste Konstruktion der Profile mit einer Breite von <strong>70mm<\/strong> und gro\u00dfe Kammern f\u00fcr Stahlverst\u00e4rkungen garantieren optimale statische Parameter und <strong>den Bau zulassen<\/strong> von gro\u00dfen Fenstern.<\/p>\n<p><strong>Profiltyp: <\/strong><\/p>\n<ul>\n<li style=\"list-style-type: none;\">\n<ul>\n<li><strong>Material:<\/strong> Hochwertiges PVC mit hervorragender W\u00e4rme- und Schalld\u00e4mmung.<\/li>\n<li><strong>Beenden:<\/strong> \u00c4sthetisch, modern und pflegeleicht.<\/li>\n<\/ul>\n<\/li>\n<\/ul>\n<p><strong>Glas: <\/strong>Intelligentes Glas 4\/16\/4<strong> Niedrige Emission mit Argongas + Solarsteuerung\u00a0<\/strong>Dies erm\u00f6glicht eine st\u00e4rkere Reduzierung des Heiz- und Klimaanlagenverbrauchs<strong><span data-contrast=\"auto\"><b>. Carglass Mattglas.<\/b><\/span><\/strong><\/p>\n<p><strong>\u00d6ffnungstyp:<\/strong><\/p>\n<ul>\n<li style=\"list-style-type: none;\">\n<ul>\n<li><b><span data-contrast=\"auto\">M\u00f6glich<\/span><\/b><span data-contrast=\"auto\">: Das Fenster \u00f6ffnet sich auf traditionelle Weise zum Innenraum und bietet einfachen Zugang zum L\u00fcften und Reinigen.<\/span><span data-ccp-props=\"{&quot;134233117&quot;:false,&quot;134233118&quot;:false,&quot;335559738&quot;:0,&quot;335559739&quot;:0}\">\u00a0<\/span><\/li>\n<li><b><span data-contrast=\"auto\">Kippen und drehen<\/span><\/b><span data-contrast=\"auto\">: Erm\u00f6glicht das \u00d6ffnen des Fensters von oben und gew\u00e4hrleistet so eine kontrollierte Bel\u00fcftung ohne die Gefahr des Eindringens von Regen. Ideal, um die Luft frisch zu halten, ohne die Sicherheit oder Privatsph\u00e4re zu beeintr\u00e4chtigen.<\/span><span data-ccp-props=\"{&quot;134233117&quot;:false,&quot;134233118&quot;:false,&quot;335559738&quot;:0,&quot;335559739&quot;:0}\">\u00a0<\/span><\/li>\n<\/ul>\n<\/li>\n<\/ul>\n<p><b><span data-contrast=\"auto\">Schlie\u00dfsystem:<\/span><\/b><\/p>\n<ul>\n<li style=\"list-style-type: none;\">\n<ul>\n<li><b><span data-contrast=\"auto\">Cremone aus PVC<\/span><\/b><span data-contrast=\"auto\">\u00a0mit\u00a0<\/span><b><span data-contrast=\"auto\">drei Positionen<\/span><\/b><span data-contrast=\"auto\">: geschlossen, praktikabel und dreh- und kippbar.<\/span><\/li>\n<li><span data-contrast=\"auto\">Mehrere Verriegelungspunkte f\u00fcr zus\u00e4tzliche Sicherheit und dichte Abdichtung.<\/span><span data-ccp-props=\"{&quot;134233117&quot;:false,&quot;134233118&quot;:false,&quot;335559738&quot;:0,&quot;335559739&quot;:0}\">\u00a0<\/span><span data-ccp-props=\"{&quot;134233117&quot;:false,&quot;134233118&quot;:false,&quot;335559738&quot;:0,&quot;335559739&quot;:0}\">\u00a0<\/span><\/li>\n<\/ul>\n<\/li>\n<\/ul>\n<p><strong>Sicherheit:<\/strong>\u00a0Schlie\u00dfsystem inklusive <strong><b><span data-contrast=\"auto\">versteckte Pins <\/span><\/b><\/strong>an der Ober- und Unterseite sorgen f\u00fcr zus\u00e4tzliche Sicherheit. Je nach Gr\u00f6\u00dfe kann das System zwischen integrieren <strong><b><span data-contrast=\"auto\">zwei und vier Schlusspunkte<\/span><\/b><span data-contrast=\"auto\">.<\/span><\/strong><\/p>\n<p><b><span data-contrast=\"auto\">Regelung und Zubeh\u00f6r:<\/span><\/b> Dreidimensionale Anpassung im Hardwaresystem f\u00fcr eine pr\u00e4zise und dauerhafte Passform. Es erm\u00f6glicht die Druckregulierung und horizontale Bewegung der Scharniere. Es verf\u00fcgt au\u00dferdem \u00fcber einen seitlichen Kompass, der die \u00d6ffnung begrenzt.<\/p>\n<p><strong>\u00c4sthetik:<\/strong> \u00c4sthetische und hochwertige Verglasungsfugen. Die 15-Grad-Fase der Rahmen- und Fl\u00fcgelkante sorgt f\u00fcr einen optimalen Wasserablauf. Die kompakte Struktur, filigrane Rundungen und Schr\u00e4gen verleihen den Profilen eine moderne und elegante Optik.<\/p>\n<p><strong>Unsere Produkte zeichnen sich durch einfache Wartung, hervorragende W\u00e4rme- und Schalld\u00e4mmung und lange Haltbarkeit aus. Sie sind feuchtigkeits- und korrosionsbest\u00e4ndig, was dazu beitr\u00e4gt, die Kosten f\u00fcr Heizung und Klimaanlage zu senken.<\/strong><\/p>","protected":false},"excerpt":{"rendered":"<p><b>LIEFERUNG IN 24\/48 STUNDEN<\/b><\/p>\n<p><strong>NEUES PRODUKT MIT BESSERER QUALIT\u00c4T<\/strong><\/p>\n<ul>\n<li><b><span data-contrast=\"auto\">Profilerstellung<\/span><\/b><span data-contrast=\"auto\">:<\/span> 5 Kammern und 70 mm Breite sorgen f\u00fcr optimale W\u00e4rme- und Schalld\u00e4mmung (1,4 W\/m2K)<strong>.<\/strong><\/li>\n<li><strong>\u00d6ffnung: <\/strong>Blick von innen<strong>\u00a0nach rechts. Dadurch wird ein \u00d6ffnen von au\u00dfen verhindert.\u00a0<\/strong>Erm\u00f6glicht das \u00d6ffnen<strong> oszillierend (geneigt) <\/strong>entweder<strong> komplett faltbar<\/strong>.<\/li>\n<li><strong>Bl\u00e4tter<\/strong>: Das Fenster hat <strong>ein Blatt<\/strong><\/li>\n<li><strong>Ma\u00dfe: Breite<\/strong> (500 mm) x <strong>Hoch<\/strong> (700 mm).<\/li>\n<li><b><span data-contrast=\"auto\">Glas<\/span><\/b><span data-contrast=\"auto\">: Bestehend aus Glas <strong>16.04.4 Niedrige Emissionen mit Argongas + Solarsteuerung\u00a0<\/strong>Dies erm\u00f6glicht eine st\u00e4rkere Reduzierung des Heiz- und Klimaanlagenverbrauchs<strong><b>. Carglass Mattglas.<\/b><\/strong><\/span><\/li>\n<li><strong>Schlie\u00dfen: <\/strong>PVC-Camouflage-System mit<strong><span data-contrast=\"auto\">\u00a0drei<\/span><b><span data-contrast=\"auto\">s Positionen<\/span><\/b><span data-contrast=\"auto\">: geschlossen, praktikabel und dreh- und kippbar.<\/span><\/strong><\/li>\n<li><b><span data-contrast=\"auto\">Sicherheit: <\/span><\/b>System mit mehreren Schlie\u00dfpunkten und versteckten Stiften, das zus\u00e4tzlichen Schutz garantiert.<\/li>\n<li><b><span data-contrast=\"auto\">Verordnung<\/span><\/b><span data-contrast=\"auto\">: Dreidimensionale Anpassung, <\/span><b><span data-contrast=\"auto\">Regulierung erm\u00f6glichen<\/span><\/b><span data-contrast=\"auto\"> sowohl an den Schlie\u00dfpunkten als auch in den anderen Teilen des Systems.<\/span><\/li>\n<li><strong>Design<\/strong>: Gew\u00e4hrleistet eine gute \u00c4sthetik mit dauerhaften Dichtungen, effizienten Verglasungsfugen und einer glatten Oberfl\u00e4che. Diese Fenster bieten Stabilit\u00e4t, Modernit\u00e4t und einfache Reinigung.<\/li>\n<\/ul>","protected":false},"featured_media":18376,"comment_status":"open","ping_status":"closed","template":"","meta":{"_acf_changed":false,"_joinchat":[],"jetpack_publicize_message":"","jetpack_publicize_feature_enabled":true,"jetpack_social_post_already_shared":false,"jetpack_social_options":{"image_generator_settings":{"template":"highway","default_image_id":0,"font":"","enabled":false},"version":2}},"product_brand":[],"product_cat":[818,1344,826,771,723],"product_tag":[152,214,211,149,148,274,810,150],"class_list":{"0":"post-17418","1":"product","2":"type-product","3":"status-publish","4":"has-post-thumbnail","6":"product_cat-pvc","7":"product_cat-shopping","8":"product_cat-ventanas-oscilobatientes","9":"product_cat-ventanas-pvc","10":"product_cat-ventanas-pvc-oscilobatientes","11":"product_tag-1-hoja","12":"product_tag-carglass","13":"product_tag-cristal-mate","14":"product_tag-derecha","15":"product_tag-practicable","16":"product_tag-pvc","17":"product_tag-pvcd0015","18":"product_tag-ventana","19":"product_shipping_class-ligeros","21":"first","22":"instock","23":"taxable","24":"shipping-taxable","25":"purchasable","26":"product-type-simple"},"acf":[],"jetpack_publicize_connections":[],"jetpack_sharing_enabled":true,"_links":{"self":[{"href":"https:\/\/ventanastock.es\/de\/wp-json\/wp\/v2\/product\/17418","targetHints":{"allow":["GET"]}}],"collection":[{"href":"https:\/\/ventanastock.es\/de\/wp-json\/wp\/v2\/product"}],"about":[{"href":"https:\/\/ventanastock.es\/de\/wp-json\/wp\/v2\/types\/product"}],"replies":[{"embeddable":true,"href":"https:\/\/ventanastock.es\/de\/wp-json\/wp\/v2\/comments?post=17418"}],"wp:featuredmedia":[{"embeddable":true,"href":"https:\/\/ventanastock.es\/de\/wp-json\/wp\/v2\/media\/18376"}],"wp:attachment":[{"href":"https:\/\/ventanastock.es\/de\/wp-json\/wp\/v2\/media?parent=17418"}],"wp:term":[{"taxonomy":"product_brand","embeddable":true,"href":"https:\/\/ventanastock.es\/de\/wp-json\/wp\/v2\/product_brand?post=17418"},{"taxonomy":"product_cat","embeddable":true,"href":"https:\/\/ventanastock.es\/de\/wp-json\/wp\/v2\/product_cat?post=17418"},{"taxonomy":"product_tag","embeddable":true,"href":"https:\/\/ventanastock.es\/de\/wp-json\/wp\/v2\/product_tag?post=17418"}],"curies":[{"name":"wp","href":"https:\/\/api.w.org\/{rel}","templated":true}]}}