    {"id":3911,"date":"2017-05-14T08:48:48","date_gmt":"2017-05-14T07:48:48","guid":{"rendered":"https:\/\/ventanastock.es\/tienda\/cremona-practicable-ln-canal-europeo-1-unidad\/"},"modified":"2024-10-11T13:09:00","modified_gmt":"2024-10-11T11:09:00","slug":"cremona-practicable-ln-canal-europeo-1-unidad","status":"publish","type":"product","link":"https:\/\/ventanastock.es\/de\/produkt\/cremona-practicable-ln-canal-europeo-1-unidad\/","title":{"rendered":"SCHWARZ LACKIERT EUROPEAN CHANNEL PRAKTISCHES CREMONE (1 EINHEIT)"},"content":{"rendered":"<p>Schwarz lackierter Cremone-Bolzen f\u00fcr praktikables Fenster des europ\u00e4ischen Kanals. Speziell f\u00fcr Stac-Hardware entwickelt.<\/p>","protected":false},"excerpt":{"rendered":"<p><strong>AUSSCHLIESSLICHE VERWENDUNG F\u00dcR VENTANSTOCK-PRODUKTE<\/strong><\/p>\n<p>Schwarz lackierter Cremone-Bolzen f\u00fcr praktikables Fenster des europ\u00e4ischen Kanals. Speziell f\u00fcr Stac-Hardware entwickelt.<\/p>","protected":false},"featured_media":11719,"comment_status":"open","ping_status":"closed","template":"","meta":{"_acf_changed":false,"_joinchat":[],"jetpack_publicize_message":"","jetpack_publicize_feature_enabled":true,"jetpack_social_post_already_shared":false,"jetpack_social_options":{"image_generator_settings":{"template":"highway","default_image_id":0,"font":"","enabled":false},"version":2}},"product_brand":[],"product_cat":[821,49],"product_tag":[234,148],"class_list":{"0":"post-3911","1":"product","2":"type-product","3":"status-publish","4":"has-post-thumbnail","6":"product_cat-accesorios","7":"product_cat-mosquiteras-y-accesorios","8":"product_tag-cremona","9":"product_tag-practicable","10":"product_shipping_class-ligeros","12":"first","13":"instock","14":"taxable","15":"shipping-taxable","16":"purchasable","17":"product-type-simple"},"acf":[],"jetpack_publicize_connections":[],"jetpack_sharing_enabled":true,"_links":{"self":[{"href":"https:\/\/ventanastock.es\/de\/wp-json\/wp\/v2\/product\/3911","targetHints":{"allow":["GET"]}}],"collection":[{"href":"https:\/\/ventanastock.es\/de\/wp-json\/wp\/v2\/product"}],"about":[{"href":"https:\/\/ventanastock.es\/de\/wp-json\/wp\/v2\/types\/product"}],"replies":[{"embeddable":true,"href":"https:\/\/ventanastock.es\/de\/wp-json\/wp\/v2\/comments?post=3911"}],"wp:featuredmedia":[{"embeddable":true,"href":"https:\/\/ventanastock.es\/de\/wp-json\/wp\/v2\/media\/11719"}],"wp:attachment":[{"href":"https:\/\/ventanastock.es\/de\/wp-json\/wp\/v2\/media?parent=3911"}],"wp:term":[{"taxonomy":"product_brand","embeddable":true,"href":"https:\/\/ventanastock.es\/de\/wp-json\/wp\/v2\/product_brand?post=3911"},{"taxonomy":"product_cat","embeddable":true,"href":"https:\/\/ventanastock.es\/de\/wp-json\/wp\/v2\/product_cat?post=3911"},{"taxonomy":"product_tag","embeddable":true,"href":"https:\/\/ventanastock.es\/de\/wp-json\/wp\/v2\/product_tag?post=3911"}],"curies":[{"name":"wp","href":"https:\/\/api.w.org\/{rel}","templated":true}]}}