    {"id":4231,"date":"2017-09-07T10:11:50","date_gmt":"2017-09-07T09:11:50","guid":{"rendered":"https:\/\/ventanastock.es\/?post_type=product&#038;p=4231"},"modified":"2026-05-08T13:08:53","modified_gmt":"2026-05-08T11:08:53","slug":"puerta-balconera-aluminio-practicable-izquierda-800x2000-1h","status":"publish","type":"product","link":"https:\/\/ventanastock.es\/de\/produkt\/puerta-balconera-aluminio-practicable-izquierda-800x2000-1h\/","title":{"rendered":"Linke praktikable Aluminiumbalkont\u00fcr 800X2000 1h"},"content":{"rendered":"<p>Puerta balconera practicable completamente montada.<\/p>\n<p><strong>Tipo de Perfiler\u00eda:\u00a0<\/strong><\/p>\n<ul>\n<li style=\"list-style-type: none;\">\n<ul>\n<li data-leveltext=\"%1.\" data-font=\"Aptos\" data-listid=\"19\" data-list-defn-props=\"{&quot;335552541&quot;:0,&quot;335559685&quot;:720,&quot;335559991&quot;:360,&quot;469769242&quot;:[65533,0],&quot;469777803&quot;:&quot;left&quot;,&quot;469777804&quot;:&quot;%1.&quot;,&quot;469777815&quot;:&quot;hybridMultilevel&quot;}\" aria-setsize=\"-1\" data-aria-posinset=\"1\" data-aria-level=\"1\"><b><span data-contrast=\"auto\">Aluminio<\/span><\/b><span data-contrast=\"auto\">, ideal para asegurar una estructura duradera y resistente.<\/span><span data-ccp-props=\"{&quot;134233117&quot;:false,&quot;134233118&quot;:false,&quot;335559738&quot;:0,&quot;335559739&quot;:0}\">\u00a0<\/span><\/li>\n<li data-leveltext=\"o\" data-font=\"Courier New\" data-listid=\"2\" data-list-defn-props=\"{&quot;335552541&quot;:1,&quot;335559685&quot;:1440,&quot;335559991&quot;:360,&quot;469769226&quot;:&quot;Courier New&quot;,&quot;469769242&quot;:[9675],&quot;469777803&quot;:&quot;left&quot;,&quot;469777804&quot;:&quot;o&quot;,&quot;469777815&quot;:&quot;hybridMultilevel&quot;}\" aria-setsize=\"-1\" data-aria-posinset=\"3\" data-aria-level=\"2\"><span data-contrast=\"auto\">Acabado <\/span><b><span data-contrast=\"auto\">elegante y moderno<\/span><\/b><span data-contrast=\"auto\">.<\/span><span data-ccp-props=\"{&quot;134233117&quot;:false,&quot;134233118&quot;:false,&quot;335559738&quot;:0,&quot;335559739&quot;:0}\">\u00a0<\/span><\/li>\n<li data-leveltext=\"o\" data-font=\"Courier New\" data-listid=\"2\" data-list-defn-props=\"{&quot;335552541&quot;:1,&quot;335559685&quot;:1440,&quot;335559991&quot;:360,&quot;469769226&quot;:&quot;Courier New&quot;,&quot;469769242&quot;:[9675],&quot;469777803&quot;:&quot;left&quot;,&quot;469777804&quot;:&quot;o&quot;,&quot;469777815&quot;:&quot;hybridMultilevel&quot;}\" aria-setsize=\"-1\" data-aria-posinset=\"3\" data-aria-level=\"2\"><b><span data-contrast=\"auto\">Serie fr\u00eda con canal europeo.<\/span><\/b><\/li>\n<\/ul>\n<\/li>\n<\/ul>\n<p><b style=\"font-size: 14.4px;\"><span data-contrast=\"auto\">Vidrio:<\/span><\/b><span style=\"font-size: 14.4px;\" data-ccp-props=\"{&quot;134233117&quot;:false,&quot;134233118&quot;:false,&quot;335559738&quot;:0,&quot;335559739&quot;:0}\"> \u00a0<\/span><b style=\"color: #333333;\"><span data-contrast=\"auto\">Vidrio de doble acristalamiento<\/span><\/b><span style=\"color: #333333;\" data-contrast=\"auto\"> est\u00e1 compuesto por <\/span><b style=\"color: #333333;\"><span data-contrast=\"auto\">dos capas de vidrio float de 4 mm<\/span><\/b><span style=\"color: #333333;\" data-contrast=\"auto\"> y una c\u00e1mara de <\/span><b style=\"color: #333333;\"><span data-contrast=\"auto\">8 mm deshidratada.<\/span><\/b><strong style=\"color: #333333;\">\u00a0<\/strong><\/p>\n<p><b><span data-contrast=\"auto\">Tipo de Apertura:<\/span><\/b><\/p>\n<ul>\n<li style=\"list-style-type: none;\">\n<ul>\n<li><b><span data-contrast=\"auto\">Practicable<\/span><\/b><span data-contrast=\"auto\">: La ventana se abre de manera tradicional hacia el interior, ofreciendo un f\u00e1cil acceso para ventilaci\u00f3n y limpieza.<\/span><span data-ccp-props=\"{&quot;134233117&quot;:false,&quot;134233118&quot;:false,&quot;335559738&quot;:0,&quot;335559739&quot;:0}\">\u00a0<\/span><\/li>\n<\/ul>\n<\/li>\n<\/ul>\n<p><b><span data-contrast=\"auto\">Sistema de cierre:<\/span><\/b><\/p>\n<ul>\n<li style=\"list-style-type: none;\">\n<ul>\n<li><b style=\"font-size: 14.4px;\"><span data-contrast=\"auto\">Cremona de aluminio<\/span><\/b><span style=\"font-size: 14.4px;\" data-contrast=\"auto\"> con <strong>do<\/strong><\/span><b style=\"font-size: 14.4px;\"><span data-contrast=\"auto\"><strong>s<\/strong> posiciones<\/span><\/b><span style=\"font-size: 14.4px;\" data-contrast=\"auto\">: cerrado y practicable.<\/span><\/li>\n<li><span data-contrast=\"auto\">M\u00faltiples puntos de cierre para mayor seguridad y sellado herm\u00e9tico.<\/span><span data-ccp-props=\"{&quot;134233117&quot;:false,&quot;134233118&quot;:false,&quot;335559738&quot;:0,&quot;335559739&quot;:0}\">\u00a0<\/span><\/li>\n<li><span data-contrast=\"auto\">En caso de balconera, se le suma a los puntos un tercer cierre de punto<\/span> <span data-contrast=\"auto\">intermedio<\/span>.<\/li>\n<\/ul>\n<\/li>\n<\/ul>\n<p><b><span data-contrast=\"auto\">Seguridad:<\/span><\/b> <span style=\"color: #333333;\">El sistema de cierre incluye <b style=\"color: #333333;\"><span data-contrast=\"auto\">pasadores ocultos<\/span><\/b> en la parte superior e inferior, brindan una mayor seguridad sin comprometer la est\u00e9tica. En funci\u00f3n del tama\u00f1o, el sistema puede incorporar entre <b style=\"color: #333333;\"><span data-contrast=\"auto\">dos y cuatro puntos de cierre<\/span><\/b>.<\/span><\/p>\n<p><b><span data-contrast=\"auto\">Regulaci\u00f3n y Accesorios:<\/span><\/b> Regulaci\u00f3n tridimensional en el sistema de herraje para un ajuste preciso y duradero. Permite una regulaci\u00f3n en presi\u00f3n y en las bisagras un desplazamiento horizontal. Tambi\u00e9n dispone de compas lateral que limita la apertura.<\/p>\n","protected":false},"excerpt":{"rendered":"<p><b>ENTREGA EN 24\/48 HORAS<\/b><\/p>\n<p>Puerta balconera practicable completamente montada.<\/p>\n<ul>\n<li data-leveltext=\"\uf0b7\" data-font=\"Symbol\" data-listid=\"17\" data-list-defn-props=\"{&quot;335552541&quot;:1,&quot;335559685&quot;:720,&quot;335559991&quot;:360,&quot;469769226&quot;:&quot;Symbol&quot;,&quot;469769242&quot;:[8226],&quot;469777803&quot;:&quot;left&quot;,&quot;469777804&quot;:&quot;\uf0b7&quot;,&quot;469777815&quot;:&quot;hybridMultilevel&quot;}\" aria-setsize=\"-1\" data-aria-posinset=\"7\" data-aria-level=\"1\"><b><span data-contrast=\"auto\">Perfiler\u00eda<\/span><\/b><span data-contrast=\"auto\">:<\/span> El grosor de nuestras ventanas es de <strong>40 mm<\/strong>.<\/li>\n<li data-leveltext=\"\uf0b7\" data-font=\"Symbol\" data-listid=\"17\" data-list-defn-props=\"{&quot;335552541&quot;:1,&quot;335559685&quot;:720,&quot;335559991&quot;:360,&quot;469769226&quot;:&quot;Symbol&quot;,&quot;469769242&quot;:[8226],&quot;469777803&quot;:&quot;left&quot;,&quot;469777804&quot;:&quot;\uf0b7&quot;,&quot;469777815&quot;:&quot;hybridMultilevel&quot;}\" aria-setsize=\"-1\" data-aria-posinset=\"7\" data-aria-level=\"1\"><strong>Apertura:<\/strong> Vista <strong>desde el interior<\/strong> hacia la izquierda.\u00a0Lo que <strong>impide su apertura<\/strong> desde el exterior.<\/li>\n<li data-leveltext=\"\uf0b7\" data-font=\"Symbol\" data-listid=\"17\" data-list-defn-props=\"{&quot;335552541&quot;:1,&quot;335559685&quot;:720,&quot;335559991&quot;:360,&quot;469769226&quot;:&quot;Symbol&quot;,&quot;469769242&quot;:[8226],&quot;469777803&quot;:&quot;left&quot;,&quot;469777804&quot;:&quot;\uf0b7&quot;,&quot;469777815&quot;:&quot;hybridMultilevel&quot;}\" aria-setsize=\"-1\" data-aria-posinset=\"7\" data-aria-level=\"1\"><strong>Hojas<\/strong>: La ventana dispone de <strong>una hoja.<\/strong><\/li>\n<li data-leveltext=\"\uf0b7\" data-font=\"Symbol\" data-listid=\"17\" data-list-defn-props=\"{&quot;335552541&quot;:1,&quot;335559685&quot;:720,&quot;335559991&quot;:360,&quot;469769226&quot;:&quot;Symbol&quot;,&quot;469769242&quot;:[8226],&quot;469777803&quot;:&quot;left&quot;,&quot;469777804&quot;:&quot;\uf0b7&quot;,&quot;469777815&quot;:&quot;hybridMultilevel&quot;}\" aria-setsize=\"-1\" data-aria-posinset=\"7\" data-aria-level=\"1\"><strong>Medidas: Ancho<\/strong> (800 mm) x <strong>Alto<\/strong> (2000 mm).<\/li>\n<li data-leveltext=\"\uf0b7\" data-font=\"Symbol\" data-listid=\"17\" data-list-defn-props=\"{&quot;335552541&quot;:1,&quot;335559685&quot;:720,&quot;335559991&quot;:360,&quot;469769226&quot;:&quot;Symbol&quot;,&quot;469769242&quot;:[8226],&quot;469777803&quot;:&quot;left&quot;,&quot;469777804&quot;:&quot;\uf0b7&quot;,&quot;469777815&quot;:&quot;hybridMultilevel&quot;}\" aria-setsize=\"-1\" data-aria-posinset=\"7\" data-aria-level=\"1\"><b><span data-contrast=\"auto\">Vidrio<\/span><\/b><span data-contrast=\"auto\">: Compuesto por <\/span><b><span data-contrast=\"auto\">dos capas de vidrio float de 4 mm<\/span><\/b><span data-contrast=\"auto\"> y una <\/span><b><span data-contrast=\"auto\">c\u00e1mara deshidratada de 8 mm<\/span><\/b><span data-contrast=\"auto\">, con <\/span><b><span data-contrast=\"auto\">doble acristalamiento.<\/span><\/b><\/li>\n<li data-leveltext=\"\uf0b7\" data-font=\"Symbol\" data-listid=\"17\" data-list-defn-props=\"{&quot;335552541&quot;:1,&quot;335559685&quot;:720,&quot;335559991&quot;:360,&quot;469769226&quot;:&quot;Symbol&quot;,&quot;469769242&quot;:[8226],&quot;469777803&quot;:&quot;left&quot;,&quot;469777804&quot;:&quot;\uf0b7&quot;,&quot;469777815&quot;:&quot;hybridMultilevel&quot;}\" aria-setsize=\"-1\" data-aria-posinset=\"7\" data-aria-level=\"1\"><b><span data-contrast=\"auto\">Cierre: <\/span><\/b>Con mecanismo de cierre que<strong> ofrece una seguridad adicional<\/strong> con varios puntos de cierre, que garantizan un sellado herm\u00e9tico.<\/li>\n<li><b><span data-contrast=\"auto\">Seguridad: <\/span><\/b><span data-contrast=\"auto\">Desde dos a cuatro puntos y pasadores ocultos.<\/span><\/li>\n<li><b><span data-contrast=\"auto\">Regulaci\u00f3n<\/span><\/b><span data-contrast=\"auto\">: Ajuste tridimensional, <\/span><b><span data-contrast=\"auto\">permitiendo regulaci\u00f3n<\/span><\/b><span data-contrast=\"auto\"> tanto en los puntos de cierre como en las dem\u00e1s partes del sistema.<\/span><\/li>\n<\/ul>\n","protected":false},"featured_media":21798,"comment_status":"open","ping_status":"closed","template":"","meta":{"_acf_changed":false,"_joinchat":[],"jetpack_publicize_message":"","jetpack_publicize_feature_enabled":true,"jetpack_social_post_already_shared":false,"jetpack_social_options":{"image_generator_settings":{"template":"highway","default_image_id":0,"font":"","enabled":false},"version":2}},"product_brand":[],"product_cat":[817,770,106,829,1344,1345],"product_tag":[310,152,270,311,147,157,153,148,159],"class_list":{"0":"post-4231","1":"product","2":"type-product","3":"status-publish","4":"has-post-thumbnail","6":"product_cat-aluminio","7":"product_cat-balconeras-aluminio","8":"product_cat-balconeras-aluminio-practicables","9":"product_cat-puertas-balconeras","10":"product_cat-shopping","11":"product_cat-shopping-ads","12":"product_tag-310","13":"product_tag-1-hoja","14":"product_tag-80-cm","15":"product_tag-alb0032","16":"product_tag-aluminio","17":"product_tag-balconera","18":"product_tag-izquierda","19":"product_tag-practicable","20":"product_tag-puerta","21":"product_shipping_class-pesados","23":"first","24":"instock","25":"taxable","26":"shipping-taxable","27":"purchasable","28":"product-type-simple"},"acf":[],"jetpack_publicize_connections":[],"jetpack_sharing_enabled":true,"_links":{"self":[{"href":"https:\/\/ventanastock.es\/de\/wp-json\/wp\/v2\/product\/4231","targetHints":{"allow":["GET"]}}],"collection":[{"href":"https:\/\/ventanastock.es\/de\/wp-json\/wp\/v2\/product"}],"about":[{"href":"https:\/\/ventanastock.es\/de\/wp-json\/wp\/v2\/types\/product"}],"replies":[{"embeddable":true,"href":"https:\/\/ventanastock.es\/de\/wp-json\/wp\/v2\/comments?post=4231"}],"wp:featuredmedia":[{"embeddable":true,"href":"https:\/\/ventanastock.es\/de\/wp-json\/wp\/v2\/media\/21798"}],"wp:attachment":[{"href":"https:\/\/ventanastock.es\/de\/wp-json\/wp\/v2\/media?parent=4231"}],"wp:term":[{"taxonomy":"product_brand","embeddable":true,"href":"https:\/\/ventanastock.es\/de\/wp-json\/wp\/v2\/product_brand?post=4231"},{"taxonomy":"product_cat","embeddable":true,"href":"https:\/\/ventanastock.es\/de\/wp-json\/wp\/v2\/product_cat?post=4231"},{"taxonomy":"product_tag","embeddable":true,"href":"https:\/\/ventanastock.es\/de\/wp-json\/wp\/v2\/product_tag?post=4231"}],"curies":[{"name":"wp","href":"https:\/\/api.w.org\/{rel}","templated":true}]}}