    {"id":4470,"date":"2018-01-06T12:47:48","date_gmt":"2018-01-06T11:47:48","guid":{"rendered":"https:\/\/ventanastock.es\/?post_type=product&#038;p=4470"},"modified":"2026-04-22T07:57:53","modified_gmt":"2026-04-22T05:57:53","slug":"ventana-pvc-practicable-oscilobatiente-izquierda-con-persiana-700x1155-1hoja","status":"publish","type":"product","link":"https:\/\/ventanastock.es\/de\/produkt\/ventana-pvc-practicable-oscilobatiente-izquierda-con-persiana-700x1155-1hoja\/","title":{"rendered":"Praktisches PVC-Fenster zum Neigen und Drehen nach links mit Blind 700X1155 1 Blatt"},"content":{"rendered":"<p><strong>Die Bilder der auf dieser Website gezeigten Produkte k\u00f6nnen einige Abweichungen in Bezug auf das physische Produkt aufweisen.<\/strong><\/p>\n<p><strong>Produktbeschreibung:<\/strong> Unser System ist eine neue Generation von Profilen, die heute den Anforderungen gerecht werden <strong>Anforderungen<\/strong> f\u00fcr die Fenster der Zukunft. Sie kombinieren Technologie <strong>Modernstes mit h\u00f6chstem Komfort<\/strong> f\u00fcr den Wohnungsbau. Die robuste Konstruktion der Profile mit einer Breite von <strong>70mm<\/strong> ohne Rollladenkasten und <strong>97 mm<\/strong> mit Rollladenkasten und gro\u00dfen Kammern f\u00fcr Stahlbewehrung garantieren optimale statische Parameter und <strong>den Bau zulassen<\/strong> von gro\u00dfen Fenstern.<\/p>\n<p><strong>Profiltyp: <\/strong><\/p>\n<ul>\n<li style=\"list-style-type: none;\">\n<ul>\n<li><strong>Material:<\/strong> Hochwertiges PVC mit hervorragender W\u00e4rme- und Schalld\u00e4mmung.<\/li>\n<li><strong>Beenden:<\/strong> \u00c4sthetisch, modern und pflegeleicht.<\/li>\n<\/ul>\n<\/li>\n<\/ul>\n<p><strong>Glas: <\/strong>Intelligentes Glas 4\/16\/4<strong> Niedrige Emission mit Argongas + Solarsteuerung\u00a0<\/strong>Dies erm\u00f6glicht eine st\u00e4rkere Reduzierung des Heiz- und Klimaanlagenverbrauchs<strong><span data-contrast=\"auto\"><b>.<\/b><\/span><\/strong><\/p>\n<p><strong>\u00d6ffnungstyp:<\/strong><\/p>\n<ul>\n<li style=\"list-style-type: none;\">\n<ul>\n<li><b><span data-contrast=\"auto\">M\u00f6glich<\/span><\/b><span data-contrast=\"auto\">: Das Fenster \u00f6ffnet sich auf traditionelle Weise zum Innenraum und bietet einfachen Zugang zum L\u00fcften und Reinigen.<\/span><span data-ccp-props=\"{&quot;134233117&quot;:false,&quot;134233118&quot;:false,&quot;335559738&quot;:0,&quot;335559739&quot;:0}\">\u00a0<\/span><\/li>\n<li><b><span data-contrast=\"auto\">Kippen und drehen<\/span><\/b><span data-contrast=\"auto\">: Erm\u00f6glicht das \u00d6ffnen des Fensters von oben und gew\u00e4hrleistet so eine kontrollierte Bel\u00fcftung ohne die Gefahr des Eindringens von Regen. Ideal, um die Luft frisch zu halten, ohne die Sicherheit oder Privatsph\u00e4re zu beeintr\u00e4chtigen.<\/span><span data-ccp-props=\"{&quot;134233117&quot;:false,&quot;134233118&quot;:false,&quot;335559738&quot;:0,&quot;335559739&quot;:0}\">\u00a0<\/span><\/li>\n<\/ul>\n<\/li>\n<\/ul>\n<p><b><span data-contrast=\"auto\">Schlie\u00dfsystem:<\/span><\/b><\/p>\n<ul>\n<li style=\"list-style-type: none;\">\n<ul>\n<li><b><span data-contrast=\"auto\">Cremone aus PVC<\/span><\/b><span data-contrast=\"auto\">\u00a0mit\u00a0<\/span><b><span data-contrast=\"auto\">drei Positionen<\/span><\/b><span data-contrast=\"auto\">: geschlossen, praktikabel und dreh- und kippbar.<\/span><\/li>\n<li><span data-contrast=\"auto\">Mehrere Verriegelungspunkte f\u00fcr zus\u00e4tzliche Sicherheit und dichte Abdichtung.<\/span><span data-ccp-props=\"{&quot;134233117&quot;:false,&quot;134233118&quot;:false,&quot;335559738&quot;:0,&quot;335559739&quot;:0}\">\u00a0<\/span><\/li>\n<\/ul>\n<\/li>\n<\/ul>\n<p><strong>Rollo (PVC):<\/strong><\/p>\n<ul>\n<li style=\"list-style-type: none;\">\n<ul>\n<li><strong style=\"color: #333333;\">PVC-Jalousie<\/strong><span style=\"color: #333333;\">\u00a0integriert und bietet Sonnenschutz und Privatsph\u00e4re.<\/span><\/li>\n<li>Er\u00a0<strong>PVC-Material<\/strong>\u00a0sorgt f\u00fcr Langlebigkeit, Wartungsfreundlichkeit und zus\u00e4tzliche Isolierung.<\/li>\n<\/ul>\n<\/li>\n<\/ul>\n<p><strong>Sicherheit:<\/strong>\u00a0Schlie\u00dfsystem inklusive <strong><b><span data-contrast=\"auto\">versteckte Pins <\/span><\/b><\/strong>an der Ober- und Unterseite sorgen f\u00fcr zus\u00e4tzliche Sicherheit. Je nach Gr\u00f6\u00dfe kann das System zwischen integrieren <strong><b><span data-contrast=\"auto\">zwei und vier Schlusspunkte<\/span><\/b><span data-contrast=\"auto\">.<\/span><\/strong><\/p>\n<p><b><span data-contrast=\"auto\">Regelung und Zubeh\u00f6r:<\/span><\/b> Dreidimensionale Anpassung im Hardwaresystem f\u00fcr eine pr\u00e4zise und dauerhafte Passform. Es erm\u00f6glicht die Druckregulierung und horizontale Bewegung der Scharniere. Es verf\u00fcgt au\u00dferdem \u00fcber einen seitlichen Kompass, der die \u00d6ffnung begrenzt.<\/p>\n<p><strong>\u00c4sthetik:<\/strong> \u00c4sthetische und hochwertige Verglasungsfugen. Die 15-Grad-Fase der Rahmen- und Fl\u00fcgelkante sorgt f\u00fcr einen optimalen Wasserablauf. Die kompakte Struktur, filigrane Rundungen und Schr\u00e4gen verleihen den Profilen eine moderne und elegante Optik.<\/p>\n<p><strong>Unsere Produkte zeichnen sich durch einfache Wartung, hervorragende W\u00e4rme- und Schalld\u00e4mmung und lange Haltbarkeit aus. Sie sind feuchtigkeits- und korrosionsbest\u00e4ndig, was dazu beitr\u00e4gt, die Kosten f\u00fcr Heizung und Klimaanlage zu senken.<\/strong><\/p>","protected":false},"excerpt":{"rendered":"<p><b>ENTREGA EN 24\/48 HORAS<\/b><\/p>\n<p><strong>NUEVO PRODUCTO CON MEJORES CUALIDADES<\/strong><\/p>\n<ul>\n<li data-leveltext=\"\uf0b7\" data-font=\"Symbol\" data-listid=\"17\" data-list-defn-props=\"{&quot;335552541&quot;:1,&quot;335559685&quot;:720,&quot;335559991&quot;:360,&quot;469769226&quot;:&quot;Symbol&quot;,&quot;469769242&quot;:[8226],&quot;469777803&quot;:&quot;left&quot;,&quot;469777804&quot;:&quot;\uf0b7&quot;,&quot;469777815&quot;:&quot;hybridMultilevel&quot;}\" aria-setsize=\"-1\" data-aria-posinset=\"7\" data-aria-level=\"1\"><b><span data-contrast=\"auto\">Perfiler\u00eda<\/span><\/b><span data-contrast=\"auto\">:<\/span> 5 c\u00e1maras y <strong>70 mm<\/strong> sin caj\u00f3n y <strong>97\u00a0mm<\/strong> con caj\u00f3n del ancho aseguran un aislamiento t\u00e9rmico y ac\u00fastico \u00f3ptimo (1.4 W \/ m2K)<strong>.<\/strong><\/li>\n<li data-leveltext=\"\uf0b7\" data-font=\"Symbol\" data-listid=\"17\" data-list-defn-props=\"{&quot;335552541&quot;:1,&quot;335559685&quot;:720,&quot;335559991&quot;:360,&quot;469769226&quot;:&quot;Symbol&quot;,&quot;469769242&quot;:[8226],&quot;469777803&quot;:&quot;left&quot;,&quot;469777804&quot;:&quot;\uf0b7&quot;,&quot;469777815&quot;:&quot;hybridMultilevel&quot;}\" aria-setsize=\"-1\" data-aria-posinset=\"7\" data-aria-level=\"1\"><strong>Apertura: <\/strong>Vista\u00a0desde el interior<strong> hacia la izquierda. Lo que impide su apertura desde el exterior. <\/strong>Permite abrirla de manera<strong> oscilante (inclinada) <\/strong>o<strong> completamente abatible<\/strong>.<\/li>\n<li data-leveltext=\"\uf0b7\" data-font=\"Symbol\" data-listid=\"17\" data-list-defn-props=\"{&quot;335552541&quot;:1,&quot;335559685&quot;:720,&quot;335559991&quot;:360,&quot;469769226&quot;:&quot;Symbol&quot;,&quot;469769242&quot;:[8226],&quot;469777803&quot;:&quot;left&quot;,&quot;469777804&quot;:&quot;\uf0b7&quot;,&quot;469777815&quot;:&quot;hybridMultilevel&quot;}\" aria-setsize=\"-1\" data-aria-posinset=\"7\" data-aria-level=\"1\"><strong>Hojas<\/strong>: La ventana dispone de <strong>una hoja.<\/strong><\/li>\n<li data-leveltext=\"\uf0b7\" data-font=\"Symbol\" data-listid=\"17\" data-list-defn-props=\"{&quot;335552541&quot;:1,&quot;335559685&quot;:720,&quot;335559991&quot;:360,&quot;469769226&quot;:&quot;Symbol&quot;,&quot;469769242&quot;:[8226],&quot;469777803&quot;:&quot;left&quot;,&quot;469777804&quot;:&quot;\uf0b7&quot;,&quot;469777815&quot;:&quot;hybridMultilevel&quot;}\" aria-setsize=\"-1\" data-aria-posinset=\"7\" data-aria-level=\"1\"><strong>Medidas: Ancho<\/strong> (700 mm) x <strong>Alto<\/strong> (1155 mm).<\/li>\n<li data-leveltext=\"\uf0b7\" data-font=\"Symbol\" data-listid=\"17\" data-list-defn-props=\"{&quot;335552541&quot;:1,&quot;335559685&quot;:720,&quot;335559991&quot;:360,&quot;469769226&quot;:&quot;Symbol&quot;,&quot;469769242&quot;:[8226],&quot;469777803&quot;:&quot;left&quot;,&quot;469777804&quot;:&quot;\uf0b7&quot;,&quot;469777815&quot;:&quot;hybridMultilevel&quot;}\" aria-setsize=\"-1\" data-aria-posinset=\"7\" data-aria-level=\"1\"><b><span data-contrast=\"auto\">Vidrio<\/span><\/b><span data-contrast=\"auto\">: Compuesto por un vidrio <strong>4\/16\/4 Bajo Emisivo con Gas Arg\u00f3n + Control Solar\u00a0<\/strong>que permite una mayor reducci\u00f3n del consumo de calefacci\u00f3n y del aire acondicionado<strong><b>.\u00a0<\/b><\/strong><\/span><\/li>\n<li><b><span data-contrast=\"auto\">Persiana PVC:\u00a0<\/span><\/b><span data-contrast=\"auto\">Persiana integrada en el sistema,\u00a0<\/span><b><span data-contrast=\"auto\">fabricada en PVC.<\/span><\/b><\/li>\n<li data-leveltext=\"\uf0b7\" data-font=\"Symbol\" data-listid=\"17\" data-list-defn-props=\"{&quot;335552541&quot;:1,&quot;335559685&quot;:720,&quot;335559991&quot;:360,&quot;469769226&quot;:&quot;Symbol&quot;,&quot;469769242&quot;:[8226],&quot;469777803&quot;:&quot;left&quot;,&quot;469777804&quot;:&quot;\uf0b7&quot;,&quot;469777815&quot;:&quot;hybridMultilevel&quot;}\" aria-setsize=\"-1\" data-aria-posinset=\"7\" data-aria-level=\"1\"><strong>Cierre: <\/strong>Sistema de cremona de PVC con<strong><span data-contrast=\"auto\">\u00a0tre<\/span><b><span data-contrast=\"auto\">s posiciones<\/span><\/b><span data-contrast=\"auto\">: cerrado, practicable y oscilobatiente.<\/span><\/strong><\/li>\n<li><b><span data-contrast=\"auto\">Seguridad: <\/span><\/b>Sistema con varios puntos de cierre y pasadores ocultos, garantizando protecci\u00f3n adicional.<\/li>\n<li><b><span data-contrast=\"auto\">Regulaci\u00f3n<\/span><\/b><span data-contrast=\"auto\">: Ajuste tridimensional, <\/span><b><span data-contrast=\"auto\">permitiendo regulaci\u00f3n<\/span><\/b><span data-contrast=\"auto\"> tanto en los puntos de cierre como en las dem\u00e1s partes del sistema.<\/span><\/li>\n<li><strong>Dise\u00f1o<\/strong>: Garantiza una est\u00e9tica adecuada con sellos duraderos, juntas de acristalamiento eficientes y superficie lisa. Estas ventanas ofrecen firmeza, modernidad y f\u00e1cil limpieza.<\/li>\n<\/ul>\n","protected":false},"featured_media":19040,"comment_status":"closed","ping_status":"closed","template":"","meta":{"_acf_changed":false,"_joinchat":[],"jetpack_publicize_message":"","jetpack_publicize_feature_enabled":true,"jetpack_social_post_already_shared":false,"jetpack_social_options":{"image_generator_settings":{"template":"highway","default_image_id":0,"font":"","enabled":false},"version":2}},"product_brand":[],"product_cat":[818,1344,826,771,723],"product_tag":[353,152,153,148,274,287,150],"class_list":{"0":"post-4470","1":"product","2":"type-product","3":"status-publish","4":"has-post-thumbnail","6":"product_cat-pvc","7":"product_cat-shopping","8":"product_cat-ventanas-oscilobatientes","9":"product_cat-ventanas-pvc","10":"product_cat-ventanas-pvc-oscilobatientes","11":"product_tag-353","12":"product_tag-1-hoja","13":"product_tag-izquierda","14":"product_tag-practicable","15":"product_tag-pvc","16":"product_tag-pvcb0006","17":"product_tag-ventana","18":"product_shipping_class-ligeros","20":"first","21":"instock","22":"taxable","23":"shipping-taxable","24":"purchasable","25":"product-type-simple"},"acf":[],"jetpack_publicize_connections":[],"jetpack_sharing_enabled":true,"_links":{"self":[{"href":"https:\/\/ventanastock.es\/de\/wp-json\/wp\/v2\/product\/4470","targetHints":{"allow":["GET"]}}],"collection":[{"href":"https:\/\/ventanastock.es\/de\/wp-json\/wp\/v2\/product"}],"about":[{"href":"https:\/\/ventanastock.es\/de\/wp-json\/wp\/v2\/types\/product"}],"replies":[{"embeddable":true,"href":"https:\/\/ventanastock.es\/de\/wp-json\/wp\/v2\/comments?post=4470"}],"wp:featuredmedia":[{"embeddable":true,"href":"https:\/\/ventanastock.es\/de\/wp-json\/wp\/v2\/media\/19040"}],"wp:attachment":[{"href":"https:\/\/ventanastock.es\/de\/wp-json\/wp\/v2\/media?parent=4470"}],"wp:term":[{"taxonomy":"product_brand","embeddable":true,"href":"https:\/\/ventanastock.es\/de\/wp-json\/wp\/v2\/product_brand?post=4470"},{"taxonomy":"product_cat","embeddable":true,"href":"https:\/\/ventanastock.es\/de\/wp-json\/wp\/v2\/product_cat?post=4470"},{"taxonomy":"product_tag","embeddable":true,"href":"https:\/\/ventanastock.es\/de\/wp-json\/wp\/v2\/product_tag?post=4470"}],"curies":[{"name":"wp","href":"https:\/\/api.w.org\/{rel}","templated":true}]}}