    {"id":7612,"date":"2019-09-09T19:25:03","date_gmt":"2019-09-09T18:25:03","guid":{"rendered":"https:\/\/ventanastock.es\/?post_type=product&#038;p=7612"},"modified":"2025-10-16T13:41:28","modified_gmt":"2025-10-16T11:41:28","slug":"balconera-aluminio-rpt-practicable-oscilobatiente-izquierda-con-persiana-motorizada-y-con-lamas-de-aluminio-800x2185-1hoja-guias-y-cajon-persiana-preparado-en-kit-copia","status":"publish","type":"product","link":"https:\/\/ventanastock.es\/de\/produkt\/balconera-aluminio-rpt-practicable-oscilobatiente-izquierda-con-persiana-motorizada-y-con-lamas-de-aluminio-800x2185-1hoja-guias-y-cajon-persiana-preparado-en-kit-copia\/","title":{"rendered":"Aluminiumbalkon RPT Praktikabel Links drehbar Motorischer Verschluss und Aluminiumlatten 800X2185 1 Blatt (F\u00fchrungen und Verschlussschublade im Kit)"},"content":{"rendered":"<p><strong>Profiltyp: <\/strong><\/p>\n<ul>\n<li style=\"list-style-type: none;\">\n<ul>\n<li>Aluminium mit<strong> W\u00e4rmebr\u00fcckenbruch (TBB)<\/strong>, wodurch eine hervorragende W\u00e4rme- und Schalld\u00e4mmung gew\u00e4hrleistet wird.<\/li>\n<li>Beenden\u00a0<strong>elegant und modern<\/strong>.<\/li>\n<li>Serie mit <strong>W\u00e4rmebr\u00fcckenunterbrechung<\/strong> mittels Polyamiden mit europ\u00e4ischem Kanal.<\/li>\n<\/ul>\n<\/li>\n<\/ul>\n<p><strong>Glas:\u00a0<\/strong><strong>Doppelverglasung<\/strong>\u00a0besteht aus\u00a0<strong>zwei Lagen 4 mm Floatglas<\/strong>\u00a0und eine Kamera\u00a0<strong>8 mm dehydriert. Milchglas.<\/strong><\/p>\n<p><strong>\u00d6ffnungstyp:<\/strong><\/p>\n<ul>\n<li style=\"list-style-type: none;\">\n<ul>\n<li><b><span data-contrast=\"auto\">M\u00f6glich<\/span><\/b><span data-contrast=\"auto\">: Das Fenster \u00f6ffnet sich auf traditionelle Weise zum Innenraum und bietet einfachen Zugang zum L\u00fcften und Reinigen.<\/span><span data-ccp-props=\"{&quot;134233117&quot;:false,&quot;134233118&quot;:false,&quot;335559738&quot;:0,&quot;335559739&quot;:0}\">\u00a0<\/span><\/li>\n<li><b><span data-contrast=\"auto\">Kippen und drehen<\/span><\/b><span data-contrast=\"auto\">: Erm\u00f6glicht das \u00d6ffnen des Fensters von oben und gew\u00e4hrleistet so eine kontrollierte Bel\u00fcftung ohne die Gefahr des Eindringens von Regen. Ideal, um die Luft frisch zu halten, ohne die Sicherheit oder Privatsph\u00e4re zu beeintr\u00e4chtigen.<\/span><span data-ccp-props=\"{&quot;134233117&quot;:false,&quot;134233118&quot;:false,&quot;335559738&quot;:0,&quot;335559739&quot;:0}\">\u00a0<\/span><\/li>\n<\/ul>\n<\/li>\n<\/ul>\n<p><b><span data-contrast=\"auto\">Rollo (PVC):<\/span><\/b><\/p>\n<ul>\n<li style=\"list-style-type: none;\">\n<ul>\n<li><b><span data-contrast=\"auto\">PVC-Jalousie<\/span><\/b><span data-contrast=\"auto\">\u00a0integriert und bietet Sonnenschutz und Privatsph\u00e4re.<\/span><span data-ccp-props=\"{&quot;134233117&quot;:false,&quot;134233118&quot;:false,&quot;335559738&quot;:0,&quot;335559739&quot;:0}\">\u00a0<\/span><\/li>\n<li><strong>Aluminium-Lamellen.<\/strong><\/li>\n<li><span data-contrast=\"auto\">Er\u00a0<\/span><b><span data-contrast=\"auto\">PVC-Material<\/span><\/b><span data-contrast=\"auto\">\u00a0sorgt f\u00fcr Langlebigkeit, Wartungsfreundlichkeit und zus\u00e4tzliche Isolierung.<\/span><span data-ccp-props=\"{&quot;134233117&quot;:false,&quot;134233118&quot;:false,&quot;335559738&quot;:0,&quot;335559739&quot;:0}\">\u00a0<\/span><\/li>\n<li>Installierter und geregelter Rollladenmotor, italienische Marke Nice Ttgo 15 Nm Analog. Im Lieferumfang ist ein 2 Meter langes Anschlusskabel enthalten, welches seitlich am rechten Ende des Rollladenkastens austritt.<\/li>\n<li>Im Lieferumfang des Produktes ist ein spezieller Taster f\u00fcr Rollladenmotoren sowie eine Anschlussanleitung enthalten. Inklusive universeller Einbaudose.<\/li>\n<\/ul>\n<\/li>\n<\/ul>\n<p><b><span data-contrast=\"auto\">Schlie\u00dfsystem:<\/span><\/b><\/p>\n<ul>\n<li style=\"list-style-type: none;\">\n<ul>\n<li><b><span data-contrast=\"auto\">Cremone aus Aluminium<\/span><\/b><span data-contrast=\"auto\">\u00a0mit\u00a0<\/span><b><span data-contrast=\"auto\">drei Positionen<\/span><\/b><span data-contrast=\"auto\">: geschlossen, praktikabel und dreh- und kippbar.<\/span><span data-ccp-props=\"{&quot;134233117&quot;:false,&quot;134233118&quot;:false,&quot;335559738&quot;:0,&quot;335559739&quot;:0}\">\u00a0<\/span><\/li>\n<li><span data-contrast=\"auto\">Mehrere Verriegelungspunkte f\u00fcr zus\u00e4tzliche Sicherheit und dichte Abdichtung.<\/span><span data-ccp-props=\"{&quot;134233117&quot;:false,&quot;134233118&quot;:false,&quot;335559738&quot;:0,&quot;335559739&quot;:0}\">\u00a0<\/span><\/li>\n<li><span data-contrast=\"auto\">Bei einem Balkon wird an den Punkten ein dritter Stichverschluss angebracht.<\/span>\u00a0<span data-contrast=\"auto\">dazwischenliegend.<\/span><span data-ccp-props=\"{&quot;134233117&quot;:false,&quot;134233118&quot;:false,&quot;335559738&quot;:0,&quot;335559739&quot;:0}\">\u00a0<\/span><\/li>\n<\/ul>\n<\/li>\n<\/ul>\n<p><strong>Sicherheit:<\/strong>\u00a0Schlie\u00dfsystem inklusive <strong><b><span data-contrast=\"auto\">versteckte Pins <\/span><\/b><\/strong>an der Ober- und Unterseite sorgen f\u00fcr zus\u00e4tzliche Sicherheit. Je nach Gr\u00f6\u00dfe kann das System zwischen integrieren <strong><b><span data-contrast=\"auto\">zwei und vier Schlusspunkte<\/span><\/b><span data-contrast=\"auto\">.<\/span><\/strong><\/p>\n<p><b><span data-contrast=\"auto\">Regelung und Zubeh\u00f6r:<\/span><\/b> Dreidimensionale Anpassung im Hardwaresystem f\u00fcr eine pr\u00e4zise und dauerhafte Passform. Es erm\u00f6glicht die Druckregulierung und horizontale Bewegung der Scharniere. Es verf\u00fcgt au\u00dferdem \u00fcber einen seitlichen Kompass, der die \u00d6ffnung begrenzt.<\/p>\n<p><strong>AEV-Studien<\/strong>: Gem\u00e4\u00df der Norm UNE-EN 14351-1: 2006 + A1, Luftdurchl\u00e4ssigkeit &quot;Klasse 4&quot;, Wasserdichtigkeit &quot;Klasse AE750&quot;, Best\u00e4ndigkeit gegen Windlast &quot;Klasse C5&quot; (Werte aus Fenster 1480 \u00d7 1230 2 Blatt) .<\/p>\n<p><strong>Thermische Berechnung<\/strong>: Uw = 2,3 W \/ m\u00b2K gem\u00e4\u00df Norm EN.ISO 10077-2: 2012 unter Ber\u00fccksichtigung einer Doppelverglasung in einem 1480 \u00d7 1230 2-Blatt-Fenster (4-16-4 mit niedrigem Emissionsgrad + Argon). Das Produkt gilt als <strong>mittlerer bis hoher Bereich<\/strong> Erf\u00fcllung aller Ziele mit au\u00dfergew\u00f6hnlichen Ergebnissen innerhalb seiner Kategorie.<\/p>","protected":false},"excerpt":{"rendered":"<p><b>LIEFERUNG IN 24\/48 STUNDEN<\/b><\/p>\n<ul>\n<li><b style=\"color: #333333;\"><span data-contrast=\"auto\">Profilerstellung<\/span><\/b><span style=\"color: #333333;\" data-contrast=\"auto\">:<\/span><span style=\"color: #333333;\"> Die Dicke unserer Fenster betr\u00e4gt <strong>45<\/strong><\/span><strong style=\"color: #333333;\">\u00a0mm. <\/strong><span style=\"color: #333333;\">Reichweite <\/span><strong style=\"color: #333333;\">HOHER DURCHSCHNITT <\/strong><span style=\"color: #333333;\">mit<\/span><strong style=\"color: #333333;\"> W\u00e4rmebr\u00fcckenbruch.<\/strong><\/li>\n<li><strong>\u00d6ffnung:\u00a0<\/strong>Blick von innen<strong> links. <\/strong>Was verhindert seine \u00d6ffnung<strong> von au\u00dfen.\u00a0<\/strong>Erm\u00f6glicht das \u00d6ffnen<strong> oszillierend (geneigt) <\/strong>entweder<strong> komplett faltbar<\/strong>.<\/li>\n<li><strong>Bl\u00e4tter<\/strong>: Das Fenster hat <strong>A<\/strong><strong> Blatt.<\/strong><\/li>\n<li><strong>Ma\u00dfe: Breite<\/strong> (800mm) x <strong>Hoch<\/strong> (2185 mm).<\/li>\n<li><b><span data-contrast=\"auto\">Glas<\/span><\/b><span data-contrast=\"auto\">: Bestehend aus\u00a0<b>zwei Lagen 4 mm Floatglas<\/b>\u00a0und eins\u00a0<b>16mm Kamera <\/b>mit <strong>Argongas<\/strong>, mit\u00a0<b>Doppelverglasung.<\/b>\u00a0<\/span><\/li>\n<li><b><span data-contrast=\"auto\">PVC-Jalousie: <\/span><\/b><span data-contrast=\"auto\">Jalousie im System integriert, <\/span><b><span data-contrast=\"auto\">aus PVC. <\/span><\/b>Aluminium-Lamellen.<\/li>\n<li><strong>Motorisierung von Jalousien:<\/strong> Installierter und regulierter analoger Verschlussmotor der italienischen Marke Nice ttgo 15 Nm. Inklusive 2 Meter Anschlusskabel. Spezifischer Taster f\u00fcr Rollladenmotoren und Anschlussanleitung<\/li>\n<li><strong>Schlie\u00dfen: <span data-contrast=\"auto\">Aluminium-Camouflage-System mit drei<\/span><b><span data-contrast=\"auto\">s Positionen<\/span><\/b><span data-contrast=\"auto\">: geschlossen, praktikabel und dreh- und kippbar.<\/span><\/strong><\/li>\n<li><b><span data-contrast=\"auto\">Sicherheit: <\/span><\/b>System mit mehreren Schlie\u00dfpunkten und versteckten Stiften, das zus\u00e4tzlichen Schutz garantiert.<\/li>\n<li><b><span data-contrast=\"auto\">Verordnung<\/span><\/b><span data-contrast=\"auto\">: Dreidimensionale Anpassung, <\/span><b><span data-contrast=\"auto\">Regulierung erm\u00f6glichen<\/span><\/b><span data-contrast=\"auto\"> sowohl an den Schlie\u00dfpunkten als auch in den anderen Teilen des Systems.<\/span><\/li>\n<\/ul>\n<ul>\n<li style=\"list-style-type: none;\"><\/li>\n<\/ul>","protected":false},"featured_media":22567,"comment_status":"open","ping_status":"closed","template":"","meta":{"_acf_changed":false,"_joinchat":[],"jetpack_publicize_message":"","jetpack_publicize_feature_enabled":true,"jetpack_social_post_already_shared":false,"jetpack_social_options":{"image_generator_settings":{"template":"highway","default_image_id":0,"font":"","enabled":false},"version":2}},"product_brand":[],"product_cat":[777,824,778,829,1344,1345],"product_tag":[439,152,440,147,157,423,153,154,438,437,148,418,419],"class_list":{"0":"post-7612","1":"product","2":"type-product","3":"status-publish","4":"has-post-thumbnail","6":"product_cat-aluminio-rotura-puente-termico","7":"product_cat-balconeras-aluminio-rpt","8":"product_cat-balconeras-aluminio-rpt-oscilobatientes","9":"product_cat-puertas-balconeras","10":"product_cat-shopping","11":"product_cat-shopping-ads","12":"product_tag-439","13":"product_tag-1-hoja","14":"product_tag-alrbb0034","15":"product_tag-aluminio","16":"product_tag-balconera","17":"product_tag-cristal-transparente","18":"product_tag-izquierda","19":"product_tag-oscilobatiente","20":"product_tag-persiana-con-motor","21":"product_tag-persiana-de-aluminio","22":"product_tag-practicable","23":"product_tag-rotura-puente-termico","24":"product_tag-rpt","25":"product_shipping_class-pesados","27":"first","28":"instock","29":"taxable","30":"shipping-taxable","31":"purchasable","32":"product-type-simple"},"acf":[],"jetpack_publicize_connections":[],"jetpack_sharing_enabled":true,"_links":{"self":[{"href":"https:\/\/ventanastock.es\/de\/wp-json\/wp\/v2\/product\/7612","targetHints":{"allow":["GET"]}}],"collection":[{"href":"https:\/\/ventanastock.es\/de\/wp-json\/wp\/v2\/product"}],"about":[{"href":"https:\/\/ventanastock.es\/de\/wp-json\/wp\/v2\/types\/product"}],"replies":[{"embeddable":true,"href":"https:\/\/ventanastock.es\/de\/wp-json\/wp\/v2\/comments?post=7612"}],"wp:featuredmedia":[{"embeddable":true,"href":"https:\/\/ventanastock.es\/de\/wp-json\/wp\/v2\/media\/22567"}],"wp:attachment":[{"href":"https:\/\/ventanastock.es\/de\/wp-json\/wp\/v2\/media?parent=7612"}],"wp:term":[{"taxonomy":"product_brand","embeddable":true,"href":"https:\/\/ventanastock.es\/de\/wp-json\/wp\/v2\/product_brand?post=7612"},{"taxonomy":"product_cat","embeddable":true,"href":"https:\/\/ventanastock.es\/de\/wp-json\/wp\/v2\/product_cat?post=7612"},{"taxonomy":"product_tag","embeddable":true,"href":"https:\/\/ventanastock.es\/de\/wp-json\/wp\/v2\/product_tag?post=7612"}],"curies":[{"name":"wp","href":"https:\/\/api.w.org\/{rel}","templated":true}]}}