    {"id":4751,"date":"2018-03-08T13:48:54","date_gmt":"2018-03-08T12:48:54","guid":{"rendered":"https:\/\/ventanastock.es\/?post_type=product&#038;p=4751"},"modified":"2025-11-05T13:37:03","modified_gmt":"2025-11-05T11:37:03","slug":"ventana-aluminio-practicable-oscilobatiente-con-persiana-pvc-1200x1155-2h","status":"publish","type":"product","link":"https:\/\/ventanastock.es\/en\/product\/ventana-aluminio-practicable-oscilobatiente-con-persiana-pvc-1200x1155-2h\/","title":{"rendered":"Tilt &amp; Turn Practical Aluminum Window With Blind (PVC) 1200X1155 2h"},"content":{"rendered":"<p><strong>Tipo de Perfiler\u00eda:\u00a0<\/strong><\/p>\n<ul>\n<li style=\"list-style-type: none;\">\n<ul>\n<li data-leveltext=\"%1.\" data-font=\"Aptos\" data-listid=\"19\" data-list-defn-props=\"{&quot;335552541&quot;:0,&quot;335559685&quot;:720,&quot;335559991&quot;:360,&quot;469769242&quot;:[65533,0],&quot;469777803&quot;:&quot;left&quot;,&quot;469777804&quot;:&quot;%1.&quot;,&quot;469777815&quot;:&quot;hybridMultilevel&quot;}\" aria-setsize=\"-1\" data-aria-posinset=\"1\" data-aria-level=\"1\"><b><span data-contrast=\"auto\">Aluminio<\/span><\/b><span data-contrast=\"auto\">, ideal para asegurar una estructura duradera y resistente.<\/span><span data-ccp-props=\"{&quot;134233117&quot;:false,&quot;134233118&quot;:false,&quot;335559738&quot;:0,&quot;335559739&quot;:0}\">\u00a0<\/span><\/li>\n<li data-leveltext=\"o\" data-font=\"Courier New\" data-listid=\"2\" data-list-defn-props=\"{&quot;335552541&quot;:1,&quot;335559685&quot;:1440,&quot;335559991&quot;:360,&quot;469769226&quot;:&quot;Courier New&quot;,&quot;469769242&quot;:[9675],&quot;469777803&quot;:&quot;left&quot;,&quot;469777804&quot;:&quot;o&quot;,&quot;469777815&quot;:&quot;hybridMultilevel&quot;}\" aria-setsize=\"-1\" data-aria-posinset=\"3\" data-aria-level=\"2\"><span data-contrast=\"auto\">Acabado <\/span><b><span data-contrast=\"auto\">elegante y moderno<\/span><\/b><span data-contrast=\"auto\">.<\/span><span data-ccp-props=\"{&quot;134233117&quot;:false,&quot;134233118&quot;:false,&quot;335559738&quot;:0,&quot;335559739&quot;:0}\">\u00a0<\/span><\/li>\n<li data-leveltext=\"o\" data-font=\"Courier New\" data-listid=\"2\" data-list-defn-props=\"{&quot;335552541&quot;:1,&quot;335559685&quot;:1440,&quot;335559991&quot;:360,&quot;469769226&quot;:&quot;Courier New&quot;,&quot;469769242&quot;:[9675],&quot;469777803&quot;:&quot;left&quot;,&quot;469777804&quot;:&quot;o&quot;,&quot;469777815&quot;:&quot;hybridMultilevel&quot;}\" aria-setsize=\"-1\" data-aria-posinset=\"3\" data-aria-level=\"2\"><b><span data-contrast=\"auto\">Serie fr\u00eda con canal europeo.<\/span><\/b><\/li>\n<\/ul>\n<\/li>\n<\/ul>\n<p><b style=\"font-size: 14.4px;\"><span data-contrast=\"auto\">Vidrio:<\/span><\/b> <b style=\"color: #333333;\"><span data-contrast=\"auto\">Vidrio de doble acristalamiento<\/span><\/b><span style=\"color: #333333;\" data-contrast=\"auto\"> est\u00e1 compuesto por <\/span><b style=\"color: #333333;\"><span data-contrast=\"auto\">dos capas de vidrio float de 4 mm<\/span><\/b><span style=\"color: #333333;\" data-contrast=\"auto\"> y una c\u00e1mara de <\/span><b style=\"color: #333333;\"><span data-contrast=\"auto\">8 mm deshidratada.<\/span><\/b><span style=\"color: #333333;\" data-ccp-props=\"{&quot;134233117&quot;:false,&quot;134233118&quot;:false,&quot;335559738&quot;:0,&quot;335559739&quot;:0}\">\u00a0<\/span><\/p>\n<p><b><span data-contrast=\"auto\">Tipo de Apertura:<\/span><\/b><\/p>\n<ul>\n<li style=\"list-style-type: none;\">\n<ul>\n<li><b style=\"color: #333333;\"><span data-contrast=\"auto\">Practicable<\/span><\/b><span style=\"color: #333333;\" data-contrast=\"auto\">: La ventana se abre de manera tradicional hacia el interior, ofreciendo un f\u00e1cil acceso para ventilaci\u00f3n y limpieza.<\/span><span style=\"color: #333333;\" data-ccp-props=\"{&quot;134233117&quot;:false,&quot;134233118&quot;:false,&quot;335559738&quot;:0,&quot;335559739&quot;:0}\">\u00a0<\/span><\/li>\n<li><b><span data-contrast=\"auto\">Oscilobatiente<\/span><\/b><span data-contrast=\"auto\">: Permite abrir la ventana desde la parte superior, garantizando ventilaci\u00f3n controlada sin riesgo de que entre lluvia. Ideal para mantener el aire fresco sin comprometer la seguridad ni la privacidad.<\/span><span data-ccp-props=\"{&quot;134233117&quot;:false,&quot;134233118&quot;:false,&quot;335559738&quot;:0,&quot;335559739&quot;:0}\">\u00a0<\/span><\/li>\n<\/ul>\n<\/li>\n<\/ul>\n<p><b><span data-contrast=\"auto\">Persiana (PVC):<\/span><\/b><\/p>\n<ul>\n<li style=\"list-style-type: none;\">\n<ul>\n<li><b style=\"color: #333333;\"><span data-contrast=\"auto\">Persiana de PVC<\/span><\/b><span style=\"color: #333333;\" data-contrast=\"auto\"> integrada, que proporciona protecci\u00f3n solar y privacidad.<\/span><span style=\"color: #333333;\" data-ccp-props=\"{&quot;134233117&quot;:false,&quot;134233118&quot;:false,&quot;335559738&quot;:0,&quot;335559739&quot;:0}\">\u00a0<\/span><\/li>\n<li><span data-contrast=\"auto\">El <\/span><b><span data-contrast=\"auto\">material PVC<\/span><\/b><span data-contrast=\"auto\"> asegura durabilidad, facilidad de mantenimiento y un aislamiento adicional.<\/span><span data-ccp-props=\"{&quot;134233117&quot;:false,&quot;134233118&quot;:false,&quot;335559738&quot;:0,&quot;335559739&quot;:0}\">\u00a0<\/span><\/li>\n<li><span data-contrast=\"auto\">Control de la luminosidad y protecci\u00f3n t\u00e9rmica.<\/span><\/li>\n<\/ul>\n<\/li>\n<\/ul>\n<p><b><span data-contrast=\"auto\">Sistema de cierre:<\/span><\/b><\/p>\n<ul>\n<li style=\"list-style-type: none;\">\n<ul>\n<li><b style=\"font-size: 14.4px;\"><span data-contrast=\"auto\">Cremona de aluminio<\/span><\/b><span style=\"font-size: 14.4px;\" data-contrast=\"auto\"> con <\/span><b style=\"font-size: 14.4px;\"><span data-contrast=\"auto\">tres posiciones<\/span><\/b><span style=\"font-size: 14.4px;\" data-contrast=\"auto\">: cerrado, practicable y oscilobatiente.<\/span><span style=\"font-size: 14.4px;\" data-ccp-props=\"{&quot;134233117&quot;:false,&quot;134233118&quot;:false,&quot;335559738&quot;:0,&quot;335559739&quot;:0}\">\u00a0<\/span><\/li>\n<li><span data-contrast=\"auto\">M\u00faltiples puntos de cierre para mayor seguridad y sellado herm\u00e9tico.<\/span><span data-ccp-props=\"{&quot;134233117&quot;:false,&quot;134233118&quot;:false,&quot;335559738&quot;:0,&quot;335559739&quot;:0}\">\u00a0<\/span><\/li>\n<\/ul>\n<\/li>\n<\/ul>\n<p><b><span data-contrast=\"auto\">Seguridad:<\/span><\/b> <span style=\"color: #333333;\" data-contrast=\"auto\">El sistema de cierre incluye <\/span><b style=\"color: #333333;\"><span data-contrast=\"auto\">pasadores ocultos<\/span><\/b><span style=\"color: #333333;\" data-contrast=\"auto\"> en la parte superior e inferior, proporcionando seguridad adicional.<\/span> <span style=\"color: #333333;\" data-contrast=\"auto\">En funci\u00f3n del tama\u00f1o, el sistema puede incorporar entre <\/span><b style=\"color: #333333;\"><span data-contrast=\"auto\">dos y cuatro puntos de cierre<\/span><\/b><span style=\"color: #333333;\" data-contrast=\"auto\">.<\/span><\/p>\n<p><b><span data-contrast=\"auto\">Regulaci\u00f3n y Accesorios:<\/span><\/b>Regulaci\u00f3n tridimensional en el sistema de herraje para un ajuste preciso y duradero. Permite una regulaci\u00f3n en presi\u00f3n y en las bisagras un desplazamiento horizontal. Tambi\u00e9n dispone de compas lateral que limita la apertura.<\/p>\n","protected":false},"excerpt":{"rendered":"<p><b>ENTREGA EN 24\/48 HORAS<\/b><\/p>\n<ul>\n<li data-leveltext=\"\uf0b7\" data-font=\"Symbol\" data-listid=\"17\" data-list-defn-props=\"{&quot;335552541&quot;:1,&quot;335559685&quot;:720,&quot;335559991&quot;:360,&quot;469769226&quot;:&quot;Symbol&quot;,&quot;469769242&quot;:[8226],&quot;469777803&quot;:&quot;left&quot;,&quot;469777804&quot;:&quot;\uf0b7&quot;,&quot;469777815&quot;:&quot;hybridMultilevel&quot;}\" aria-setsize=\"-1\" data-aria-posinset=\"7\" data-aria-level=\"1\"><b><span data-contrast=\"auto\">Perfiler\u00eda<\/span><\/b><span data-contrast=\"auto\">:<\/span> El grosor de nuestras ventanas es de <strong>40 mm sin persiana<\/strong>, y de <strong>120 mm<\/strong> cuando <strong>incluyen persiana<\/strong>.<\/li>\n<li><strong>Apertura: <\/strong>Permite abrirla de manera<strong> oscilante (inclinada) o completamente abatible <\/strong>desde el interior.\u00a0Lo que <strong>impide su apertura<\/strong> desde el exterior.<\/li>\n<li data-leveltext=\"\uf0b7\" data-font=\"Symbol\" data-listid=\"17\" data-list-defn-props=\"{&quot;335552541&quot;:1,&quot;335559685&quot;:720,&quot;335559991&quot;:360,&quot;469769226&quot;:&quot;Symbol&quot;,&quot;469769242&quot;:[8226],&quot;469777803&quot;:&quot;left&quot;,&quot;469777804&quot;:&quot;\uf0b7&quot;,&quot;469777815&quot;:&quot;hybridMultilevel&quot;}\" aria-setsize=\"-1\" data-aria-posinset=\"7\" data-aria-level=\"1\"><strong>Hojas<\/strong>: La ventana dispone de <strong>dos hojas.\u00a0<\/strong><\/li>\n<li data-leveltext=\"\uf0b7\" data-font=\"Symbol\" data-listid=\"17\" data-list-defn-props=\"{&quot;335552541&quot;:1,&quot;335559685&quot;:720,&quot;335559991&quot;:360,&quot;469769226&quot;:&quot;Symbol&quot;,&quot;469769242&quot;:[8226],&quot;469777803&quot;:&quot;left&quot;,&quot;469777804&quot;:&quot;\uf0b7&quot;,&quot;469777815&quot;:&quot;hybridMultilevel&quot;}\" aria-setsize=\"-1\" data-aria-posinset=\"7\" data-aria-level=\"1\"><strong>Medidas: Ancho<\/strong> (1200 mm) x <strong>Alto<\/strong> (1155 mm).<\/li>\n<li data-leveltext=\"\uf0b7\" data-font=\"Symbol\" data-listid=\"17\" data-list-defn-props=\"{&quot;335552541&quot;:1,&quot;335559685&quot;:720,&quot;335559991&quot;:360,&quot;469769226&quot;:&quot;Symbol&quot;,&quot;469769242&quot;:[8226],&quot;469777803&quot;:&quot;left&quot;,&quot;469777804&quot;:&quot;\uf0b7&quot;,&quot;469777815&quot;:&quot;hybridMultilevel&quot;}\" aria-setsize=\"-1\" data-aria-posinset=\"7\" data-aria-level=\"1\"><b><span data-contrast=\"auto\">Vidrio<\/span><\/b><span data-contrast=\"auto\">: Compuesto por <\/span><b><span data-contrast=\"auto\">dos capas de vidrio float de 4 mm<\/span><\/b><span data-contrast=\"auto\"> y una <\/span><b><span data-contrast=\"auto\">c\u00e1mara deshidratada de 8 mm<\/span><\/b><span data-contrast=\"auto\">, con <\/span><b><span data-contrast=\"auto\">doble acristalamiento.<\/span><\/b><span data-ccp-props=\"{&quot;134233117&quot;:false,&quot;134233118&quot;:false,&quot;335559738&quot;:0,&quot;335559739&quot;:240}\">\u00a0<\/span><\/li>\n<li data-leveltext=\"\uf0b7\" data-font=\"Symbol\" data-listid=\"17\" data-list-defn-props=\"{&quot;335552541&quot;:1,&quot;335559685&quot;:720,&quot;335559991&quot;:360,&quot;469769226&quot;:&quot;Symbol&quot;,&quot;469769242&quot;:[8226],&quot;469777803&quot;:&quot;left&quot;,&quot;469777804&quot;:&quot;\uf0b7&quot;,&quot;469777815&quot;:&quot;hybridMultilevel&quot;}\" aria-setsize=\"-1\" data-aria-posinset=\"7\" data-aria-level=\"1\"><b><span data-contrast=\"auto\">Persiana PVC: <\/span><\/b><span data-contrast=\"auto\">Persiana integrada en el sistema, <\/span><b><span data-contrast=\"auto\">fabricada en PVC.<\/span><\/b><\/li>\n<li data-leveltext=\"\uf0b7\" data-font=\"Symbol\" data-listid=\"17\" data-list-defn-props=\"{&quot;335552541&quot;:1,&quot;335559685&quot;:720,&quot;335559991&quot;:360,&quot;469769226&quot;:&quot;Symbol&quot;,&quot;469769242&quot;:[8226],&quot;469777803&quot;:&quot;left&quot;,&quot;469777804&quot;:&quot;\uf0b7&quot;,&quot;469777815&quot;:&quot;hybridMultilevel&quot;}\" aria-setsize=\"-1\" data-aria-posinset=\"7\" data-aria-level=\"1\"><b><span data-contrast=\"auto\">Cierre: <\/span><\/b><span data-contrast=\"auto\">Sistema de cremona de aluminio con<strong> tre<\/strong><\/span><b><span data-contrast=\"auto\">s posiciones<\/span><\/b><span data-contrast=\"auto\">: cerrado, practicable y oscilobatiente.<\/span><\/li>\n<li><b><span data-contrast=\"auto\">Seguridad: <\/span><\/b><span data-contrast=\"auto\">Sistema de cierre con dos y cuatro puntos de seguridad, junto con pasadores ocultos.<\/span><\/li>\n<li><b><span data-contrast=\"auto\">Regulaci\u00f3n<\/span><\/b><span data-contrast=\"auto\">: Ajuste tridimensional, <\/span><b><span data-contrast=\"auto\">permitiendo regulaci\u00f3n<\/span><\/b><span data-contrast=\"auto\"> tanto en los puntos de cierre como en las dem\u00e1s partes del sistema.\u00a0\u00a0<\/span><\/li>\n<\/ul>\n","protected":false},"featured_media":21778,"comment_status":"open","ping_status":"closed","template":"","meta":{"_acf_changed":false,"_joinchat":[],"jetpack_publicize_message":"","jetpack_publicize_feature_enabled":true,"jetpack_social_post_already_shared":false,"jetpack_social_options":{"image_generator_settings":{"template":"highway","default_image_id":0,"font":"","enabled":false},"version":2}},"product_brand":[],"product_cat":[817,1344,1345,769,51,826],"product_tag":[361,163,326,147,215,154,148,150],"class_list":{"0":"post-4751","1":"product","2":"type-product","3":"status-publish","4":"has-post-thumbnail","6":"product_cat-aluminio","7":"product_cat-shopping","8":"product_cat-shopping-ads","9":"product_cat-ventanas-aluminio","10":"product_cat-ventanas-aluminio-oscilobatientes","11":"product_cat-ventanas-oscilobatientes","12":"product_tag-361","13":"product_tag-2-hojas","14":"product_tag-alb0013","15":"product_tag-aluminio","16":"product_tag-con-persiana-de-pvc","17":"product_tag-oscilobatiente","18":"product_tag-practicable","19":"product_tag-ventana","20":"product_shipping_class-ligeros","22":"first","23":"instock","24":"taxable","25":"shipping-taxable","26":"purchasable","27":"product-type-simple"},"acf":[],"jetpack_publicize_connections":[],"jetpack_sharing_enabled":true,"_links":{"self":[{"href":"https:\/\/ventanastock.es\/en\/wp-json\/wp\/v2\/product\/4751","targetHints":{"allow":["GET"]}}],"collection":[{"href":"https:\/\/ventanastock.es\/en\/wp-json\/wp\/v2\/product"}],"about":[{"href":"https:\/\/ventanastock.es\/en\/wp-json\/wp\/v2\/types\/product"}],"replies":[{"embeddable":true,"href":"https:\/\/ventanastock.es\/en\/wp-json\/wp\/v2\/comments?post=4751"}],"wp:featuredmedia":[{"embeddable":true,"href":"https:\/\/ventanastock.es\/en\/wp-json\/wp\/v2\/media\/21778"}],"wp:attachment":[{"href":"https:\/\/ventanastock.es\/en\/wp-json\/wp\/v2\/media?parent=4751"}],"wp:term":[{"taxonomy":"product_brand","embeddable":true,"href":"https:\/\/ventanastock.es\/en\/wp-json\/wp\/v2\/product_brand?post=4751"},{"taxonomy":"product_cat","embeddable":true,"href":"https:\/\/ventanastock.es\/en\/wp-json\/wp\/v2\/product_cat?post=4751"},{"taxonomy":"product_tag","embeddable":true,"href":"https:\/\/ventanastock.es\/en\/wp-json\/wp\/v2\/product_tag?post=4751"}],"curies":[{"name":"wp","href":"https:\/\/api.w.org\/{rel}","templated":true}]}}