    {"id":17186,"date":"2022-05-26T05:35:38","date_gmt":"2022-05-26T04:35:38","guid":{"rendered":"https:\/\/ventanastock.es\/?post_type=product&#038;p=17186"},"modified":"2026-04-24T13:30:19","modified_gmt":"2026-04-24T11:30:19","slug":"balconera-aluminio-corredera-con-persiana-pvc-1600x2185-2-hojas-marco-y-cajon-persiana-en-kit","status":"publish","type":"product","link":"https:\/\/ventanastock.es\/fr\/produit\/balconera-aluminio-corredera-con-persiana-pvc-1600x2185-2-hojas-marco-y-cajon-persiana-en-kit\/","title":{"rendered":"Porte Balcon Coulissante Aluminium Avec Store (PVC) 1600\u00d72185 2 vantaux (ch\u00e2ssis et coffre en kit)"},"content":{"rendered":"<p>Dans la <em>Porte Balcon Aluminium Coulissante Avec Volet (PVC) 1600\u00d72185 2h<\/em> Le cadre et la bo\u00eete aveugle sont exp\u00e9di\u00e9s s\u00e9par\u00e9ment pour r\u00e9duire les frais d&#039;exp\u00e9dition. Les instructions sont incluses <strong>ASSEMBLAGE FACILE<\/strong> et tous les \u00e9l\u00e9ments \u00e0 assembler en moins de 10 minutes. Il suffit de placer 10 vis pour fixer le cadre et le tiroir est assembl\u00e9. Ces \u00e9l\u00e9ments sont pr\u00e9par\u00e9s avec les perforations r\u00e9alis\u00e9es pour faciliter le montage et avec leur \u00e9tiquetage indiquant la bonne position de chaque \u00e9l\u00e9ment. contribue \u00e0 des \u00e9conomies significatives sur les frais d\u2019exp\u00e9dition.<\/p>\n<p><strong>Type de profil\u00a0:\u00a0<\/strong><\/p>\n<ul>\n<li style=\"list-style-type: none;\">\n<ul>\n<li><strong>Aluminium<\/strong>, id\u00e9al pour assurer une structure durable et r\u00e9sistante.<\/li>\n<li>Finition <strong>\u00e9l\u00e9gant et moderne<\/strong>.<\/li>\n<li><strong>S\u00e9rie froide avec cha\u00eene europ\u00e9enne.<\/strong><\/li>\n<\/ul>\n<\/li>\n<\/ul>\n<p><strong>Verre: <\/strong><strong style=\"color: #333333;\">Verre double vitrage<\/strong><span style=\"color: #333333;\"> est compos\u00e9 de <\/span><strong style=\"color: #333333;\">deux couches de verre float de 4 mm<\/strong><span style=\"color: #333333;\"> et un appareil photo <\/span><strong style=\"color: #333333;\">8 mm d\u00e9shydrat\u00e9.\u00a0<\/strong><\/p>\n<p><strong>Syst\u00e8me de fermeture: <\/strong><span style=\"color: #333333;\">Fermeture int\u00e9gr\u00e9e \u00e0 l&#039;int\u00e9rieur des deux vantaux.<\/span><\/p>\n<p><strong>S\u00e9curit\u00e9: <\/strong><strong style=\"color: #333333;\">Niveau de s\u00e9curit\u00e9:<\/strong><span style=\"color: #333333;\"> fermetures d&#039;un point de s\u00e9curit\u00e9 dans chaque vantail.<\/span><\/p>\n<p><strong>R\u00e8glement de fermeture: <\/strong><span style=\"color: #333333;\">Il permet un r\u00e9glage en hauteur et en largeur, permettant ainsi d&#039;effectuer un r\u00e9glage pr\u00e9cis.<\/span><\/p>\n<p><strong>Store (PVC)\u00a0:<\/strong><\/p>\n<ul>\n<li style=\"list-style-type: none;\">\n<ul>\n<li><strong>Store en PVC<\/strong>\u00a0int\u00e9gr\u00e9, offrant protection solaire et intimit\u00e9.<\/li>\n<li>Il\u00a0<strong>Mat\u00e9riau PVC<\/strong>\u00a0assure la durabilit\u00e9, la facilit\u00e9 d\u2019entretien et une isolation suppl\u00e9mentaire.<\/li>\n<li>Contr\u00f4le de la luminosit\u00e9 et protection thermique.<\/li>\n<\/ul>\n<\/li>\n<\/ul>\n<p><strong>Syst\u00e8me de roue:<\/strong> Roues avec roulements \u00e0 billes et r\u00e9gulation<strong> avec cl\u00e9 Allen<\/strong> vous permettant d&#039;augmenter ou de diminuer pour un meilleur ajustement. Le bo\u00eetier est <strong>Zamac<\/strong> et est trait\u00e9 contre la corrosion. <strong>Vous permet d&#039;ajuster<\/strong> au cas o\u00f9 la fen\u00eatre ne serait pas compl\u00e8tement de niveau. Haute r\u00e9sistance pour supporter un poids plus important.<\/p>\n<p><strong>Des joints d&#039;\u00e9tanch\u00e9it\u00e9: <\/strong>Des joints d&#039;\u00e9tanch\u00e9it\u00e9 sont install\u00e9s au niveau des joints des cadres. <strong>(n\u00e9opr\u00e8ne de haute qualit\u00e9) <\/strong>pour \u00e9viter les fuites d&#039;eau<strong>.<\/strong><\/p>","protected":false},"excerpt":{"rendered":"<p>En la <em>Puerta Balconera Aluminio Corredera Con Persiana (PVC) 1600&#215;2185 2h<\/em> el marco y el caj\u00f3n de persiana se env\u00edan separados para que los costes de env\u00edo sean reducidos. Se incluye las instrucciones de<strong> F\u00c1CIL MONTAJE<\/strong> y todos los elementos para su montaje en menos de 10 minutos.<\/p>\n<ul>\n<li data-leveltext=\"\uf0b7\" data-font=\"Symbol\" data-listid=\"17\" data-list-defn-props=\"{&quot;335552541&quot;:1,&quot;335559685&quot;:720,&quot;335559991&quot;:360,&quot;469769226&quot;:&quot;Symbol&quot;,&quot;469769242&quot;:[8226],&quot;469777803&quot;:&quot;left&quot;,&quot;469777804&quot;:&quot;\uf0b7&quot;,&quot;469777815&quot;:&quot;hybridMultilevel&quot;}\" aria-setsize=\"-1\" data-aria-posinset=\"7\" data-aria-level=\"1\"><b><span data-contrast=\"auto\">Perfiler\u00eda<\/span><\/b><span data-contrast=\"auto\">:<\/span> El grosor de nuestras ventanas es de <strong>60 mm s<\/strong>in caj\u00f3n y<strong> 120 mm <\/strong>con caj\u00f3n.<\/li>\n<li data-leveltext=\"\uf0b7\" data-font=\"Symbol\" data-listid=\"17\" data-list-defn-props=\"{&quot;335552541&quot;:1,&quot;335559685&quot;:720,&quot;335559991&quot;:360,&quot;469769226&quot;:&quot;Symbol&quot;,&quot;469769242&quot;:[8226],&quot;469777803&quot;:&quot;left&quot;,&quot;469777804&quot;:&quot;\uf0b7&quot;,&quot;469777815&quot;:&quot;hybridMultilevel&quot;}\" aria-setsize=\"-1\" data-aria-posinset=\"7\" data-aria-level=\"1\"><strong>Apertura:<\/strong> Corredera, ideal para ahorrar espacio y facilitar el acceso a balcones y terrazas.<\/li>\n<li data-leveltext=\"\uf0b7\" data-font=\"Symbol\" data-listid=\"17\" data-list-defn-props=\"{&quot;335552541&quot;:1,&quot;335559685&quot;:720,&quot;335559991&quot;:360,&quot;469769226&quot;:&quot;Symbol&quot;,&quot;469769242&quot;:[8226],&quot;469777803&quot;:&quot;left&quot;,&quot;469777804&quot;:&quot;\uf0b7&quot;,&quot;469777815&quot;:&quot;hybridMultilevel&quot;}\" aria-setsize=\"-1\" data-aria-posinset=\"7\" data-aria-level=\"1\"><strong>Hojas<\/strong>: La ventana dispone de <strong>dos hojas.<\/strong><\/li>\n<li data-leveltext=\"\uf0b7\" data-font=\"Symbol\" data-listid=\"17\" data-list-defn-props=\"{&quot;335552541&quot;:1,&quot;335559685&quot;:720,&quot;335559991&quot;:360,&quot;469769226&quot;:&quot;Symbol&quot;,&quot;469769242&quot;:[8226],&quot;469777803&quot;:&quot;left&quot;,&quot;469777804&quot;:&quot;\uf0b7&quot;,&quot;469777815&quot;:&quot;hybridMultilevel&quot;}\" aria-setsize=\"-1\" data-aria-posinset=\"7\" data-aria-level=\"1\"><strong>Medidas: Ancho<\/strong> (1600 mm) x <strong>Alto<\/strong> (2185 mm).<\/li>\n<li data-leveltext=\"\uf0b7\" data-font=\"Symbol\" data-listid=\"17\" data-list-defn-props=\"{&quot;335552541&quot;:1,&quot;335559685&quot;:720,&quot;335559991&quot;:360,&quot;469769226&quot;:&quot;Symbol&quot;,&quot;469769242&quot;:[8226],&quot;469777803&quot;:&quot;left&quot;,&quot;469777804&quot;:&quot;\uf0b7&quot;,&quot;469777815&quot;:&quot;hybridMultilevel&quot;}\" aria-setsize=\"-1\" data-aria-posinset=\"7\" data-aria-level=\"1\"><b><span data-contrast=\"auto\">Vidrio<\/span><\/b><span data-contrast=\"auto\">: Compuesto por <\/span><b><span data-contrast=\"auto\">dos capas de vidrio float de 4 mm<\/span><\/b><span data-contrast=\"auto\"> y una <\/span><b><span data-contrast=\"auto\">c\u00e1mara deshidratada de 8 mm<\/span><\/b><span data-contrast=\"auto\">, con <\/span><b><span data-contrast=\"auto\">doble acristalamiento.<\/span><\/b><\/li>\n<li data-leveltext=\"\uf0b7\" data-font=\"Symbol\" data-listid=\"17\" data-list-defn-props=\"{&quot;335552541&quot;:1,&quot;335559685&quot;:720,&quot;335559991&quot;:360,&quot;469769226&quot;:&quot;Symbol&quot;,&quot;469769242&quot;:[8226],&quot;469777803&quot;:&quot;left&quot;,&quot;469777804&quot;:&quot;\uf0b7&quot;,&quot;469777815&quot;:&quot;hybridMultilevel&quot;}\" aria-setsize=\"-1\" data-aria-posinset=\"7\" data-aria-level=\"1\"><b><span data-contrast=\"auto\">Persiana PVC:\u00a0<\/span><\/b><span data-contrast=\"auto\">Persiana integrada en el sistema,\u00a0<\/span><b><span data-contrast=\"auto\">fabricada en PVC.<\/span><\/b><\/li>\n<li data-leveltext=\"\uf0b7\" data-font=\"Symbol\" data-listid=\"17\" data-list-defn-props=\"{&quot;335552541&quot;:1,&quot;335559685&quot;:720,&quot;335559991&quot;:360,&quot;469769226&quot;:&quot;Symbol&quot;,&quot;469769242&quot;:[8226],&quot;469777803&quot;:&quot;left&quot;,&quot;469777804&quot;:&quot;\uf0b7&quot;,&quot;469777815&quot;:&quot;hybridMultilevel&quot;}\" aria-setsize=\"-1\" data-aria-posinset=\"7\" data-aria-level=\"1\"><strong>Cierre embutido<\/strong> integrado discretamente en el marco, mejora la est\u00e9tica y refuerza la seguridad al dificultar su manipulaci\u00f3n desde el exterior.<\/li>\n<li><b><span data-contrast=\"auto\">Seguridad: <\/span><\/b>Sistema con varios puntos de cierre y pasadores ocultos, garantizando protecci\u00f3n adicional.<\/li>\n<li><b><span data-contrast=\"auto\">Regulaci\u00f3n<\/span><\/b><span data-contrast=\"auto\">: Ajuste tridimensional, <\/span><b><span data-contrast=\"auto\">permitiendo regulaci\u00f3n<\/span><\/b><span data-contrast=\"auto\"> tanto en los puntos de cierre como en las dem\u00e1s partes del sistema.<\/span><\/li>\n<\/ul>\n<p><iframe loading=\"lazy\" src=\"https:\/\/www.youtube.com\/embed\/j_QrKGYPFdM\" width=\"250\" height=\"157\" frameborder=\"0\" allowfullscreen=\"allowfullscreen\"><\/iframe><\/p>\n","protected":false},"featured_media":21475,"comment_status":"open","ping_status":"closed","template":"","meta":{"_acf_changed":false,"_joinchat":[],"jetpack_publicize_message":"","jetpack_publicize_feature_enabled":true,"jetpack_social_post_already_shared":false,"jetpack_social_options":{"image_generator_settings":{"template":"highway","default_image_id":0,"font":"","enabled":false},"version":2}},"product_brand":[],"product_cat":[817,770,107,829,1344,1345],"product_tag":[683,163,739,147,157,217,172,168,159,216],"class_list":{"0":"post-17186","1":"product","2":"type-product","3":"status-publish","4":"has-post-thumbnail","6":"product_cat-aluminio","7":"product_cat-balconeras-aluminio","8":"product_cat-balconeras-aluminio-correderas","9":"product_cat-puertas-balconeras","10":"product_cat-shopping","11":"product_cat-shopping-ads","12":"product_tag-683","13":"product_tag-2-hojas","14":"product_tag-alb0042","15":"product_tag-aluminio","16":"product_tag-balconera","17":"product_tag-balconeras","18":"product_tag-con-persiana-pvc","19":"product_tag-corredera","20":"product_tag-puerta","21":"product_tag-puertas","22":"product_shipping_class-pesados","24":"first","25":"instock","26":"taxable","27":"shipping-taxable","28":"purchasable","29":"product-type-simple"},"acf":[],"jetpack_publicize_connections":[],"jetpack_sharing_enabled":true,"_links":{"self":[{"href":"https:\/\/ventanastock.es\/fr\/wp-json\/wp\/v2\/product\/17186","targetHints":{"allow":["GET"]}}],"collection":[{"href":"https:\/\/ventanastock.es\/fr\/wp-json\/wp\/v2\/product"}],"about":[{"href":"https:\/\/ventanastock.es\/fr\/wp-json\/wp\/v2\/types\/product"}],"replies":[{"embeddable":true,"href":"https:\/\/ventanastock.es\/fr\/wp-json\/wp\/v2\/comments?post=17186"}],"wp:featuredmedia":[{"embeddable":true,"href":"https:\/\/ventanastock.es\/fr\/wp-json\/wp\/v2\/media\/21475"}],"wp:attachment":[{"href":"https:\/\/ventanastock.es\/fr\/wp-json\/wp\/v2\/media?parent=17186"}],"wp:term":[{"taxonomy":"product_brand","embeddable":true,"href":"https:\/\/ventanastock.es\/fr\/wp-json\/wp\/v2\/product_brand?post=17186"},{"taxonomy":"product_cat","embeddable":true,"href":"https:\/\/ventanastock.es\/fr\/wp-json\/wp\/v2\/product_cat?post=17186"},{"taxonomy":"product_tag","embeddable":true,"href":"https:\/\/ventanastock.es\/fr\/wp-json\/wp\/v2\/product_tag?post=17186"}],"curies":[{"name":"wp","href":"https:\/\/api.w.org\/{rel}","templated":true}]}}