    {"id":18411,"date":"2022-07-29T07:15:06","date_gmt":"2022-07-29T06:15:06","guid":{"rendered":"https:\/\/ventanastock.es\/?post_type=product&#038;p=18411"},"modified":"2026-05-07T07:11:40","modified_gmt":"2026-05-07T05:11:40","slug":"ventana-pvc-practicable-oscilobatiente-derecha-600x600-1h-con-vidrio-carglass-2","status":"publish","type":"product","link":"https:\/\/ventanastock.es\/fr\/produit\/ventana-pvc-practicable-oscilobatiente-derecha-600x600-1h-con-vidrio-carglass-2\/","title":{"rendered":"Fen\u00eatre en PVC \u00e0 inclinaison et rotation \u00e0 droite 600X600 1h avec verre Carglass"},"content":{"rendered":"<p><strong>Les images des produits pr\u00e9sent\u00e9s sur ce site Web peuvent pr\u00e9senter des variations par rapport au produit physique.<\/strong><\/p>\n<p><strong>Description du produit\u00a0:<\/strong> Notre syst\u00e8me est une nouvelle g\u00e9n\u00e9ration de profils qui r\u00e9pond aujourd&#039;hui aux <strong>exigences<\/strong> pour les fen\u00eatres du futur. Ils combinent la technologie <strong>le plus moderne avec le plus grand confort<\/strong> pour le logement. La construction robuste des profil\u00e9s d&#039;une largeur de <strong>70mm<\/strong> et de grandes chambres pour renforts en acier garantissent des param\u00e8tres statiques optimaux et <strong>permettre la construction<\/strong> de grandes fen\u00eatres.<\/p>\n<p><strong>Type de profil\u00a0: <\/strong><\/p>\n<ul>\n<li style=\"list-style-type: none;\">\n<ul>\n<li><strong>Mat\u00e9riel:<\/strong> PVC de haute qualit\u00e9, offrant une excellente isolation thermique et acoustique.<\/li>\n<li><strong>Finition:<\/strong> Esth\u00e9tique, moderne et facile d&#039;entretien.<\/li>\n<\/ul>\n<\/li>\n<\/ul>\n<p><strong>Verre: <\/strong>Verre intelligent 4\/16\/4<strong> Faible \u00e9mission avec gaz argon + contr\u00f4le solaire\u00a0<\/strong>ce qui permet une plus grande r\u00e9duction de la consommation de chauffage et de climatisation<strong><span data-contrast=\"auto\"><b>. Verre mat Carglass.<\/b><\/span><\/strong><\/p>\n<p><strong>Type d&#039;ouverture\u00a0:<\/strong><\/p>\n<ul>\n<li style=\"list-style-type: none;\">\n<ul>\n<li><b><span data-contrast=\"auto\">Praticable<\/span><\/b><span data-contrast=\"auto\">: La fen\u00eatre s&#039;ouvre de mani\u00e8re traditionnelle vers l&#039;int\u00e9rieur, offrant un acc\u00e8s facile pour l&#039;a\u00e9ration et le nettoyage.<\/span><span data-ccp-props=\"{&quot;134233117&quot;:false,&quot;134233118&quot;:false,&quot;335559738&quot;:0,&quot;335559739&quot;:0}\">\u00a0<\/span><\/li>\n<li><b><span data-contrast=\"auto\">Incliner et tourner<\/span><\/b><span data-contrast=\"auto\">: Permet d&#039;ouvrir la fen\u00eatre par le haut, garantissant une ventilation contr\u00f4l\u00e9e sans risque d&#039;entr\u00e9e de pluie. Id\u00e9al pour garder l&#039;air frais sans compromettre la s\u00e9curit\u00e9 ou l&#039;intimit\u00e9.<\/span><span data-ccp-props=\"{&quot;134233117&quot;:false,&quot;134233118&quot;:false,&quot;335559738&quot;:0,&quot;335559739&quot;:0}\">\u00a0<\/span><\/li>\n<\/ul>\n<\/li>\n<\/ul>\n<p><b><span data-contrast=\"auto\">Syst\u00e8me de fermeture:<\/span><\/b><\/p>\n<ul>\n<li style=\"list-style-type: none;\">\n<ul>\n<li><b><span data-contrast=\"auto\">Cr\u00e9mone en PVC<\/span><\/b><span data-contrast=\"auto\">\u00a0avec\u00a0<\/span><b><span data-contrast=\"auto\">trois postes<\/span><\/b><span data-contrast=\"auto\">: ferm\u00e9, praticable et oscillo-battant.<\/span><\/li>\n<li><span data-contrast=\"auto\">Plusieurs points de verrouillage pour plus de s\u00e9curit\u00e9 et une \u00e9tanch\u00e9it\u00e9 parfaite.<\/span><span data-ccp-props=\"{&quot;134233117&quot;:false,&quot;134233118&quot;:false,&quot;335559738&quot;:0,&quot;335559739&quot;:0}\">\u00a0<\/span><\/li>\n<\/ul>\n<\/li>\n<\/ul>\n<p><strong>S\u00e9curit\u00e9:<\/strong>\u00a0Le syst\u00e8me de fermeture comprend <strong><b><span data-contrast=\"auto\">\u00e9pingles cach\u00e9es <\/span><\/b><\/strong>en haut et en bas, offrant une s\u00e9curit\u00e9 suppl\u00e9mentaire. Selon la taille, le syst\u00e8me peut int\u00e9grer entre <strong><b><span data-contrast=\"auto\">deux et quatre points de cl\u00f4ture<\/span><\/b><span data-contrast=\"auto\">.<\/span><\/strong><\/p>\n<p><b><span data-contrast=\"auto\">R\u00e9glementation et accessoires\u00a0:<\/span><\/b> R\u00e9glage tridimensionnel du syst\u00e8me mat\u00e9riel pour un ajustement pr\u00e9cis et durable. Il permet la r\u00e9gulation de la pression et le mouvement horizontal des charni\u00e8res. Il dispose \u00e9galement d&#039;un compas lat\u00e9ral qui limite l&#039;ouverture.<\/p>\n<p><strong>Esth\u00e9tique:<\/strong> Joints de vitrage esth\u00e9tiques et de haute qualit\u00e9. Le biseau \u00e0 15 degr\u00e9s du cadre et du bord du ch\u00e2ssis assure un drainage optimal de l&#039;eau. La structure compacte, les courbes d\u00e9licates et les pentes donnent aux profil\u00e9s un aspect moderne et \u00e9l\u00e9gant.<\/p>\n<p><strong>Nos produits offrent un entretien facile, une excellente isolation thermique et acoustique et une grande durabilit\u00e9. Ils r\u00e9sistent \u00e0 l\u2019humidit\u00e9 et \u00e0 la corrosion, ce qui contribue \u00e0 r\u00e9duire les co\u00fbts de chauffage et de climatisation.<\/strong><\/p>\n<p>&nbsp;<\/p>","protected":false},"excerpt":{"rendered":"<p><b>LIVRAISON EN 24\/48 HEURES<\/b><\/p>\n<p><strong>NOUVEAU PRODUIT AVEC DE MEILLEURES QUALIT\u00c9S<\/strong><\/p>\n<ul>\n<li><b><span data-contrast=\"auto\">Profilage<\/span><\/b><span data-contrast=\"auto\">:<\/span> 5 chambres et 70 mm de largeur assurent une isolation thermique et acoustique optimale (1,4 W\/m2K)<strong>.<\/strong><\/li>\n<li><strong>Ouverture: <\/strong>Vue de l&#039;int\u00e9rieur<strong>\u00a0vers la droite. Ce qui emp\u00eache son ouverture de l&#039;ext\u00e9rieur.\u00a0<\/strong>Vous permet de l&#039;ouvrir<strong> oscillant (inclin\u00e9) <\/strong>soit<strong> compl\u00e8tement pliable<\/strong>.<\/li>\n<li><strong>Feuilles<\/strong>: La fen\u00eatre a <strong>une feuille<\/strong><\/li>\n<li><strong>Dimensions\u00a0:\u00a0Largeur<\/strong> (600mm)x <strong>Haut<\/strong> (600 mm).<\/li>\n<li><b><span data-contrast=\"auto\">Verre<\/span><\/b><span data-contrast=\"auto\">: Compos\u00e9 de verre <strong>4\/16\/4 Faibles \u00e9missions avec gaz argon + contr\u00f4le solaire\u00a0<\/strong>ce qui permet une plus grande r\u00e9duction de la consommation de chauffage et de climatisation<strong><b>. Verre mat Carglass.<\/b><\/strong><\/span><\/li>\n<li><strong>Fermeture: <\/strong>Syst\u00e8me de cr\u00e9mone en PVC avec<strong><span data-contrast=\"auto\">\u00a0trois<\/span><b><span data-contrast=\"auto\">les postes<\/span><\/b><span data-contrast=\"auto\">: ferm\u00e9, praticable et oscillo-battant.<\/span><\/strong><\/li>\n<li><b><span data-contrast=\"auto\">S\u00e9curit\u00e9: <\/span><\/b>Syst\u00e8me \u00e0 plusieurs points de fermeture et goupilles cach\u00e9es, garantissant une protection suppl\u00e9mentaire.<\/li>\n<li><b><span data-contrast=\"auto\">R\u00e8glement<\/span><\/b><span data-contrast=\"auto\">: R\u00e9glage tridimensionnel, <\/span><b><span data-contrast=\"auto\">permettre la r\u00e9gulation<\/span><\/b><span data-contrast=\"auto\"> tant aux points de fermeture que dans les autres parties du syst\u00e8me.<\/span><\/li>\n<li><strong>Conception<\/strong>: Assure une bonne esth\u00e9tique avec des joints durables, des joints de vitrage efficaces et une surface lisse. Ces fen\u00eatres offrent solidit\u00e9, modernit\u00e9 et facilit\u00e9 de nettoyage.<\/li>\n<\/ul>","protected":false},"featured_media":18417,"comment_status":"open","ping_status":"closed","template":"","meta":{"_acf_changed":false,"_joinchat":[],"jetpack_publicize_message":"","jetpack_publicize_feature_enabled":true,"jetpack_social_post_already_shared":false,"jetpack_social_options":{"image_generator_settings":{"template":"highway","default_image_id":0,"font":"","enabled":false},"version":2}},"product_brand":[],"product_cat":[818,1344,826,771,723],"product_tag":[152,214,211,149,148,274,807,150],"class_list":{"0":"post-18411","1":"product","2":"type-product","3":"status-publish","4":"has-post-thumbnail","6":"product_cat-pvc","7":"product_cat-shopping","8":"product_cat-ventanas-oscilobatientes","9":"product_cat-ventanas-pvc","10":"product_cat-ventanas-pvc-oscilobatientes","11":"product_tag-1-hoja","12":"product_tag-carglass","13":"product_tag-cristal-mate","14":"product_tag-derecha","15":"product_tag-practicable","16":"product_tag-pvc","17":"product_tag-pvcd0023","18":"product_tag-ventana","19":"product_shipping_class-ligeros","21":"first","22":"instock","23":"taxable","24":"shipping-taxable","25":"purchasable","26":"product-type-simple"},"acf":[],"jetpack_publicize_connections":[],"jetpack_sharing_enabled":true,"_links":{"self":[{"href":"https:\/\/ventanastock.es\/fr\/wp-json\/wp\/v2\/product\/18411","targetHints":{"allow":["GET"]}}],"collection":[{"href":"https:\/\/ventanastock.es\/fr\/wp-json\/wp\/v2\/product"}],"about":[{"href":"https:\/\/ventanastock.es\/fr\/wp-json\/wp\/v2\/types\/product"}],"replies":[{"embeddable":true,"href":"https:\/\/ventanastock.es\/fr\/wp-json\/wp\/v2\/comments?post=18411"}],"wp:featuredmedia":[{"embeddable":true,"href":"https:\/\/ventanastock.es\/fr\/wp-json\/wp\/v2\/media\/18417"}],"wp:attachment":[{"href":"https:\/\/ventanastock.es\/fr\/wp-json\/wp\/v2\/media?parent=18411"}],"wp:term":[{"taxonomy":"product_brand","embeddable":true,"href":"https:\/\/ventanastock.es\/fr\/wp-json\/wp\/v2\/product_brand?post=18411"},{"taxonomy":"product_cat","embeddable":true,"href":"https:\/\/ventanastock.es\/fr\/wp-json\/wp\/v2\/product_cat?post=18411"},{"taxonomy":"product_tag","embeddable":true,"href":"https:\/\/ventanastock.es\/fr\/wp-json\/wp\/v2\/product_tag?post=18411"}],"curies":[{"name":"wp","href":"https:\/\/api.w.org\/{rel}","templated":true}]}}