    {"id":20256,"date":"2023-01-10T08:36:50","date_gmt":"2023-01-10T07:36:50","guid":{"rendered":"https:\/\/ventanastock.es\/?post_type=product&#038;p=20256"},"modified":"2026-05-15T07:59:51","modified_gmt":"2026-05-15T05:59:51","slug":"ventana-pvc-practicable-oscilobatiente-derecha-con-persiana-800x1155-1hoja-color-roble","status":"publish","type":"product","link":"https:\/\/ventanastock.es\/fr\/produit\/ventana-pvc-practicable-oscilobatiente-derecha-con-persiana-800x1155-1hoja-color-roble\/","title":{"rendered":"Fen\u00eatre PVC Oscillo-Droite Droite avec Volet 800X1155 1 T\u00f4le COULEUR CH\u00caNE"},"content":{"rendered":"<p><strong>Les images des produits pr\u00e9sent\u00e9s sur ce site Web peuvent pr\u00e9senter des variations par rapport au produit physique.<\/strong><\/p>\n<p><strong>Description du produit\u00a0:<\/strong> <span class=\"selectable-text copyable-text false\">Notre syst\u00e8me est une nouvelle g\u00e9n\u00e9ration de profil\u00e9s qui r\u00e9pond aujourd\u2019hui aux exigences des fen\u00eatres du futur. Ils combinent la technologie la plus moderne avec le plus grand confort pour votre maison. La construction robuste des profil\u00e9s d&#039;une largeur de <strong>70mm<\/strong> sans caisson et <strong>97 mm<\/strong> avec un caisson \u00e0 volets et de grandes chambres pour les renforts en acier, ils garantissent des param\u00e8tres statiques optimaux et permettent la construction de grandes fen\u00eatres.<\/span><\/p>\n<p><strong>Type de profil\u00a0: <\/strong><\/p>\n<ul>\n<li style=\"list-style-type: none;\">\n<ul>\n<li><strong>Mat\u00e9riel:<\/strong> PVC de haute qualit\u00e9, offrant une excellente isolation thermique et acoustique.<\/li>\n<li><strong>Finition:<\/strong> Esth\u00e9tique, moderne et facile d&#039;entretien.<\/li>\n<\/ul>\n<\/li>\n<\/ul>\n<p><strong>Verre: <\/strong>Verre intelligent 4\/16\/4<strong> Faible \u00e9mission avec gaz argon + contr\u00f4le solaire\u00a0<\/strong>ce qui permet une plus grande r\u00e9duction de la consommation de chauffage et de climatisation<strong><span data-contrast=\"auto\"><b>.\u00a0<\/b><\/span><\/strong><\/p>\n<p><strong>Type d&#039;ouverture\u00a0:<\/strong><\/p>\n<ul>\n<li style=\"list-style-type: none;\">\n<ul>\n<li><b><span data-contrast=\"auto\">Praticable<\/span><\/b><span data-contrast=\"auto\">: La fen\u00eatre s&#039;ouvre de mani\u00e8re traditionnelle vers l&#039;int\u00e9rieur, offrant un acc\u00e8s facile pour l&#039;a\u00e9ration et le nettoyage.<\/span><span data-ccp-props=\"{&quot;134233117&quot;:false,&quot;134233118&quot;:false,&quot;335559738&quot;:0,&quot;335559739&quot;:0}\">\u00a0<\/span><\/li>\n<li><b><span data-contrast=\"auto\">Incliner et tourner<\/span><\/b><span data-contrast=\"auto\">: Permet d&#039;ouvrir la fen\u00eatre par le haut, garantissant une ventilation contr\u00f4l\u00e9e sans risque d&#039;entr\u00e9e de pluie. Id\u00e9al pour garder l&#039;air frais sans compromettre la s\u00e9curit\u00e9 ou l&#039;intimit\u00e9.<\/span><span data-ccp-props=\"{&quot;134233117&quot;:false,&quot;134233118&quot;:false,&quot;335559738&quot;:0,&quot;335559739&quot;:0}\">\u00a0<\/span><\/li>\n<\/ul>\n<\/li>\n<\/ul>\n<p><b><span data-contrast=\"auto\">Syst\u00e8me de fermeture:<\/span><\/b><\/p>\n<ul>\n<li style=\"list-style-type: none;\">\n<ul>\n<li><b><span data-contrast=\"auto\">Cr\u00e9mone en PVC<\/span><\/b><span data-contrast=\"auto\">\u00a0avec\u00a0<\/span><b><span data-contrast=\"auto\">trois postes<\/span><\/b><span data-contrast=\"auto\">: ferm\u00e9, praticable et oscillo-battant.<\/span><\/li>\n<li><span data-contrast=\"auto\">Plusieurs points de verrouillage pour plus de s\u00e9curit\u00e9 et une \u00e9tanch\u00e9it\u00e9 parfaite.<\/span><span data-ccp-props=\"{&quot;134233117&quot;:false,&quot;134233118&quot;:false,&quot;335559738&quot;:0,&quot;335559739&quot;:0}\">\u00a0<\/span><\/li>\n<\/ul>\n<\/li>\n<\/ul>\n<p><strong>Store (PVC)\u00a0:<\/strong><\/p>\n<ul>\n<li style=\"list-style-type: none;\">\n<ul>\n<li><strong style=\"color: #333333;\">Store en PVC<\/strong><span style=\"color: #333333;\"> int\u00e9gr\u00e9, offrant protection solaire et intimit\u00e9.<\/span><\/li>\n<li>Il\u00a0<strong style=\"color: #555555;\">Mat\u00e9riau PVC<\/strong><span style=\"color: #555555;\">\u00a0assure durabilit\u00e9, facilit\u00e9 d&#039;entretien et isolation<\/span><span style=\"color: #555555;\"> suppl\u00e9mentaire.<\/span><\/li>\n<\/ul>\n<\/li>\n<\/ul>\n<p><strong>S\u00e9curit\u00e9:<\/strong>\u00a0Le syst\u00e8me de fermeture comprend <strong><b><span data-contrast=\"auto\">\u00e9pingles cach\u00e9es <\/span><\/b><\/strong>en haut et en bas, offrant une s\u00e9curit\u00e9 suppl\u00e9mentaire. Selon la taille, le syst\u00e8me peut int\u00e9grer entre <strong><b><span data-contrast=\"auto\">deux et quatre points de cl\u00f4ture<\/span><\/b><span data-contrast=\"auto\">.<\/span><\/strong><\/p>\n<p><b><span data-contrast=\"auto\">R\u00e9glementation et accessoires\u00a0:<\/span><\/b> R\u00e9glage tridimensionnel du syst\u00e8me mat\u00e9riel pour un ajustement pr\u00e9cis et durable. Il permet la r\u00e9gulation de la pression et le mouvement horizontal des charni\u00e8res. Il dispose \u00e9galement d&#039;un compas lat\u00e9ral qui limite l&#039;ouverture.<\/p>\n<p><strong>Esth\u00e9tique:<\/strong> Joints de vitrage esth\u00e9tiques et de haute qualit\u00e9. Le biseau \u00e0 15 degr\u00e9s du cadre et du bord du ch\u00e2ssis assure un drainage optimal de l&#039;eau. La structure compacte, les courbes d\u00e9licates et les pentes donnent aux profil\u00e9s un aspect moderne et \u00e9l\u00e9gant. Caoutchoucs gris.<\/p>\n<p><strong>Nos produits offrent un entretien facile, une excellente isolation thermique et acoustique et une grande durabilit\u00e9. Ils r\u00e9sistent \u00e0 l\u2019humidit\u00e9 et \u00e0 la corrosion, ce qui contribue \u00e0 r\u00e9duire les co\u00fbts de chauffage et de climatisation.<\/strong><\/p>","protected":false},"excerpt":{"rendered":"<p><b>ENTREGA EN 24\/48 HORAS<\/b><\/p>\n<div class=\"product-short-description\">\n<ul>\n<li><b><span data-contrast=\"auto\">Perfiler\u00eda<\/span><\/b><span data-contrast=\"auto\">: <\/span>5 c\u00e1maras y <strong style=\"font-size: 14.4px;\">70 mm sin persiana<\/strong><span style=\"font-size: 14.4px;\"> y<\/span><strong style=\"font-size: 14.4px;\"> 97 mm con persiana<\/strong><span style=\"font-size: 14.4px;\"> del ancho aseguran un aislamiento t\u00e9rmico y ac\u00fastico \u00f3ptimo (1.4 W \/ m2K)<\/span><strong style=\"font-size: 14.4px;\">. <\/strong>Con acabado en<strong> COLOR ROBLE.<\/strong><\/li>\n<li data-leveltext=\"\uf0b7\" data-font=\"Symbol\" data-listid=\"17\" data-list-defn-props=\"{&quot;335552541&quot;:1,&quot;335559685&quot;:720,&quot;335559991&quot;:360,&quot;469769226&quot;:&quot;Symbol&quot;,&quot;469769242&quot;:[8226],&quot;469777803&quot;:&quot;left&quot;,&quot;469777804&quot;:&quot;\uf0b7&quot;,&quot;469777815&quot;:&quot;hybridMultilevel&quot;}\" aria-setsize=\"-1\" data-aria-posinset=\"7\" data-aria-level=\"1\"><strong>Apertura:\u00a0<\/strong>Vista\u00a0desde el interior<strong>\u00a0hacia la derecha. Lo que\u00a0impide su apertura desde el exterior.\u00a0<\/strong>Permite abrirla de manera<strong>\u00a0oscilante (inclinada)\u00a0<\/strong>o<strong>\u00a0completamente abatible<\/strong>.<\/li>\n<li data-leveltext=\"\uf0b7\" data-font=\"Symbol\" data-listid=\"17\" data-list-defn-props=\"{&quot;335552541&quot;:1,&quot;335559685&quot;:720,&quot;335559991&quot;:360,&quot;469769226&quot;:&quot;Symbol&quot;,&quot;469769242&quot;:[8226],&quot;469777803&quot;:&quot;left&quot;,&quot;469777804&quot;:&quot;\uf0b7&quot;,&quot;469777815&quot;:&quot;hybridMultilevel&quot;}\" aria-setsize=\"-1\" data-aria-posinset=\"7\" data-aria-level=\"1\"><strong>Hojas<\/strong>: La ventana dispone de\u00a0<strong>una hoja.<\/strong><\/li>\n<li data-leveltext=\"\uf0b7\" data-font=\"Symbol\" data-listid=\"17\" data-list-defn-props=\"{&quot;335552541&quot;:1,&quot;335559685&quot;:720,&quot;335559991&quot;:360,&quot;469769226&quot;:&quot;Symbol&quot;,&quot;469769242&quot;:[8226],&quot;469777803&quot;:&quot;left&quot;,&quot;469777804&quot;:&quot;\uf0b7&quot;,&quot;469777815&quot;:&quot;hybridMultilevel&quot;}\" aria-setsize=\"-1\" data-aria-posinset=\"7\" data-aria-level=\"1\"><strong>Medidas: Ancho<\/strong>\u00a0(800 mm) x\u00a0<strong>Alto<\/strong>\u00a0(1155 mm).<\/li>\n<li data-leveltext=\"\uf0b7\" data-font=\"Symbol\" data-listid=\"17\" data-list-defn-props=\"{&quot;335552541&quot;:1,&quot;335559685&quot;:720,&quot;335559991&quot;:360,&quot;469769226&quot;:&quot;Symbol&quot;,&quot;469769242&quot;:[8226],&quot;469777803&quot;:&quot;left&quot;,&quot;469777804&quot;:&quot;\uf0b7&quot;,&quot;469777815&quot;:&quot;hybridMultilevel&quot;}\" aria-setsize=\"-1\" data-aria-posinset=\"7\" data-aria-level=\"1\"><b><span data-contrast=\"auto\">Vidrio<\/span><\/b><span data-contrast=\"auto\">: Compuesto por un vidrio\u00a0<strong>4\/16\/4 Bajo Emisivo con Gas Arg\u00f3n + Control Solar\u00a0<\/strong>que permite una mayor reducci\u00f3n del consumo de calefacci\u00f3n y del aire acondicionado<strong><b>.<\/b><\/strong><\/span><\/li>\n<li><b><span data-contrast=\"auto\">Persiana PVC:\u00a0<\/span><\/b><span data-contrast=\"auto\">Persiana integrada en el sistema,\u00a0<\/span><b><span data-contrast=\"auto\">fabricada en PVC.<\/span><\/b><\/li>\n<li data-leveltext=\"\uf0b7\" data-font=\"Symbol\" data-listid=\"17\" data-list-defn-props=\"{&quot;335552541&quot;:1,&quot;335559685&quot;:720,&quot;335559991&quot;:360,&quot;469769226&quot;:&quot;Symbol&quot;,&quot;469769242&quot;:[8226],&quot;469777803&quot;:&quot;left&quot;,&quot;469777804&quot;:&quot;\uf0b7&quot;,&quot;469777815&quot;:&quot;hybridMultilevel&quot;}\" aria-setsize=\"-1\" data-aria-posinset=\"7\" data-aria-level=\"1\"><strong>Cierre:\u00a0<\/strong>Sistema de cremona de PVC con<strong><span data-contrast=\"auto\">\u00a0tre<\/span><b><span data-contrast=\"auto\">s posiciones<\/span><\/b><span data-contrast=\"auto\">: cerrado, practicable y oscilobatiente.<\/span><\/strong><\/li>\n<li><b><span data-contrast=\"auto\">Seguridad:\u00a0<\/span><\/b>Sistema con varios puntos de cierre y pasadores ocultos, garantizando protecci\u00f3n adicional.<\/li>\n<li><b><span data-contrast=\"auto\">Regulaci\u00f3n<\/span><\/b><span data-contrast=\"auto\">: Ajuste tridimensional,\u00a0<\/span><b><span data-contrast=\"auto\">permitiendo regulaci\u00f3n<\/span><\/b><span data-contrast=\"auto\">\u00a0tanto en los puntos de cierre como en las dem\u00e1s partes del sistema.<\/span><\/li>\n<li><strong>Dise\u00f1o<\/strong>: Garantiza una est\u00e9tica adecuada con sellos duraderos, juntas de acristalamiento eficientes y superficie lisa. Estas ventanas ofrecen firmeza, modernidad y f\u00e1cil limpieza.<\/li>\n<\/ul>\n<\/div>\n<p class=\"stock in-stock\">\n","protected":false},"featured_media":20257,"comment_status":"closed","ping_status":"closed","template":"","meta":{"_acf_changed":false,"_joinchat":[],"jetpack_publicize_message":"","jetpack_publicize_feature_enabled":true,"jetpack_social_post_already_shared":false,"jetpack_social_options":{"image_generator_settings":{"template":"highway","default_image_id":0,"font":"","enabled":false},"version":2}},"product_brand":[],"product_cat":[1004,1260,818,1344,1254,1261,826,840],"product_tag":[152,149,148,274,813,150],"class_list":{"0":"post-20256","1":"product","2":"type-product","3":"status-publish","4":"has-post-thumbnail","6":"product_cat-ofertas","7":"product_cat-ofertas-pvc","8":"product_cat-pvc","9":"product_cat-shopping","10":"product_cat-superventas","11":"product_cat-superventas-pvc","12":"product_cat-ventanas-oscilobatientes","13":"product_cat-ventanas-pvc-roble","14":"product_tag-1-hoja","15":"product_tag-derecha","16":"product_tag-practicable","17":"product_tag-pvc","18":"product_tag-roble","19":"product_tag-ventana","20":"product_shipping_class-ligeros","22":"first","23":"instock","24":"taxable","25":"shipping-taxable","26":"purchasable","27":"product-type-simple"},"acf":[],"jetpack_publicize_connections":[],"jetpack_sharing_enabled":true,"_links":{"self":[{"href":"https:\/\/ventanastock.es\/fr\/wp-json\/wp\/v2\/product\/20256","targetHints":{"allow":["GET"]}}],"collection":[{"href":"https:\/\/ventanastock.es\/fr\/wp-json\/wp\/v2\/product"}],"about":[{"href":"https:\/\/ventanastock.es\/fr\/wp-json\/wp\/v2\/types\/product"}],"replies":[{"embeddable":true,"href":"https:\/\/ventanastock.es\/fr\/wp-json\/wp\/v2\/comments?post=20256"}],"wp:featuredmedia":[{"embeddable":true,"href":"https:\/\/ventanastock.es\/fr\/wp-json\/wp\/v2\/media\/20257"}],"wp:attachment":[{"href":"https:\/\/ventanastock.es\/fr\/wp-json\/wp\/v2\/media?parent=20256"}],"wp:term":[{"taxonomy":"product_brand","embeddable":true,"href":"https:\/\/ventanastock.es\/fr\/wp-json\/wp\/v2\/product_brand?post=20256"},{"taxonomy":"product_cat","embeddable":true,"href":"https:\/\/ventanastock.es\/fr\/wp-json\/wp\/v2\/product_cat?post=20256"},{"taxonomy":"product_tag","embeddable":true,"href":"https:\/\/ventanastock.es\/fr\/wp-json\/wp\/v2\/product_tag?post=20256"}],"curies":[{"name":"wp","href":"https:\/\/api.w.org\/{rel}","templated":true}]}}