    {"id":2854,"date":"2017-02-01T01:00:22","date_gmt":"2017-02-01T00:00:22","guid":{"rendered":"http:\/\/ventanastock.es\/producto\/ventana-aluminio-practicable-oscilobatiente-derecha-700x1000-1h\/"},"modified":"2025-12-11T12:38:51","modified_gmt":"2025-12-11T10:38:51","slug":"ventana-aluminio-practicable-oscilobatiente-derecha-700x1000-1h","status":"publish","type":"product","link":"https:\/\/ventanastock.es\/fr\/produit\/ventana-aluminio-practicable-oscilobatiente-derecha-700x1000-1h\/","title":{"rendered":"Fen\u00eatre en aluminium pratique \u00e0 inclinaison et rotation \u00e0 droite 700 \u00d7 1000 1h"},"content":{"rendered":"<p><strong>Type de profil\u00a0: <\/strong><\/p>\n<ul>\n<li style=\"list-style-type: none;\">\n<ul>\n<li><b style=\"color: #333333;\"><span data-contrast=\"auto\">Aluminium<\/span><\/b><span style=\"color: #333333;\" data-contrast=\"auto\">, id\u00e9al pour assurer une structure durable et r\u00e9sistante.<\/span><span style=\"color: #333333;\" data-ccp-props=\"{&quot;134233117&quot;:false,&quot;134233118&quot;:false,&quot;335559738&quot;:0,&quot;335559739&quot;:0}\">\u00a0<\/span><\/li>\n<li><span data-contrast=\"auto\">Finition <\/span><b><span data-contrast=\"auto\">\u00e9l\u00e9gant et moderne<\/span><\/b><span data-contrast=\"auto\">.<\/span><span data-ccp-props=\"{&quot;134233117&quot;:false,&quot;134233118&quot;:false,&quot;335559738&quot;:0,&quot;335559739&quot;:0}\">\u00a0<\/span><\/li>\n<li><b><span data-contrast=\"auto\">S\u00e9rie froide avec cha\u00eene europ\u00e9enne.<\/span><\/b><\/li>\n<\/ul>\n<\/li>\n<\/ul>\n<p><b style=\"font-size: 14.4px;\"><span data-contrast=\"auto\">Verre:<\/span><\/b> <b style=\"color: #333333;\"><span data-contrast=\"auto\">Verre double vitrage<\/span><\/b><span style=\"color: #333333;\" data-contrast=\"auto\"> est compos\u00e9 de <\/span><b style=\"color: #333333;\"><span data-contrast=\"auto\">deux couches de verre float de 4 mm<\/span><\/b><span style=\"color: #333333;\" data-contrast=\"auto\"> et un appareil photo <\/span><b style=\"color: #333333;\"><span data-contrast=\"auto\">8 mm d\u00e9shydrat\u00e9.<\/span><\/b><span style=\"color: #333333;\" data-ccp-props=\"{&quot;134233117&quot;:false,&quot;134233118&quot;:false,&quot;335559738&quot;:0,&quot;335559739&quot;:0}\">\u00a0<\/span><\/p>\n<p><b><span data-contrast=\"auto\">Type d&#039;ouverture\u00a0: <\/span><\/b><\/p>\n<ul>\n<li style=\"list-style-type: none;\">\n<ul>\n<li><b style=\"color: #333333;\"><span data-contrast=\"auto\">Praticable<\/span><\/b><span style=\"color: #333333;\" data-contrast=\"auto\">: La fen\u00eatre s&#039;ouvre de mani\u00e8re traditionnelle vers l&#039;int\u00e9rieur, offrant un acc\u00e8s facile pour l&#039;a\u00e9ration et le nettoyage.<\/span><span style=\"color: #333333;\" data-ccp-props=\"{&quot;134233117&quot;:false,&quot;134233118&quot;:false,&quot;335559738&quot;:0,&quot;335559739&quot;:0}\">\u00a0<\/span><\/li>\n<li><b><span data-contrast=\"auto\">Incliner et tourner<\/span><\/b><span data-contrast=\"auto\">: Permet d&#039;ouvrir la fen\u00eatre par le haut, garantissant une ventilation contr\u00f4l\u00e9e sans risque d&#039;entr\u00e9e de pluie. Id\u00e9al pour garder l&#039;air frais sans compromettre la s\u00e9curit\u00e9 ou l&#039;intimit\u00e9.<\/span><\/li>\n<\/ul>\n<\/li>\n<\/ul>\n<p><b><span data-contrast=\"auto\">Syst\u00e8me de fermeture:<\/span><\/b><\/p>\n<ul>\n<li style=\"list-style-type: none;\">\n<ul>\n<li><b style=\"font-size: 14.4px;\"><span data-contrast=\"auto\">Cr\u00e9mone en aluminium<\/span><\/b><span style=\"font-size: 14.4px;\" data-contrast=\"auto\"> avec <\/span><b style=\"font-size: 14.4px;\"><span data-contrast=\"auto\">trois postes<\/span><\/b><span style=\"font-size: 14.4px;\" data-contrast=\"auto\">: ferm\u00e9, praticable et oscillo-battant.<\/span><span style=\"font-size: 14.4px;\" data-ccp-props=\"{&quot;134233117&quot;:false,&quot;134233118&quot;:false,&quot;335559738&quot;:0,&quot;335559739&quot;:0}\">\u00a0<\/span><\/li>\n<li><span data-contrast=\"auto\">Plusieurs points de verrouillage pour plus de s\u00e9curit\u00e9 et une \u00e9tanch\u00e9it\u00e9 parfaite.<\/span><span data-ccp-props=\"{&quot;134233117&quot;:false,&quot;134233118&quot;:false,&quot;335559738&quot;:0,&quot;335559739&quot;:0}\">\u00a0<\/span><\/li>\n<\/ul>\n<\/li>\n<\/ul>\n<p><b><span data-contrast=\"auto\">S\u00e9curit\u00e9: <\/span><\/b><span style=\"color: #333333;\" data-contrast=\"auto\">Le syst\u00e8me de fermeture comprend <\/span><b style=\"color: #333333;\"><span data-contrast=\"auto\">\u00e9pingles cach\u00e9es<\/span><\/b><span style=\"color: #333333;\" data-contrast=\"auto\"> en haut et en bas, offrant une s\u00e9curit\u00e9 suppl\u00e9mentaire.<\/span> <span style=\"color: #333333;\" data-contrast=\"auto\">Selon la taille, le syst\u00e8me peut int\u00e9grer entre <\/span><b style=\"color: #333333;\"><span data-contrast=\"auto\">deux et quatre points de cl\u00f4ture<\/span><\/b><span style=\"color: #333333;\" data-contrast=\"auto\">.<\/span><\/p>\n<p><b><span data-contrast=\"auto\">R\u00e9glementation et accessoires\u00a0:<\/span><\/b>\u00a0R\u00e9glage tridimensionnel du syst\u00e8me mat\u00e9riel pour un ajustement pr\u00e9cis et durable. Il permet la r\u00e9gulation de la pression et le mouvement horizontal des charni\u00e8res. Il dispose \u00e9galement d&#039;un compas lat\u00e9ral qui limite l&#039;ouverture.<\/p>","protected":false},"excerpt":{"rendered":"<p><b>ENTREGA EN 24\/48 HORAS<\/b><\/p>\n<ul>\n<li data-leveltext=\"\uf0b7\" data-font=\"Symbol\" data-listid=\"17\" data-list-defn-props=\"{&quot;335552541&quot;:1,&quot;335559685&quot;:720,&quot;335559991&quot;:360,&quot;469769226&quot;:&quot;Symbol&quot;,&quot;469769242&quot;:[8226],&quot;469777803&quot;:&quot;left&quot;,&quot;469777804&quot;:&quot;\uf0b7&quot;,&quot;469777815&quot;:&quot;hybridMultilevel&quot;}\" aria-setsize=\"-1\" data-aria-posinset=\"7\" data-aria-level=\"1\"><b><span data-contrast=\"auto\">Perfiler\u00eda<\/span><\/b><span data-contrast=\"auto\">:<\/span> El grosor de nuestras ventanas es de <strong>40 mm<\/strong>.<\/li>\n<li data-leveltext=\"\uf0b7\" data-font=\"Symbol\" data-listid=\"17\" data-list-defn-props=\"{&quot;335552541&quot;:1,&quot;335559685&quot;:720,&quot;335559991&quot;:360,&quot;469769226&quot;:&quot;Symbol&quot;,&quot;469769242&quot;:[8226],&quot;469777803&quot;:&quot;left&quot;,&quot;469777804&quot;:&quot;\uf0b7&quot;,&quot;469777815&quot;:&quot;hybridMultilevel&quot;}\" aria-setsize=\"-1\" data-aria-posinset=\"7\" data-aria-level=\"1\"><strong>Apertura:<\/strong> Vista <strong>desde el interior<\/strong> hacia la derecha.\u00a0Lo que <strong>impide su apertura<\/strong> desde el exterior.<\/li>\n<li data-leveltext=\"\uf0b7\" data-font=\"Symbol\" data-listid=\"17\" data-list-defn-props=\"{&quot;335552541&quot;:1,&quot;335559685&quot;:720,&quot;335559991&quot;:360,&quot;469769226&quot;:&quot;Symbol&quot;,&quot;469769242&quot;:[8226],&quot;469777803&quot;:&quot;left&quot;,&quot;469777804&quot;:&quot;\uf0b7&quot;,&quot;469777815&quot;:&quot;hybridMultilevel&quot;}\" aria-setsize=\"-1\" data-aria-posinset=\"7\" data-aria-level=\"1\"><strong>Hojas<\/strong>: La ventana dispone de <strong>una hoja.<\/strong><\/li>\n<li data-leveltext=\"\uf0b7\" data-font=\"Symbol\" data-listid=\"17\" data-list-defn-props=\"{&quot;335552541&quot;:1,&quot;335559685&quot;:720,&quot;335559991&quot;:360,&quot;469769226&quot;:&quot;Symbol&quot;,&quot;469769242&quot;:[8226],&quot;469777803&quot;:&quot;left&quot;,&quot;469777804&quot;:&quot;\uf0b7&quot;,&quot;469777815&quot;:&quot;hybridMultilevel&quot;}\" aria-setsize=\"-1\" data-aria-posinset=\"7\" data-aria-level=\"1\"><strong>Medidas: Ancho<\/strong> (700 mm) x <strong>Alto<\/strong> (1000 mm).<\/li>\n<li data-leveltext=\"\uf0b7\" data-font=\"Symbol\" data-listid=\"17\" data-list-defn-props=\"{&quot;335552541&quot;:1,&quot;335559685&quot;:720,&quot;335559991&quot;:360,&quot;469769226&quot;:&quot;Symbol&quot;,&quot;469769242&quot;:[8226],&quot;469777803&quot;:&quot;left&quot;,&quot;469777804&quot;:&quot;\uf0b7&quot;,&quot;469777815&quot;:&quot;hybridMultilevel&quot;}\" aria-setsize=\"-1\" data-aria-posinset=\"7\" data-aria-level=\"1\"><b><span data-contrast=\"auto\">Vidrio<\/span><\/b><span data-contrast=\"auto\">: Compuesto por <\/span><b><span data-contrast=\"auto\">dos capas de vidrio float de 4 mm<\/span><\/b><span data-contrast=\"auto\"> y una <\/span><b><span data-contrast=\"auto\">c\u00e1mara deshidratada de 8 mm<\/span><\/b><span data-contrast=\"auto\">, con <\/span><b><span data-contrast=\"auto\">doble acristalamiento.<\/span><\/b><span data-ccp-props=\"{&quot;134233117&quot;:false,&quot;134233118&quot;:false,&quot;335559738&quot;:0,&quot;335559739&quot;:240}\">\u00a0<\/span><\/li>\n<li data-leveltext=\"\uf0b7\" data-font=\"Symbol\" data-listid=\"17\" data-list-defn-props=\"{&quot;335552541&quot;:1,&quot;335559685&quot;:720,&quot;335559991&quot;:360,&quot;469769226&quot;:&quot;Symbol&quot;,&quot;469769242&quot;:[8226],&quot;469777803&quot;:&quot;left&quot;,&quot;469777804&quot;:&quot;\uf0b7&quot;,&quot;469777815&quot;:&quot;hybridMultilevel&quot;}\" aria-setsize=\"-1\" data-aria-posinset=\"7\" data-aria-level=\"1\"><b><span data-contrast=\"auto\">Cierre: <\/span><\/b><span data-contrast=\"auto\">Sistema de cremona de aluminio con <strong>tre<\/strong><\/span><b><span data-contrast=\"auto\">s posiciones<\/span><\/b><span data-contrast=\"auto\">: cerrado, practicable y oscilobatiente.<\/span><\/li>\n<li><b><span data-contrast=\"auto\">Seguridad: <\/span><\/b><span data-contrast=\"auto\">Sistema de cierre con dos y cuatro puntos de seguridad, junto con pasadores ocultos.<\/span><\/li>\n<li><b><span data-contrast=\"auto\">Regulaci\u00f3n<\/span><\/b><span data-contrast=\"auto\">: Ajuste tridimensional, <\/span><b><span data-contrast=\"auto\">permitiendo regulaci\u00f3n<\/span><\/b><span data-contrast=\"auto\"> tanto en los puntos de cierre como en las dem\u00e1s partes del sistema.\u00a0\u00a0<\/span><\/li>\n<\/ul>\n","protected":false},"featured_media":21769,"comment_status":"open","ping_status":"closed","template":"","meta":{"_acf_changed":false,"_joinchat":[],"jetpack_publicize_message":"","jetpack_publicize_feature_enabled":true,"jetpack_social_post_already_shared":false,"jetpack_social_options":{"image_generator_settings":{"template":"highway","default_image_id":0,"font":"","enabled":false},"version":2}},"product_brand":[],"product_cat":[817,1344,1345,769,51,826],"product_tag":[304,152,305,147,149,154,148,150],"class_list":{"0":"post-2854","1":"product","2":"type-product","3":"status-publish","4":"has-post-thumbnail","6":"product_cat-aluminio","7":"product_cat-shopping","8":"product_cat-shopping-ads","9":"product_cat-ventanas-aluminio","10":"product_cat-ventanas-aluminio-oscilobatientes","11":"product_cat-ventanas-oscilobatientes","12":"product_tag-304","13":"product_tag-1-hoja","14":"product_tag-alb0005","15":"product_tag-aluminio","16":"product_tag-derecha","17":"product_tag-oscilobatiente","18":"product_tag-practicable","19":"product_tag-ventana","20":"product_shipping_class-ligeros","22":"first","23":"instock","24":"taxable","25":"shipping-taxable","26":"purchasable","27":"product-type-simple"},"acf":[],"jetpack_publicize_connections":[],"jetpack_sharing_enabled":true,"_links":{"self":[{"href":"https:\/\/ventanastock.es\/fr\/wp-json\/wp\/v2\/product\/2854","targetHints":{"allow":["GET"]}}],"collection":[{"href":"https:\/\/ventanastock.es\/fr\/wp-json\/wp\/v2\/product"}],"about":[{"href":"https:\/\/ventanastock.es\/fr\/wp-json\/wp\/v2\/types\/product"}],"replies":[{"embeddable":true,"href":"https:\/\/ventanastock.es\/fr\/wp-json\/wp\/v2\/comments?post=2854"}],"wp:featuredmedia":[{"embeddable":true,"href":"https:\/\/ventanastock.es\/fr\/wp-json\/wp\/v2\/media\/21769"}],"wp:attachment":[{"href":"https:\/\/ventanastock.es\/fr\/wp-json\/wp\/v2\/media?parent=2854"}],"wp:term":[{"taxonomy":"product_brand","embeddable":true,"href":"https:\/\/ventanastock.es\/fr\/wp-json\/wp\/v2\/product_brand?post=2854"},{"taxonomy":"product_cat","embeddable":true,"href":"https:\/\/ventanastock.es\/fr\/wp-json\/wp\/v2\/product_cat?post=2854"},{"taxonomy":"product_tag","embeddable":true,"href":"https:\/\/ventanastock.es\/fr\/wp-json\/wp\/v2\/product_tag?post=2854"}],"curies":[{"name":"wp","href":"https:\/\/api.w.org\/{rel}","templated":true}]}}