    {"id":2873,"date":"2016-11-09T21:39:49","date_gmt":"2016-11-09T20:39:49","guid":{"rendered":"http:\/\/ventanastock.es\/producto\/ventana-aluminio-corredera-con-persiana-pvc-1000x1380-2h\/"},"modified":"2026-03-03T11:28:34","modified_gmt":"2026-03-03T09:28:34","slug":"ventana-aluminio-corredera-con-persiana-pvc-1000x1355-2h","status":"publish","type":"product","link":"https:\/\/ventanastock.es\/fr\/produit\/ventana-aluminio-corredera-con-persiana-pvc-1000x1355-2h\/","title":{"rendered":"Fen\u00eatre coulissante en aluminium avec volet (PVC) 1000 \u00d7 1355 2h"},"content":{"rendered":"<p><strong>Type de profil\u00a0: <\/strong><\/p>\n<ul>\n<li style=\"list-style-type: none;\">\n<ul>\n<li><strong style=\"color: #333333;\">Aluminium<\/strong><span style=\"color: #333333;\">, id\u00e9al pour assurer une structure durable et r\u00e9sistante.<\/span><\/li>\n<li>Finition\u00a0<strong>\u00e9l\u00e9gant et moderne<\/strong>.<\/li>\n<li><strong>S\u00e9rie froide avec cha\u00eene europ\u00e9enne.<\/strong><\/li>\n<\/ul>\n<\/li>\n<\/ul>\n<p><strong>Verre:\u00a0<\/strong><strong>Verre double vitrage<\/strong>\u00a0est compos\u00e9 de\u00a0<strong>deux couches de verre float de 4 mm<\/strong>\u00a0et un appareil photo\u00a0<strong>8 mm d\u00e9shydrat\u00e9.\u00a0<\/strong><\/p>\n<p><strong>Syst\u00e8me de fermeture: <\/strong><span style=\"color: #333333;\">Fermeture int\u00e9gr\u00e9e \u00e0 l&#039;int\u00e9rieur des deux vantaux.<\/span><\/p>\n<p><strong>S\u00e9curit\u00e9: <\/strong>Un point de s\u00e9curit\u00e9 ferme sur chaque vantail.<\/p>\n<p><strong>R\u00e8glement de fermeture:\u00a0<\/strong>Il permet un r\u00e9glage en hauteur et en largeur, permettant ainsi d&#039;effectuer un r\u00e9glage pr\u00e9cis.<\/p>\n<p><strong>Store (PVC)\u00a0:<\/strong><\/p>\n<ul>\n<li style=\"list-style-type: none;\">\n<ul>\n<li><strong>Store en PVC<\/strong>\u00a0int\u00e9gr\u00e9, offrant protection solaire et intimit\u00e9.<\/li>\n<li>Il\u00a0<strong>Mat\u00e9riau PVC<\/strong>\u00a0assure la durabilit\u00e9, la facilit\u00e9 d\u2019entretien et une isolation suppl\u00e9mentaire.<\/li>\n<li>Contr\u00f4le de la luminosit\u00e9 et protection thermique.<\/li>\n<\/ul>\n<\/li>\n<\/ul>\n<p><strong>Syst\u00e8me de roue:<\/strong>\u00a0Roues avec roulements \u00e0 billes et r\u00e9gulation<strong>\u00a0avec cl\u00e9 Allen<\/strong>\u00a0vous permettant d&#039;augmenter ou de diminuer pour un meilleur ajustement. Le bo\u00eetier est\u00a0<strong>Zamac<\/strong>\u00a0et est trait\u00e9 contre la corrosion.\u00a0<strong>Vous permet d&#039;ajuster<\/strong>\u00a0au cas o\u00f9 la fen\u00eatre ne serait pas compl\u00e8tement de niveau. Haute r\u00e9sistance pour supporter un poids plus important.<\/p>\n<p><strong>Des joints d&#039;\u00e9tanch\u00e9it\u00e9:\u00a0<\/strong>Des joints d&#039;\u00e9tanch\u00e9it\u00e9 sont install\u00e9s au niveau des joints des cadres.\u00a0<strong>(n\u00e9opr\u00e8ne de haute qualit\u00e9)\u00a0<\/strong>pour \u00e9viter les fuites d&#039;eau<strong>.<\/strong><\/p>","protected":false},"excerpt":{"rendered":"<p><b>ENTREGA EN 24\/48 HORAS<\/b><\/p>\n<ul>\n<li data-leveltext=\"\uf0b7\" data-font=\"Symbol\" data-listid=\"17\" data-list-defn-props=\"{&quot;335552541&quot;:1,&quot;335559685&quot;:720,&quot;335559991&quot;:360,&quot;469769226&quot;:&quot;Symbol&quot;,&quot;469769242&quot;:[8226],&quot;469777803&quot;:&quot;left&quot;,&quot;469777804&quot;:&quot;\uf0b7&quot;,&quot;469777815&quot;:&quot;hybridMultilevel&quot;}\" aria-setsize=\"-1\" data-aria-posinset=\"7\" data-aria-level=\"1\"><b><span data-contrast=\"auto\">Perfiler\u00eda<\/span><\/b><span data-contrast=\"auto\">:<\/span> El grosor de nuestras ventanas es de <strong>60 mm\u00a0<\/strong>y de <strong>120 mm<\/strong> cuando <strong>incluyen persiana<\/strong>.<\/li>\n<li data-leveltext=\"\uf0b7\" data-font=\"Symbol\" data-listid=\"17\" data-list-defn-props=\"{&quot;335552541&quot;:1,&quot;335559685&quot;:720,&quot;335559991&quot;:360,&quot;469769226&quot;:&quot;Symbol&quot;,&quot;469769242&quot;:[8226],&quot;469777803&quot;:&quot;left&quot;,&quot;469777804&quot;:&quot;\uf0b7&quot;,&quot;469777815&quot;:&quot;hybridMultilevel&quot;}\" aria-setsize=\"-1\" data-aria-posinset=\"7\" data-aria-level=\"1\"><strong>Apertura:<\/strong> Corredera, ideal para ahorrar espacio y facilitar el acceso a balcones y terrazas.<\/li>\n<li data-leveltext=\"\uf0b7\" data-font=\"Symbol\" data-listid=\"17\" data-list-defn-props=\"{&quot;335552541&quot;:1,&quot;335559685&quot;:720,&quot;335559991&quot;:360,&quot;469769226&quot;:&quot;Symbol&quot;,&quot;469769242&quot;:[8226],&quot;469777803&quot;:&quot;left&quot;,&quot;469777804&quot;:&quot;\uf0b7&quot;,&quot;469777815&quot;:&quot;hybridMultilevel&quot;}\" aria-setsize=\"-1\" data-aria-posinset=\"7\" data-aria-level=\"1\"><strong>Hojas<\/strong>: La ventana dispone de <strong>dos hojas.<\/strong><\/li>\n<li data-leveltext=\"\uf0b7\" data-font=\"Symbol\" data-listid=\"17\" data-list-defn-props=\"{&quot;335552541&quot;:1,&quot;335559685&quot;:720,&quot;335559991&quot;:360,&quot;469769226&quot;:&quot;Symbol&quot;,&quot;469769242&quot;:[8226],&quot;469777803&quot;:&quot;left&quot;,&quot;469777804&quot;:&quot;\uf0b7&quot;,&quot;469777815&quot;:&quot;hybridMultilevel&quot;}\" aria-setsize=\"-1\" data-aria-posinset=\"7\" data-aria-level=\"1\"><strong>Medidas: Ancho<\/strong> (1000 mm) x <strong>Alto<\/strong> (1355 mm).<\/li>\n<li data-leveltext=\"\uf0b7\" data-font=\"Symbol\" data-listid=\"17\" data-list-defn-props=\"{&quot;335552541&quot;:1,&quot;335559685&quot;:720,&quot;335559991&quot;:360,&quot;469769226&quot;:&quot;Symbol&quot;,&quot;469769242&quot;:[8226],&quot;469777803&quot;:&quot;left&quot;,&quot;469777804&quot;:&quot;\uf0b7&quot;,&quot;469777815&quot;:&quot;hybridMultilevel&quot;}\" aria-setsize=\"-1\" data-aria-posinset=\"7\" data-aria-level=\"1\"><b><span data-contrast=\"auto\">Vidrio<\/span><\/b><span data-contrast=\"auto\">: Compuesto por <\/span><b><span data-contrast=\"auto\">dos capas de vidrio float de 4 mm<\/span><\/b><span data-contrast=\"auto\"> y una <\/span><b><span data-contrast=\"auto\">c\u00e1mara deshidratada de 8 mm<\/span><\/b><span data-contrast=\"auto\">, con <\/span><b><span data-contrast=\"auto\">doble acristalamiento.<\/span><\/b><\/li>\n<li><b><span data-contrast=\"auto\">Persiana PVC:\u00a0<\/span><\/b><span data-contrast=\"auto\">Persiana integrada en el sistema,\u00a0<\/span><b><span data-contrast=\"auto\">fabricada en PVC.<\/span><\/b><\/li>\n<li data-leveltext=\"\uf0b7\" data-font=\"Symbol\" data-listid=\"17\" data-list-defn-props=\"{&quot;335552541&quot;:1,&quot;335559685&quot;:720,&quot;335559991&quot;:360,&quot;469769226&quot;:&quot;Symbol&quot;,&quot;469769242&quot;:[8226],&quot;469777803&quot;:&quot;left&quot;,&quot;469777804&quot;:&quot;\uf0b7&quot;,&quot;469777815&quot;:&quot;hybridMultilevel&quot;}\" aria-setsize=\"-1\" data-aria-posinset=\"7\" data-aria-level=\"1\"><strong>Cierre embutido<\/strong> integrado discretamente en el marco, mejora la est\u00e9tica y refuerza la seguridad al dificultar su manipulaci\u00f3n desde el exterior.<\/li>\n<li><b><span data-contrast=\"auto\">Seguridad: <\/span><\/b>Sistema con varios puntos de cierre y pasadores ocultos, garantizando protecci\u00f3n adicional.<\/li>\n<li><b><span data-contrast=\"auto\">Regulaci\u00f3n<\/span><\/b><span data-contrast=\"auto\">: Ajuste tridimensional, <\/span><b><span data-contrast=\"auto\">permitiendo regulaci\u00f3n<\/span><\/b><span data-contrast=\"auto\"> tanto en los puntos de cierre como en las dem\u00e1s partes del sistema.<\/span><\/li>\n<\/ul>\n","protected":false},"featured_media":18292,"comment_status":"open","ping_status":"closed","template":"","meta":{"_acf_changed":false,"_joinchat":[],"jetpack_publicize_message":"","jetpack_publicize_feature_enabled":true,"jetpack_social_post_already_shared":false,"jetpack_social_options":{"image_generator_settings":{"template":"highway","default_image_id":0,"font":"","enabled":false},"version":2}},"product_brand":[],"product_cat":[817,1344,1345,769,40,825],"product_tag":[282,163,341,147,172,168,150],"class_list":{"0":"post-2873","1":"product","2":"type-product","3":"status-publish","4":"has-post-thumbnail","6":"product_cat-aluminio","7":"product_cat-shopping","8":"product_cat-shopping-ads","9":"product_cat-ventanas-aluminio","10":"product_cat-ventanas-aluminio-correderas","11":"product_cat-ventanas-correderas","12":"product_tag-282","13":"product_tag-2-hojas","14":"product_tag-alb0022","15":"product_tag-aluminio","16":"product_tag-con-persiana-pvc","17":"product_tag-corredera","18":"product_tag-ventana","19":"product_shipping_class-ligeros","21":"first","22":"instock","23":"taxable","24":"shipping-taxable","25":"purchasable","26":"product-type-simple"},"acf":[],"jetpack_publicize_connections":[],"jetpack_sharing_enabled":true,"_links":{"self":[{"href":"https:\/\/ventanastock.es\/fr\/wp-json\/wp\/v2\/product\/2873","targetHints":{"allow":["GET"]}}],"collection":[{"href":"https:\/\/ventanastock.es\/fr\/wp-json\/wp\/v2\/product"}],"about":[{"href":"https:\/\/ventanastock.es\/fr\/wp-json\/wp\/v2\/types\/product"}],"replies":[{"embeddable":true,"href":"https:\/\/ventanastock.es\/fr\/wp-json\/wp\/v2\/comments?post=2873"}],"wp:featuredmedia":[{"embeddable":true,"href":"https:\/\/ventanastock.es\/fr\/wp-json\/wp\/v2\/media\/18292"}],"wp:attachment":[{"href":"https:\/\/ventanastock.es\/fr\/wp-json\/wp\/v2\/media?parent=2873"}],"wp:term":[{"taxonomy":"product_brand","embeddable":true,"href":"https:\/\/ventanastock.es\/fr\/wp-json\/wp\/v2\/product_brand?post=2873"},{"taxonomy":"product_cat","embeddable":true,"href":"https:\/\/ventanastock.es\/fr\/wp-json\/wp\/v2\/product_cat?post=2873"},{"taxonomy":"product_tag","embeddable":true,"href":"https:\/\/ventanastock.es\/fr\/wp-json\/wp\/v2\/product_tag?post=2873"}],"curies":[{"name":"wp","href":"https:\/\/api.w.org\/{rel}","templated":true}]}}