    {"id":8,"date":"2016-08-27T12:04:47","date_gmt":"2016-08-27T12:04:47","guid":{"rendered":"http:\/\/ventanastock.es\/cart\/"},"modified":"2017-02-14T01:08:25","modified_gmt":"2017-02-14T00:08:25","slug":"cart","status":"publish","type":"page","link":"https:\/\/ventanastock.es\/it\/cart\/","title":{"rendered":"Carrello"},"content":{"rendered":"\n  <div class=\"banner has-hover\" id=\"banner-555799342\">\n          <div class=\"banner-inner fill\">\n        <div class=\"banner-bg fill\" >\n                                                \n                    <\/div>\n\t\t\n        <div class=\"banner-layers container\">\n            <div class=\"fill banner-link\"><\/div>            \r\n\r\n   <div id=\"text-box-1870196227\" class=\"text-box banner-layer x50 md-x50 lg-x50 y50 md-y50 lg-y50 res-text\">\n                     <div data-animate=\"fadeInLeft\">           <div class=\"text-box-content text dark\">\n              \n              <div class=\"text-inner text-center\">\n                  \r\n\r\n<h3>TU PEDIDO<\/h3>\r\n\r\n<!-- estos mensajes de visualizan en la tienda, el carrito y todos los pasos del proceso de compra -->\r\n\r\n<!-- MENSAJE HABITUAL ENTREGA R\u00c1PIDA -->\r\n<h4 style=\"color: yellow;\">SELECCIONA EL TIPO DE PRODUCTO DESDE EL MEN\u00da<\/h4>\r\n<h6 style=\"color: white;\">RECIBE EN 24\/48 HORAS (Baleares y >40kg en 3\/5 D\u00edas)<\/h6>\r\n\r\n\r\n<!-- MENSAJE HABITUAL ENTREGA A PIE DE CALLE -->\r\n<h6 style=\"color: yellow;\">ENTREGA A PIE DE CALLE<\/h6>\r\n\r\n\r\n<!-- MENSAJE CIERRE UN DIA \r\n<h6 style=\"color: yellow;\">AVISO: El 7 de Marzo no se realizar\u00e1n env\u00edos por recuento de almac\u00e9n<\/h6>\r\n\u2014>\r\n\r\n\r\n<!-- MENSAJE HUELGA\r\n<h5 style=\"color: yellow;\">DEBIDO A LA HUELGA DE TRANSPORTES CONVOCADA ESTA SEMANA LOS PEDIDOS PUEDEN SUFRIR RETRASOS<\/h5>\r\n<h6 style=\"color: white;\">SEA PACIENTE. ES UNA SITUACI\u00d3N EXCEPCIONAL QUE SOLUCIONAREMOS LO M\u00c1S R\u00c1PIDO POSIBLE.<\/h5>\r\n -->\r\n\r\n<!-- MENSAJE RETRASOS\r\n<h6 style=\"color: yellow;\">Tenga en cuenta que durante los meses de Verano (<u>Julio y Agosto<\/u>) es posible que la entrega 24\/48 horas se demore hasta 3-5 d\u00edas en algunas zonas<\/h6>\r\n -->\r\n\r\n<!-- MENSAJE VACACIONES\r\nESTAMOS DE <span style=\"color:yellow\">VACACIONES DEL 11 AL 24 DE AGOSTO<\/span>. TENGA EN CUENTA QUE NO SE HACEN ENTREGAS DURANTE ESTE PERIODO.<BR>\r\nLOS PLAZOS DE ENTREGA EXPRESADOS EN LOS PRODUCTOS SER\u00c1N A PARTIR DE D\u00cdA 25 DE AGOSTO.<BR>\r\n[ux_countdown size=\"150\" bg_color=\"#8c2c2c\" year=\"2025\" month=\"08\" day=\"25\" time=\"01:00\" t_week=\"SEMANA\" t_day=\"D\u00cdA\" t_hour=\"HORA\" t_min=\"MINUTO\" t_sec=\"SEGUNDO\" t_plural=\"S\" t_week_p=\"SEMANAS\" t_day_p=\"D\u00cdAS\" t_hour_p=\"HORAS\" t_min_p=\"MINUTOS\" t_sec_p=\"SEGUNDOS\"]-->\r\n\r\n\r\n\t<div id=\"text-2430688884\" class=\"text hidden\">\n\t\t\r\n\r\n<span style=\"color: #ff0;\">Recuerde: Del 17 al 19 de marzo no se realizar\u00e1n env\u00edos por vacaciones de fallas<\/span>\r\n\t\t\n<style>\n#text-2430688884 {\n  font-size: 1.2rem;\n}\n<\/style>\n\t<\/div>\n\t\r\n<div class=\"social-icons share-icons share-row relative\" ><a href=\"whatsapp:\/\/send?text=Carrito - https:\/\/ventanastock.es\/it\/cart\/\" data-action=\"share\/whatsapp\/share\" class=\"icon plain tooltip whatsapp show-for-medium\" title=\"Condividi su WhatsApp\" aria-label=\"Condividi su WhatsApp\"><i class=\"icon-whatsapp\" aria-hidden=\"true\"><\/i><\/a><a href=\"https:\/\/www.facebook.com\/sharer.php?u=https:\/\/ventanastock.es\/it\/cart\/\" data-label=\"Facebook\" onclick=\"window.open(this.href,this.title,'width=500,height=500,top=300px,left=300px'); return false;\" target=\"_blank\" class=\"icon plain tooltip facebook\" title=\"Condividi su Facebook\" aria-label=\"Condividi su Facebook\" rel=\"noopener nofollow\"><i class=\"icon-facebook\" aria-hidden=\"true\"><\/i><\/a><a href=\"https:\/\/x.com\/share?url=https:\/\/ventanastock.es\/it\/cart\/\" onclick=\"window.open(this.href,this.title,'width=500,height=500,top=300px,left=300px'); return false;\" target=\"_blank\" class=\"icon plain tooltip x\" title=\"Condividi su X\" aria-label=\"Condividi su X\" rel=\"noopener nofollow\"><i class=\"icon-x\" aria-hidden=\"true\"><\/i><\/a><a href=\"https:\/\/twitter.com\/share?url=https:\/\/ventanastock.es\/it\/cart\/\" onclick=\"window.open(this.href,this.title,'width=500,height=500,top=300px,left=300px'); return false;\" target=\"_blank\" class=\"icon plain tooltip twitter\" title=\"Condividi su Twitter\" aria-label=\"Condividi su Twitter\" rel=\"noopener nofollow\"><i class=\"icon-twitter\" aria-hidden=\"true\"><\/i><\/a><a href=\"mailto:?subject=Carrito&body=Dai%20un%26%23039%3Bocchiata%3A%20https%3A%2F%2Fventanastock.es%2Fit%2Fcart%2F\" class=\"icon plain tooltip email\" title=\"Invia per email ad un Amico\" aria-label=\"Invia per email ad un Amico\" rel=\"nofollow\"><i class=\"icon-envelop\" aria-hidden=\"true\"><\/i><\/a><\/div>\r\n\r\n\r\n              <\/div>\n           <\/div>\n       <\/div>                     \n<style>\n#text-box-1870196227 {\n  width: 60%;\n}\n#text-box-1870196227 .text-box-content {\n  font-size: 100%;\n}\n@media (min-width:550px) {\n  #text-box-1870196227 {\n    width: 90%;\n  }\n}\n<\/style>\n    <\/div>\n \r\n\r\n        <\/div>\n      <\/div>\n\n            \n<style>\n#banner-555799342 {\n  padding-top: 220px;\n}\n<\/style>\n  <\/div>\n\n\n<div class=\"row\"  id=\"row-16644093\">\n\n\t<div id=\"col-822681523\" class=\"col large-12\"  >\n\t\t\t\t<div class=\"col-inner\"  >\n\t\t\t\n\t\t\t\n  \n\t\t<\/div>\n\t\t\t\t\t<\/div>\n\n\t\n<\/div>\n","protected":false},"excerpt":{"rendered":"","protected":false},"author":1,"featured_media":0,"parent":0,"menu_order":0,"comment_status":"closed","ping_status":"closed","template":"page-blank.php","meta":{"_acf_changed":false,"_joinchat":[],"footnotes":""},"folder":[],"class_list":["post-8","page","type-page","status-publish","hentry"],"acf":[],"jetpack_sharing_enabled":true,"_links":{"self":[{"href":"https:\/\/ventanastock.es\/it\/wp-json\/wp\/v2\/pages\/8","targetHints":{"allow":["GET"]}}],"collection":[{"href":"https:\/\/ventanastock.es\/it\/wp-json\/wp\/v2\/pages"}],"about":[{"href":"https:\/\/ventanastock.es\/it\/wp-json\/wp\/v2\/types\/page"}],"author":[{"embeddable":true,"href":"https:\/\/ventanastock.es\/it\/wp-json\/wp\/v2\/users\/1"}],"replies":[{"embeddable":true,"href":"https:\/\/ventanastock.es\/it\/wp-json\/wp\/v2\/comments?post=8"}],"version-history":[{"count":0,"href":"https:\/\/ventanastock.es\/it\/wp-json\/wp\/v2\/pages\/8\/revisions"}],"wp:attachment":[{"href":"https:\/\/ventanastock.es\/it\/wp-json\/wp\/v2\/media?parent=8"}],"wp:term":[{"taxonomy":"folder","embeddable":true,"href":"https:\/\/ventanastock.es\/it\/wp-json\/wp\/v2\/folder?post=8"}],"curies":[{"name":"wp","href":"https:\/\/api.w.org\/{rel}","templated":true}]}}