    {"id":20923,"date":"2023-03-14T12:55:26","date_gmt":"2023-03-14T11:55:26","guid":{"rendered":"https:\/\/ventanastock.es\/?post_type=product&#038;p=20923"},"modified":"2026-04-26T13:41:39","modified_gmt":"2026-04-26T11:41:39","slug":"balconera-aluminio-corredera-con-persiana-pvc-1400x2185-2-hojas-marco-y-cajon-persiana-en-kit-con-mosquitera","status":"publish","type":"product","link":"https:\/\/ventanastock.es\/it\/prodotto\/balconera-aluminio-corredera-con-persiana-pvc-1400x2185-2-hojas-marco-y-cajon-persiana-en-kit-con-mosquitera\/","title":{"rendered":"Porta Balcone Scorrevole Alluminio Con Oscurante (PVC) 1400\u00d72185 2 ante (telaio e cassonetto oscurante in kit) Con Zanzariera"},"content":{"rendered":"<p>Nel <em>Porta Balcone Scorrevole In Alluminio Con Persiana (PVC) 1400\u00d72185 2h<\/em> Il telaio e il cassonetto vengono spediti separatamente per ridurre i costi di spedizione. Le istruzioni sono incluse <strong>MONTAGGIO FACILE<\/strong> e tutti gli elementi per il montaggio in meno di 10 minuti. Basta posizionare 10 viti per fissare il telaio e il cassetto \u00e8 assemblato. Questi elementi sono predisposti con le forature realizzate per facilitare il montaggio e con la loro etichettatura che indica la corretta posizione di ciascun elemento. contribuisce ad un notevole risparmio sui costi di spedizione.<\/p>\n<p><em><strong>Include zanzariera personalizzata, scorrevole e rimovibile.<\/strong><\/em><\/p>\n<p><strong>Tipo di profilo: <\/strong><\/p>\n<ul>\n<li style=\"list-style-type: none;\">\n<ul>\n<li><strong style=\"color: #333333;\">Alluminio<\/strong><span style=\"color: #333333;\">, ideale per garantire una struttura durevole e resistente.<\/span><\/li>\n<li>Fine\u00a0<strong>elegante e moderno<\/strong>.<\/li>\n<li><strong>Serie fredda con canale europeo.<\/strong><\/li>\n<\/ul>\n<\/li>\n<\/ul>\n<p><strong>Bicchiere:\u00a0<\/strong><strong>Vetro con doppi vetri<\/strong>\u00a0\u00e8 composto da\u00a0<strong>due strati di vetro float da 4 mm<\/strong>\u00a0e una macchina fotografica\u00a0<strong>8 mm disidratato.\u00a0<\/strong><\/p>\n<p><strong>Sistema di chiusura: <\/strong>Imbottito all&#039;interno su entrambi i fogli.<\/p>\n<p><strong>Sicurezza: <\/strong>Chiusure ad un punto di sicurezza su ogni anta.<\/p>\n<p><strong>Regolamento di chiusura:\u00a0<\/strong>Permette la regolazione sia in altezza che in larghezza, rendendo possibile una regolazione esatta.<\/p>\n<p><strong>Cieco (PVC):<\/strong><\/p>\n<ul>\n<li style=\"list-style-type: none;\">\n<ul>\n<li><strong>Tenda in PVC<\/strong>\u00a0integrato, fornendo protezione solare e privacy.<\/li>\n<li>Lui\u00a0<strong>Materiale in PVC<\/strong>\u00a0garantisce durata, facilit\u00e0 di manutenzione e isolamento aggiuntivo.<\/li>\n<li>Controllo della luminosit\u00e0 e protezione termica.<\/li>\n<\/ul>\n<\/li>\n<\/ul>\n<p><strong>Sistema di ruote:<\/strong>\u00a0Ruote con cuscinetti a sfera e regolazione<strong>\u00a0con chiave a brugola<\/strong>\u00a0permettendoti di alzare o abbassare per una maggiore regolazione. L&#039;involucro \u00e8\u00a0<strong>Zamac<\/strong>\u00a0ed \u00e8 trattato contro la corrosione.\u00a0<strong>Ti permette di adattarti<\/strong>\u00a0nel caso in cui la finestra non sia completamente a livello. Elevata resistenza per sostenere un peso maggiore.<\/p>\n<p><strong>Guarnizioni di tenuta:\u00a0<\/strong>In corrispondenza delle giunzioni dei telai sono installate guarnizioni di tenuta.\u00a0<strong>(neoprene di alta qualit\u00e0)\u00a0<\/strong>per evitare perdite d&#039;acqua<strong>.<\/strong><span data-ccp-props=\"{}\">\u00a0<\/span><\/p>","protected":false},"excerpt":{"rendered":"<p>En la <em>Puerta Balconera Aluminio Corredera Con Persiana (PVC) 1400&#215;2185 2h<\/em> el marco y el caj\u00f3n de persiana se env\u00edan separados para que los costes de env\u00edo sean reducidos. Se incluye las instrucciones de <strong>F\u00c1CIL MONTAJE<\/strong> y todos los elementos para su montaje en menos de 10 minutos.\u00a0<em><strong>Incluye mosquitera a medida, corredera y desmontable.<\/strong><\/em><\/p>\n<ul>\n<li data-leveltext=\"\uf0b7\" data-font=\"Symbol\" data-listid=\"17\" data-list-defn-props=\"{&quot;335552541&quot;:1,&quot;335559685&quot;:720,&quot;335559991&quot;:360,&quot;469769226&quot;:&quot;Symbol&quot;,&quot;469769242&quot;:[8226],&quot;469777803&quot;:&quot;left&quot;,&quot;469777804&quot;:&quot;\uf0b7&quot;,&quot;469777815&quot;:&quot;hybridMultilevel&quot;}\" aria-setsize=\"-1\" data-aria-posinset=\"7\" data-aria-level=\"1\"><b><span data-contrast=\"auto\">Perfiler\u00eda<\/span><\/b><span data-contrast=\"auto\">:<\/span> El grosor de nuestras ventanas es de <strong>60 mm s<\/strong>in caj\u00f3n y<strong> 120 mm <\/strong>con caj\u00f3n.<\/li>\n<li data-leveltext=\"\uf0b7\" data-font=\"Symbol\" data-listid=\"17\" data-list-defn-props=\"{&quot;335552541&quot;:1,&quot;335559685&quot;:720,&quot;335559991&quot;:360,&quot;469769226&quot;:&quot;Symbol&quot;,&quot;469769242&quot;:[8226],&quot;469777803&quot;:&quot;left&quot;,&quot;469777804&quot;:&quot;\uf0b7&quot;,&quot;469777815&quot;:&quot;hybridMultilevel&quot;}\" aria-setsize=\"-1\" data-aria-posinset=\"7\" data-aria-level=\"1\"><strong>Apertura:<\/strong> Corredera, ideal para ahorrar espacio y facilitar el acceso a balcones y terrazas.<\/li>\n<li data-leveltext=\"\uf0b7\" data-font=\"Symbol\" data-listid=\"17\" data-list-defn-props=\"{&quot;335552541&quot;:1,&quot;335559685&quot;:720,&quot;335559991&quot;:360,&quot;469769226&quot;:&quot;Symbol&quot;,&quot;469769242&quot;:[8226],&quot;469777803&quot;:&quot;left&quot;,&quot;469777804&quot;:&quot;\uf0b7&quot;,&quot;469777815&quot;:&quot;hybridMultilevel&quot;}\" aria-setsize=\"-1\" data-aria-posinset=\"7\" data-aria-level=\"1\"><strong>Hojas<\/strong>: La ventana dispone de <strong>dos hojas.<\/strong><\/li>\n<li data-leveltext=\"\uf0b7\" data-font=\"Symbol\" data-listid=\"17\" data-list-defn-props=\"{&quot;335552541&quot;:1,&quot;335559685&quot;:720,&quot;335559991&quot;:360,&quot;469769226&quot;:&quot;Symbol&quot;,&quot;469769242&quot;:[8226],&quot;469777803&quot;:&quot;left&quot;,&quot;469777804&quot;:&quot;\uf0b7&quot;,&quot;469777815&quot;:&quot;hybridMultilevel&quot;}\" aria-setsize=\"-1\" data-aria-posinset=\"7\" data-aria-level=\"1\"><strong>Medidas: Ancho<\/strong> (1400 mm) x <strong>Alto<\/strong> (2185 mm).<\/li>\n<li data-leveltext=\"\uf0b7\" data-font=\"Symbol\" data-listid=\"17\" data-list-defn-props=\"{&quot;335552541&quot;:1,&quot;335559685&quot;:720,&quot;335559991&quot;:360,&quot;469769226&quot;:&quot;Symbol&quot;,&quot;469769242&quot;:[8226],&quot;469777803&quot;:&quot;left&quot;,&quot;469777804&quot;:&quot;\uf0b7&quot;,&quot;469777815&quot;:&quot;hybridMultilevel&quot;}\" aria-setsize=\"-1\" data-aria-posinset=\"7\" data-aria-level=\"1\"><b><span data-contrast=\"auto\">Vidrio<\/span><\/b><span data-contrast=\"auto\">: Compuesto por <\/span><b><span data-contrast=\"auto\">dos capas de vidrio float de 4 mm<\/span><\/b><span data-contrast=\"auto\"> y una <\/span><b><span data-contrast=\"auto\">c\u00e1mara deshidratada de 8 mm<\/span><\/b><span data-contrast=\"auto\">, con <\/span><b><span data-contrast=\"auto\">doble acristalamiento.<\/span><\/b><\/li>\n<li data-leveltext=\"\uf0b7\" data-font=\"Symbol\" data-listid=\"17\" data-list-defn-props=\"{&quot;335552541&quot;:1,&quot;335559685&quot;:720,&quot;335559991&quot;:360,&quot;469769226&quot;:&quot;Symbol&quot;,&quot;469769242&quot;:[8226],&quot;469777803&quot;:&quot;left&quot;,&quot;469777804&quot;:&quot;\uf0b7&quot;,&quot;469777815&quot;:&quot;hybridMultilevel&quot;}\" aria-setsize=\"-1\" data-aria-posinset=\"7\" data-aria-level=\"1\"><b><span data-contrast=\"auto\">Persiana PVC:\u00a0<\/span><\/b><span data-contrast=\"auto\">Persiana integrada en el sistema,\u00a0<\/span><b><span data-contrast=\"auto\">fabricada en PVC.<\/span><\/b><\/li>\n<li data-leveltext=\"\uf0b7\" data-font=\"Symbol\" data-listid=\"17\" data-list-defn-props=\"{&quot;335552541&quot;:1,&quot;335559685&quot;:720,&quot;335559991&quot;:360,&quot;469769226&quot;:&quot;Symbol&quot;,&quot;469769242&quot;:[8226],&quot;469777803&quot;:&quot;left&quot;,&quot;469777804&quot;:&quot;\uf0b7&quot;,&quot;469777815&quot;:&quot;hybridMultilevel&quot;}\" aria-setsize=\"-1\" data-aria-posinset=\"7\" data-aria-level=\"1\"><strong>Cierre embutido<\/strong> integrado discretamente en el marco, mejora la est\u00e9tica y refuerza la seguridad al dificultar su manipulaci\u00f3n desde el exterior.<\/li>\n<li><b><span data-contrast=\"auto\">Seguridad: <\/span><\/b>Sistema con varios puntos de cierre y pasadores ocultos, garantizando protecci\u00f3n adicional.<\/li>\n<li><b><span data-contrast=\"auto\">Regulaci\u00f3n<\/span><\/b><span data-contrast=\"auto\">: Ajuste tridimensional, <\/span><b><span data-contrast=\"auto\">permitiendo regulaci\u00f3n<\/span><\/b><span data-contrast=\"auto\"> tanto en los puntos de cierre como en las dem\u00e1s partes del sistema.<\/span><\/li>\n<\/ul>\n<p><iframe loading=\"lazy\" src=\"https:\/\/www.youtube.com\/embed\/j_QrKGYPFdM\" width=\"250\" height=\"157\" frameborder=\"0\" allowfullscreen=\"allowfullscreen\"><\/iframe><\/p>\n","protected":false},"featured_media":17630,"comment_status":"open","ping_status":"closed","template":"","meta":{"_acf_changed":false,"_joinchat":[],"jetpack_publicize_message":"","jetpack_publicize_feature_enabled":true,"jetpack_social_post_already_shared":false,"jetpack_social_options":{"image_generator_settings":{"template":"highway","default_image_id":0,"font":"","enabled":false},"version":2}},"product_brand":[],"product_cat":[817,770,721,107,829,1344,1345],"product_tag":[163,738,147,157,217,172,168,541,159,216],"class_list":{"0":"post-20923","1":"product","2":"type-product","3":"status-publish","4":"has-post-thumbnail","6":"product_cat-aluminio","7":"product_cat-balconeras-aluminio","8":"product_cat-balconeras-aluminio-con-mosquitera","9":"product_cat-balconeras-aluminio-correderas","10":"product_cat-puertas-balconeras","11":"product_cat-shopping","12":"product_cat-shopping-ads","13":"product_tag-2-hojas","14":"product_tag-alb0040","15":"product_tag-aluminio","16":"product_tag-balconera","17":"product_tag-balconeras","18":"product_tag-con-persiana-pvc","19":"product_tag-corredera","20":"product_tag-mosquitera","21":"product_tag-puerta","22":"product_tag-puertas","23":"product_shipping_class-pesados","25":"first","26":"outofstock","27":"taxable","28":"shipping-taxable","29":"purchasable","30":"product-type-simple"},"acf":[],"jetpack_publicize_connections":[],"jetpack_sharing_enabled":true,"_links":{"self":[{"href":"https:\/\/ventanastock.es\/it\/wp-json\/wp\/v2\/product\/20923","targetHints":{"allow":["GET"]}}],"collection":[{"href":"https:\/\/ventanastock.es\/it\/wp-json\/wp\/v2\/product"}],"about":[{"href":"https:\/\/ventanastock.es\/it\/wp-json\/wp\/v2\/types\/product"}],"replies":[{"embeddable":true,"href":"https:\/\/ventanastock.es\/it\/wp-json\/wp\/v2\/comments?post=20923"}],"wp:featuredmedia":[{"embeddable":true,"href":"https:\/\/ventanastock.es\/it\/wp-json\/wp\/v2\/media\/17630"}],"wp:attachment":[{"href":"https:\/\/ventanastock.es\/it\/wp-json\/wp\/v2\/media?parent=20923"}],"wp:term":[{"taxonomy":"product_brand","embeddable":true,"href":"https:\/\/ventanastock.es\/it\/wp-json\/wp\/v2\/product_brand?post=20923"},{"taxonomy":"product_cat","embeddable":true,"href":"https:\/\/ventanastock.es\/it\/wp-json\/wp\/v2\/product_cat?post=20923"},{"taxonomy":"product_tag","embeddable":true,"href":"https:\/\/ventanastock.es\/it\/wp-json\/wp\/v2\/product_tag?post=20923"}],"curies":[{"name":"wp","href":"https:\/\/api.w.org\/{rel}","templated":true}]}}