    {"id":4470,"date":"2018-01-06T12:47:48","date_gmt":"2018-01-06T11:47:48","guid":{"rendered":"https:\/\/ventanastock.es\/?post_type=product&#038;p=4470"},"modified":"2026-04-22T07:57:53","modified_gmt":"2026-04-22T05:57:53","slug":"ventana-pvc-practicable-oscilobatiente-izquierda-con-persiana-700x1155-1hoja","status":"publish","type":"product","link":"https:\/\/ventanastock.es\/it\/prodotto\/ventana-pvc-practicable-oscilobatiente-izquierda-con-persiana-700x1155-1hoja\/","title":{"rendered":"Pratica finestra in PVC inclinabile e girevole a sinistra con tenda 700X1155 1 foglio"},"content":{"rendered":"<p><strong>Le immagini dei prodotti mostrate su questo sito web possono presentare alcune variazioni rispetto al prodotto fisico.<\/strong><\/p>\n<p><strong>Descrizione del prodotto:<\/strong> Il nostro sistema \u00e8 una nuova generazione di profili che oggi soddisfa i <strong>requisiti<\/strong> per le finestre del futuro. Combinano la tecnologia <strong>pi\u00f9 moderno con il massimo comfort<\/strong> per l&#039;edilizia abitativa. La costruzione robusta dei profili con una larghezza di <strong>70 mm<\/strong> senza cassonetto e <strong>97 millimetri<\/strong> con cassonetto avvolgibile e ampie camere per rinforzi in acciaio garantiscono parametri statici ottimali e <strong>consentire la costruzione<\/strong> di grandi finestre.<\/p>\n<p><strong>Tipo di profilo: <\/strong><\/p>\n<ul>\n<li style=\"list-style-type: none;\">\n<ul>\n<li><strong>Materiale:<\/strong> PVC di alta qualit\u00e0, offre un eccellente isolamento termico e acustico.<\/li>\n<li><strong>Fine:<\/strong> Estetico, moderno e di facile manutenzione.<\/li>\n<\/ul>\n<\/li>\n<\/ul>\n<p><strong>Bicchiere: <\/strong>Vetro intelligente 16\/4\/4<strong> Bassa Emissione con Gas Argon + Controllo Solare\u00a0<\/strong>che permette una maggiore riduzione dei consumi di riscaldamento e condizionamento<strong><span data-contrast=\"auto\"><b>.<\/b><\/span><\/strong><\/p>\n<p><strong>Tipo di apertura:<\/strong><\/p>\n<ul>\n<li style=\"list-style-type: none;\">\n<ul>\n<li><b><span data-contrast=\"auto\">Praticabile<\/span><\/b><span data-contrast=\"auto\">: La finestra si apre in modo tradizionale verso l&#039;interno, offrendo un facile accesso per la ventilazione e la pulizia.<\/span><span data-ccp-props=\"{&quot;134233117&quot;:false,&quot;134233118&quot;:false,&quot;335559738&quot;:0,&quot;335559739&quot;:0}\">\u00a0<\/span><\/li>\n<li><b><span data-contrast=\"auto\">Inclina e gira<\/span><\/b><span data-contrast=\"auto\">: Permette l&#039;apertura della finestra dall&#039;alto garantendo un&#039;areazione controllata senza rischio di ingresso di pioggia. Ideale per mantenere l&#039;aria fresca senza compromettere la sicurezza o la privacy.<\/span><span data-ccp-props=\"{&quot;134233117&quot;:false,&quot;134233118&quot;:false,&quot;335559738&quot;:0,&quot;335559739&quot;:0}\">\u00a0<\/span><\/li>\n<\/ul>\n<\/li>\n<\/ul>\n<p><b><span data-contrast=\"auto\">Sistema di chiusura:<\/span><\/b><\/p>\n<ul>\n<li style=\"list-style-type: none;\">\n<ul>\n<li><b><span data-contrast=\"auto\">Cremonese in PVC<\/span><\/b><span data-contrast=\"auto\">\u00a0con\u00a0<\/span><b><span data-contrast=\"auto\">tre posizioni<\/span><\/b><span data-contrast=\"auto\">: chiuso, praticabile e ribaltabile.<\/span><\/li>\n<li><span data-contrast=\"auto\">Punti di chiusura multipli per una maggiore sicurezza e una tenuta ermetica.<\/span><span data-ccp-props=\"{&quot;134233117&quot;:false,&quot;134233118&quot;:false,&quot;335559738&quot;:0,&quot;335559739&quot;:0}\">\u00a0<\/span><\/li>\n<\/ul>\n<\/li>\n<\/ul>\n<p><strong>Cieco (PVC):<\/strong><\/p>\n<ul>\n<li style=\"list-style-type: none;\">\n<ul>\n<li><strong style=\"color: #333333;\">Tenda in PVC<\/strong><span style=\"color: #333333;\">\u00a0integrato, fornendo protezione solare e privacy.<\/span><\/li>\n<li>Lui\u00a0<strong>Materiale in PVC<\/strong>\u00a0garantisce durata, facilit\u00e0 di manutenzione e isolamento aggiuntivo.<\/li>\n<\/ul>\n<\/li>\n<\/ul>\n<p><strong>Sicurezza:<\/strong>\u00a0Il sistema di chiusura include <strong><b><span data-contrast=\"auto\">perni nascosti <\/span><\/b><\/strong>in alto e in basso, fornendo ulteriore sicurezza. A seconda delle dimensioni, il sistema pu\u00f2 incorporare tra <strong><b><span data-contrast=\"auto\">due e quattro punti di chiusura<\/span><\/b><span data-contrast=\"auto\">.<\/span><\/strong><\/p>\n<p><b><span data-contrast=\"auto\">Regolazione e Accessori:<\/span><\/b> Regolazione tridimensionale del sistema hardware per una calzata precisa e duratura. Permette la regolazione della pressione e il movimento orizzontale delle cerniere. Dispone inoltre di una bussola laterale che ne limita l&#039;apertura.<\/p>\n<p><strong>Estetico:<\/strong> Giunti di vetratura estetici e di alta qualit\u00e0. Lo smusso di 15 gradi del telaio e del bordo dell&#039;anta garantisce un drenaggio ottimale dell&#039;acqua. La struttura compatta, le curve delicate e le pendenze conferiscono ai profili un aspetto moderno ed elegante.<\/p>\n<p><strong>I nostri prodotti offrono una facile manutenzione, un eccellente isolamento termico e acustico e una grande durata. Sono resistenti all&#039;umidit\u00e0 e alla corrosione, il che aiuta a ridurre i costi di riscaldamento e condizionamento dell&#039;aria.<\/strong><\/p>","protected":false},"excerpt":{"rendered":"<p><b>ENTREGA EN 24\/48 HORAS<\/b><\/p>\n<p><strong>NUEVO PRODUCTO CON MEJORES CUALIDADES<\/strong><\/p>\n<ul>\n<li data-leveltext=\"\uf0b7\" data-font=\"Symbol\" data-listid=\"17\" data-list-defn-props=\"{&quot;335552541&quot;:1,&quot;335559685&quot;:720,&quot;335559991&quot;:360,&quot;469769226&quot;:&quot;Symbol&quot;,&quot;469769242&quot;:[8226],&quot;469777803&quot;:&quot;left&quot;,&quot;469777804&quot;:&quot;\uf0b7&quot;,&quot;469777815&quot;:&quot;hybridMultilevel&quot;}\" aria-setsize=\"-1\" data-aria-posinset=\"7\" data-aria-level=\"1\"><b><span data-contrast=\"auto\">Perfiler\u00eda<\/span><\/b><span data-contrast=\"auto\">:<\/span> 5 c\u00e1maras y <strong>70 mm<\/strong> sin caj\u00f3n y <strong>97\u00a0mm<\/strong> con caj\u00f3n del ancho aseguran un aislamiento t\u00e9rmico y ac\u00fastico \u00f3ptimo (1.4 W \/ m2K)<strong>.<\/strong><\/li>\n<li data-leveltext=\"\uf0b7\" data-font=\"Symbol\" data-listid=\"17\" data-list-defn-props=\"{&quot;335552541&quot;:1,&quot;335559685&quot;:720,&quot;335559991&quot;:360,&quot;469769226&quot;:&quot;Symbol&quot;,&quot;469769242&quot;:[8226],&quot;469777803&quot;:&quot;left&quot;,&quot;469777804&quot;:&quot;\uf0b7&quot;,&quot;469777815&quot;:&quot;hybridMultilevel&quot;}\" aria-setsize=\"-1\" data-aria-posinset=\"7\" data-aria-level=\"1\"><strong>Apertura: <\/strong>Vista\u00a0desde el interior<strong> hacia la izquierda. Lo que impide su apertura desde el exterior. <\/strong>Permite abrirla de manera<strong> oscilante (inclinada) <\/strong>o<strong> completamente abatible<\/strong>.<\/li>\n<li data-leveltext=\"\uf0b7\" data-font=\"Symbol\" data-listid=\"17\" data-list-defn-props=\"{&quot;335552541&quot;:1,&quot;335559685&quot;:720,&quot;335559991&quot;:360,&quot;469769226&quot;:&quot;Symbol&quot;,&quot;469769242&quot;:[8226],&quot;469777803&quot;:&quot;left&quot;,&quot;469777804&quot;:&quot;\uf0b7&quot;,&quot;469777815&quot;:&quot;hybridMultilevel&quot;}\" aria-setsize=\"-1\" data-aria-posinset=\"7\" data-aria-level=\"1\"><strong>Hojas<\/strong>: La ventana dispone de <strong>una hoja.<\/strong><\/li>\n<li data-leveltext=\"\uf0b7\" data-font=\"Symbol\" data-listid=\"17\" data-list-defn-props=\"{&quot;335552541&quot;:1,&quot;335559685&quot;:720,&quot;335559991&quot;:360,&quot;469769226&quot;:&quot;Symbol&quot;,&quot;469769242&quot;:[8226],&quot;469777803&quot;:&quot;left&quot;,&quot;469777804&quot;:&quot;\uf0b7&quot;,&quot;469777815&quot;:&quot;hybridMultilevel&quot;}\" aria-setsize=\"-1\" data-aria-posinset=\"7\" data-aria-level=\"1\"><strong>Medidas: Ancho<\/strong> (700 mm) x <strong>Alto<\/strong> (1155 mm).<\/li>\n<li data-leveltext=\"\uf0b7\" data-font=\"Symbol\" data-listid=\"17\" data-list-defn-props=\"{&quot;335552541&quot;:1,&quot;335559685&quot;:720,&quot;335559991&quot;:360,&quot;469769226&quot;:&quot;Symbol&quot;,&quot;469769242&quot;:[8226],&quot;469777803&quot;:&quot;left&quot;,&quot;469777804&quot;:&quot;\uf0b7&quot;,&quot;469777815&quot;:&quot;hybridMultilevel&quot;}\" aria-setsize=\"-1\" data-aria-posinset=\"7\" data-aria-level=\"1\"><b><span data-contrast=\"auto\">Vidrio<\/span><\/b><span data-contrast=\"auto\">: Compuesto por un vidrio <strong>4\/16\/4 Bajo Emisivo con Gas Arg\u00f3n + Control Solar\u00a0<\/strong>que permite una mayor reducci\u00f3n del consumo de calefacci\u00f3n y del aire acondicionado<strong><b>.\u00a0<\/b><\/strong><\/span><\/li>\n<li><b><span data-contrast=\"auto\">Persiana PVC:\u00a0<\/span><\/b><span data-contrast=\"auto\">Persiana integrada en el sistema,\u00a0<\/span><b><span data-contrast=\"auto\">fabricada en PVC.<\/span><\/b><\/li>\n<li data-leveltext=\"\uf0b7\" data-font=\"Symbol\" data-listid=\"17\" data-list-defn-props=\"{&quot;335552541&quot;:1,&quot;335559685&quot;:720,&quot;335559991&quot;:360,&quot;469769226&quot;:&quot;Symbol&quot;,&quot;469769242&quot;:[8226],&quot;469777803&quot;:&quot;left&quot;,&quot;469777804&quot;:&quot;\uf0b7&quot;,&quot;469777815&quot;:&quot;hybridMultilevel&quot;}\" aria-setsize=\"-1\" data-aria-posinset=\"7\" data-aria-level=\"1\"><strong>Cierre: <\/strong>Sistema de cremona de PVC con<strong><span data-contrast=\"auto\">\u00a0tre<\/span><b><span data-contrast=\"auto\">s posiciones<\/span><\/b><span data-contrast=\"auto\">: cerrado, practicable y oscilobatiente.<\/span><\/strong><\/li>\n<li><b><span data-contrast=\"auto\">Seguridad: <\/span><\/b>Sistema con varios puntos de cierre y pasadores ocultos, garantizando protecci\u00f3n adicional.<\/li>\n<li><b><span data-contrast=\"auto\">Regulaci\u00f3n<\/span><\/b><span data-contrast=\"auto\">: Ajuste tridimensional, <\/span><b><span data-contrast=\"auto\">permitiendo regulaci\u00f3n<\/span><\/b><span data-contrast=\"auto\"> tanto en los puntos de cierre como en las dem\u00e1s partes del sistema.<\/span><\/li>\n<li><strong>Dise\u00f1o<\/strong>: Garantiza una est\u00e9tica adecuada con sellos duraderos, juntas de acristalamiento eficientes y superficie lisa. Estas ventanas ofrecen firmeza, modernidad y f\u00e1cil limpieza.<\/li>\n<\/ul>\n","protected":false},"featured_media":19040,"comment_status":"closed","ping_status":"closed","template":"","meta":{"_acf_changed":false,"_joinchat":[],"jetpack_publicize_message":"","jetpack_publicize_feature_enabled":true,"jetpack_social_post_already_shared":false,"jetpack_social_options":{"image_generator_settings":{"template":"highway","default_image_id":0,"font":"","enabled":false},"version":2}},"product_brand":[],"product_cat":[818,1344,826,771,723],"product_tag":[353,152,153,148,274,287,150],"class_list":{"0":"post-4470","1":"product","2":"type-product","3":"status-publish","4":"has-post-thumbnail","6":"product_cat-pvc","7":"product_cat-shopping","8":"product_cat-ventanas-oscilobatientes","9":"product_cat-ventanas-pvc","10":"product_cat-ventanas-pvc-oscilobatientes","11":"product_tag-353","12":"product_tag-1-hoja","13":"product_tag-izquierda","14":"product_tag-practicable","15":"product_tag-pvc","16":"product_tag-pvcb0006","17":"product_tag-ventana","18":"product_shipping_class-ligeros","20":"first","21":"instock","22":"taxable","23":"shipping-taxable","24":"purchasable","25":"product-type-simple"},"acf":[],"jetpack_publicize_connections":[],"jetpack_sharing_enabled":true,"_links":{"self":[{"href":"https:\/\/ventanastock.es\/it\/wp-json\/wp\/v2\/product\/4470","targetHints":{"allow":["GET"]}}],"collection":[{"href":"https:\/\/ventanastock.es\/it\/wp-json\/wp\/v2\/product"}],"about":[{"href":"https:\/\/ventanastock.es\/it\/wp-json\/wp\/v2\/types\/product"}],"replies":[{"embeddable":true,"href":"https:\/\/ventanastock.es\/it\/wp-json\/wp\/v2\/comments?post=4470"}],"wp:featuredmedia":[{"embeddable":true,"href":"https:\/\/ventanastock.es\/it\/wp-json\/wp\/v2\/media\/19040"}],"wp:attachment":[{"href":"https:\/\/ventanastock.es\/it\/wp-json\/wp\/v2\/media?parent=4470"}],"wp:term":[{"taxonomy":"product_brand","embeddable":true,"href":"https:\/\/ventanastock.es\/it\/wp-json\/wp\/v2\/product_brand?post=4470"},{"taxonomy":"product_cat","embeddable":true,"href":"https:\/\/ventanastock.es\/it\/wp-json\/wp\/v2\/product_cat?post=4470"},{"taxonomy":"product_tag","embeddable":true,"href":"https:\/\/ventanastock.es\/it\/wp-json\/wp\/v2\/product_tag?post=4470"}],"curies":[{"name":"wp","href":"https:\/\/api.w.org\/{rel}","templated":true}]}}