    {"id":7581,"date":"2019-09-09T11:29:27","date_gmt":"2019-09-09T10:29:27","guid":{"rendered":"https:\/\/ventanastock.es\/?post_type=product&#038;p=7581"},"modified":"2026-04-24T13:31:46","modified_gmt":"2026-04-24T11:31:46","slug":"ventana-aluminio-rpt-45-practicable-oscilobatiente-1200x1155-2-hojas-con-persiana-motorizada-y-lamas-de-aluminio","status":"publish","type":"product","link":"https:\/\/ventanastock.es\/it\/prodotto\/ventana-aluminio-rpt-45-practicable-oscilobatiente-1200x1155-2-hojas-con-persiana-motorizada-y-lamas-de-aluminio\/","title":{"rendered":"Finestra in alluminio RPT 45 Anta-ribalta praticabile 1200X1155 2 ante con oscurante motorizzato e lamelle in alluminio"},"content":{"rendered":"<p><strong>Tipo di profilo: <\/strong><\/p>\n<ul>\n<li style=\"list-style-type: none;\">\n<ul>\n<li>Alluminio con<strong> Rottura del ponte termico (RPT)<\/strong>, garantendo un ottimo isolamento termico ed acustico.<\/li>\n<li>Fine\u00a0<strong>elegante e moderno<\/strong>.<\/li>\n<li>Serie con <strong>Rottura del ponte termico<\/strong> mediante poliammidi con canale europeo.<\/li>\n<\/ul>\n<\/li>\n<\/ul>\n<p><strong>Bicchiere:\u00a0<\/strong><strong>Vetro con doppi vetri<\/strong>\u00a0\u00e8 composto da\u00a0<strong>due strati di vetro float da 4 mm<\/strong>\u00a0e una macchina fotografica\u00a0<strong>8 mm disidratato. Vetro smerigliato.<\/strong><\/p>\n<p><strong>Tipo di apertura:<\/strong><\/p>\n<ul>\n<li style=\"list-style-type: none;\">\n<ul>\n<li><b><span data-contrast=\"auto\">Praticabile<\/span><\/b><span data-contrast=\"auto\">: La finestra si apre in modo tradizionale verso l&#039;interno, offrendo un facile accesso per la ventilazione e la pulizia.<\/span><span data-ccp-props=\"{&quot;134233117&quot;:false,&quot;134233118&quot;:false,&quot;335559738&quot;:0,&quot;335559739&quot;:0}\">\u00a0<\/span><\/li>\n<li><b><span data-contrast=\"auto\">Inclina e gira<\/span><\/b><span data-contrast=\"auto\">: Permette l&#039;apertura della finestra dall&#039;alto garantendo un&#039;areazione controllata senza rischio di ingresso di pioggia. Ideale per mantenere l&#039;aria fresca senza compromettere la sicurezza o la privacy.<\/span><span data-ccp-props=\"{&quot;134233117&quot;:false,&quot;134233118&quot;:false,&quot;335559738&quot;:0,&quot;335559739&quot;:0}\">\u00a0<\/span><\/li>\n<\/ul>\n<\/li>\n<\/ul>\n<p><b><span data-contrast=\"auto\">Cieco (PVC):<\/span><\/b><\/p>\n<ul>\n<li style=\"list-style-type: none;\">\n<ul>\n<li><b><span data-contrast=\"auto\">Tenda in PVC<\/span><\/b><span data-contrast=\"auto\">\u00a0integrato, fornendo protezione solare e privacy.<\/span><span data-ccp-props=\"{&quot;134233117&quot;:false,&quot;134233118&quot;:false,&quot;335559738&quot;:0,&quot;335559739&quot;:0}\">\u00a0<\/span><\/li>\n<li><strong>Doghe in alluminio.<\/strong><\/li>\n<li><span data-contrast=\"auto\">Lui\u00a0<\/span><b><span data-contrast=\"auto\">Materiale in PVC<\/span><\/b><span data-contrast=\"auto\">\u00a0garantisce durata, facilit\u00e0 di manutenzione e isolamento aggiuntivo.<\/span><span data-ccp-props=\"{&quot;134233117&quot;:false,&quot;134233118&quot;:false,&quot;335559738&quot;:0,&quot;335559739&quot;:0}\">\u00a0<\/span><\/li>\n<li>Motore per tenda installato e regolato, marca italiana Nice Ttgo 15 Nm Analogico. Incorpora un cavo di collegamento di 2 metri che esce lateralmente dal lato destro del cassonetto.<\/li>\n<li>Il prodotto viene consegnato con un pulsante specifico per motori tapparelle e un manuale di collegamento. Include una scatola di costruzione integrata universale.<\/li>\n<\/ul>\n<\/li>\n<\/ul>\n<p><b><span data-contrast=\"auto\">Sistema di chiusura:<\/span><\/b><\/p>\n<ul>\n<li style=\"list-style-type: none;\">\n<ul>\n<li><b><span data-contrast=\"auto\">Cremonese in alluminio<\/span><\/b><span data-contrast=\"auto\">\u00a0con\u00a0<\/span><b><span data-contrast=\"auto\">tre posizioni<\/span><\/b><span data-contrast=\"auto\">: chiuso, praticabile e ribaltabile.<\/span><span data-ccp-props=\"{&quot;134233117&quot;:false,&quot;134233118&quot;:false,&quot;335559738&quot;:0,&quot;335559739&quot;:0}\">\u00a0<\/span><\/li>\n<li><span data-contrast=\"auto\">Punti di chiusura multipli per una maggiore sicurezza e una tenuta ermetica.<\/span><\/li>\n<\/ul>\n<\/li>\n<\/ul>\n<p><strong>Sicurezza:<\/strong>\u00a0Il sistema di chiusura include <strong><b><span data-contrast=\"auto\">perni nascosti <\/span><\/b><\/strong>in alto e in basso, fornendo ulteriore sicurezza. A seconda delle dimensioni, il sistema pu\u00f2 incorporare tra <strong><b><span data-contrast=\"auto\">due e quattro punti di chiusura<\/span><\/b><span data-contrast=\"auto\">.<\/span><\/strong><\/p>\n<p><b><span data-contrast=\"auto\">Regolazione e Accessori:<\/span><\/b> Regolazione tridimensionale del sistema hardware per una calzata precisa e duratura. Permette la regolazione della pressione e il movimento orizzontale delle cerniere. Dispone inoltre di una bussola laterale che ne limita l&#039;apertura.<\/p>\n<p><strong>Prove AEV<\/strong>: Secondo la norma UNE-EN 14351-1: 2006 + A1, permeabilit\u00e0 all&#039;aria &quot;Classe 4&quot;, impermeabilit\u00e0 &quot;Classe AE750&quot;, resistenza al carico del vento &quot;Classe C5&quot; (valori ottenuti da finestra 1480 \u00d7 1230 2 fogli) .<\/p>\n<p><strong>Calcolo termico<\/strong>: Uw = 2,3 W \/ m\u00b2K secondo la norma EN.ISO 10077-2: 2012 considerando i doppi vetri in una finestra a 2 ante 1480 \u00d7 1230 (4-16-4 con bassa emissivit\u00e0 + argon). Il prodotto \u00e8 considerato come <strong>gamma medio-alta<\/strong> soddisfacendo tutti gli obiettivi con risultati eccezionali all&#039;interno della sua categoria.<\/p>","protected":false},"excerpt":{"rendered":"<p><b>ENTREGA EN 24\/48 HORAS<\/b><\/p>\n<ul>\n<li data-leveltext=\"\uf0b7\" data-font=\"Symbol\" data-listid=\"17\" data-list-defn-props=\"{&quot;335552541&quot;:1,&quot;335559685&quot;:720,&quot;335559991&quot;:360,&quot;469769226&quot;:&quot;Symbol&quot;,&quot;469769242&quot;:[8226],&quot;469777803&quot;:&quot;left&quot;,&quot;469777804&quot;:&quot;\uf0b7&quot;,&quot;469777815&quot;:&quot;hybridMultilevel&quot;}\" aria-setsize=\"-1\" data-aria-posinset=\"7\" data-aria-level=\"1\"><b><span data-contrast=\"auto\">Perfiler\u00eda<\/span><\/b><span data-contrast=\"auto\">:<\/span> El grosor de nuestras ventanas es de <strong>45\u00a0mm. <\/strong>Gama <strong>MEDIA-ALTA <\/strong>con<strong> Rotura de Puente T\u00e9rmico.<\/strong><\/li>\n<li data-leveltext=\"\uf0b7\" data-font=\"Symbol\" data-listid=\"17\" data-list-defn-props=\"{&quot;335552541&quot;:1,&quot;335559685&quot;:720,&quot;335559991&quot;:360,&quot;469769226&quot;:&quot;Symbol&quot;,&quot;469769242&quot;:[8226],&quot;469777803&quot;:&quot;left&quot;,&quot;469777804&quot;:&quot;\uf0b7&quot;,&quot;469777815&quot;:&quot;hybridMultilevel&quot;}\" aria-setsize=\"-1\" data-aria-posinset=\"7\" data-aria-level=\"1\"><strong>Apertura:<\/strong>\u00a0Permite abrirla de manera<strong>\u00a0oscilante (inclinada) o completamente abatible\u00a0<\/strong>desde el interior.\u00a0Lo que\u00a0<strong>impide su apertura<\/strong>\u00a0desde el exterior.<\/li>\n<li data-leveltext=\"\uf0b7\" data-font=\"Symbol\" data-listid=\"17\" data-list-defn-props=\"{&quot;335552541&quot;:1,&quot;335559685&quot;:720,&quot;335559991&quot;:360,&quot;469769226&quot;:&quot;Symbol&quot;,&quot;469769242&quot;:[8226],&quot;469777803&quot;:&quot;left&quot;,&quot;469777804&quot;:&quot;\uf0b7&quot;,&quot;469777815&quot;:&quot;hybridMultilevel&quot;}\" aria-setsize=\"-1\" data-aria-posinset=\"7\" data-aria-level=\"1\"><strong>Hojas<\/strong>: La ventana dispone de <strong>dos hojas.<\/strong><\/li>\n<li data-leveltext=\"\uf0b7\" data-font=\"Symbol\" data-listid=\"17\" data-list-defn-props=\"{&quot;335552541&quot;:1,&quot;335559685&quot;:720,&quot;335559991&quot;:360,&quot;469769226&quot;:&quot;Symbol&quot;,&quot;469769242&quot;:[8226],&quot;469777803&quot;:&quot;left&quot;,&quot;469777804&quot;:&quot;\uf0b7&quot;,&quot;469777815&quot;:&quot;hybridMultilevel&quot;}\" aria-setsize=\"-1\" data-aria-posinset=\"7\" data-aria-level=\"1\"><strong>Medidas: Ancho<\/strong> (1200 mm) x <strong>Alto<\/strong> (1155 mm).<\/li>\n<li data-leveltext=\"\uf0b7\" data-font=\"Symbol\" data-listid=\"17\" data-list-defn-props=\"{&quot;335552541&quot;:1,&quot;335559685&quot;:720,&quot;335559991&quot;:360,&quot;469769226&quot;:&quot;Symbol&quot;,&quot;469769242&quot;:[8226],&quot;469777803&quot;:&quot;left&quot;,&quot;469777804&quot;:&quot;\uf0b7&quot;,&quot;469777815&quot;:&quot;hybridMultilevel&quot;}\" aria-setsize=\"-1\" data-aria-posinset=\"7\" data-aria-level=\"1\"><b><span data-contrast=\"auto\">Vidrio<\/span><\/b><span data-contrast=\"auto\">: Compuesto por\u00a0<b>dos capas de vidrio float de 4 mm<\/b>\u00a0y una\u00a0<b>c\u00e1mara de 16 mm <\/b>con <strong>gas Arg\u00f3n<\/strong>, con\u00a0<b>doble acristalamiento.<\/b>\u00a0<\/span><\/li>\n<li><b><span data-contrast=\"auto\">Persiana PVC: <\/span><\/b><span data-contrast=\"auto\">Persiana integrada en el sistema, <\/span><b><span data-contrast=\"auto\">fabricada en PVC. <\/span><\/b>Lamas de Aluminio.<\/li>\n<li><strong>Motorizaci\u00f3n Persiana:<\/strong> motor de persiana instalado y regulado marca italiana Nice ttgo 15 Nm anal\u00f3gico. Incorpora un cable para conexi\u00f3n de 2 metros. Pulsador espec\u00edfico para motores de persiana y manual de conexiones<\/li>\n<li data-leveltext=\"\uf0b7\" data-font=\"Symbol\" data-listid=\"17\" data-list-defn-props=\"{&quot;335552541&quot;:1,&quot;335559685&quot;:720,&quot;335559991&quot;:360,&quot;469769226&quot;:&quot;Symbol&quot;,&quot;469769242&quot;:[8226],&quot;469777803&quot;:&quot;left&quot;,&quot;469777804&quot;:&quot;\uf0b7&quot;,&quot;469777815&quot;:&quot;hybridMultilevel&quot;}\" aria-setsize=\"-1\" data-aria-posinset=\"7\" data-aria-level=\"1\"><strong>Cierre: <span data-contrast=\"auto\">Sistema de cremona de aluminio con\u00a0tre<\/span><b><span data-contrast=\"auto\">s posiciones<\/span><\/b><span data-contrast=\"auto\">: cerrado, practicable y oscilobatiente.<\/span><\/strong><\/li>\n<li><b><span data-contrast=\"auto\">Seguridad: <\/span><\/b>Sistema con varios puntos de cierre y pasadores ocultos, garantizando protecci\u00f3n adicional.<\/li>\n<li><b><span data-contrast=\"auto\">Regulaci\u00f3n<\/span><\/b><span data-contrast=\"auto\">: Ajuste tridimensional, <\/span><b><span data-contrast=\"auto\">permitiendo regulaci\u00f3n<\/span><\/b><span data-contrast=\"auto\"> tanto en los puntos de cierre como en las dem\u00e1s partes del sistema.<\/span><\/li>\n<\/ul>\n","protected":false},"featured_media":22557,"comment_status":"open","ping_status":"closed","template":"","meta":{"_acf_changed":false,"_joinchat":[],"jetpack_publicize_message":"","jetpack_publicize_feature_enabled":true,"jetpack_social_post_already_shared":false,"jetpack_social_options":{"image_generator_settings":{"template":"highway","default_image_id":0,"font":"","enabled":false},"version":2}},"product_brand":[],"product_cat":[777,1344,1345,823,776,826],"product_tag":[430,163,431,147,429,423,154,148,418,419,150],"class_list":{"0":"post-7581","1":"product","2":"type-product","3":"status-publish","4":"has-post-thumbnail","6":"product_cat-aluminio-rotura-puente-termico","7":"product_cat-shopping","8":"product_cat-shopping-ads","9":"product_cat-ventanas-aluminio-rpt","10":"product_cat-ventanas-aluminio-rpt-oscilobatientes","11":"product_cat-ventanas-oscilobatientes","12":"product_tag-430","13":"product_tag-2-hojas","14":"product_tag-alrbb0012","15":"product_tag-aluminio","16":"product_tag-con-persiana-de-aluminio-motorizada","17":"product_tag-cristal-transparente","18":"product_tag-oscilobatiente","19":"product_tag-practicable","20":"product_tag-rotura-puente-termico","21":"product_tag-rpt","22":"product_tag-ventana","23":"product_shipping_class-intermedios","25":"first","26":"instock","27":"featured","28":"taxable","29":"shipping-taxable","30":"purchasable","31":"product-type-simple"},"acf":[],"jetpack_publicize_connections":[],"jetpack_sharing_enabled":true,"_links":{"self":[{"href":"https:\/\/ventanastock.es\/it\/wp-json\/wp\/v2\/product\/7581","targetHints":{"allow":["GET"]}}],"collection":[{"href":"https:\/\/ventanastock.es\/it\/wp-json\/wp\/v2\/product"}],"about":[{"href":"https:\/\/ventanastock.es\/it\/wp-json\/wp\/v2\/types\/product"}],"replies":[{"embeddable":true,"href":"https:\/\/ventanastock.es\/it\/wp-json\/wp\/v2\/comments?post=7581"}],"wp:featuredmedia":[{"embeddable":true,"href":"https:\/\/ventanastock.es\/it\/wp-json\/wp\/v2\/media\/22557"}],"wp:attachment":[{"href":"https:\/\/ventanastock.es\/it\/wp-json\/wp\/v2\/media?parent=7581"}],"wp:term":[{"taxonomy":"product_brand","embeddable":true,"href":"https:\/\/ventanastock.es\/it\/wp-json\/wp\/v2\/product_brand?post=7581"},{"taxonomy":"product_cat","embeddable":true,"href":"https:\/\/ventanastock.es\/it\/wp-json\/wp\/v2\/product_cat?post=7581"},{"taxonomy":"product_tag","embeddable":true,"href":"https:\/\/ventanastock.es\/it\/wp-json\/wp\/v2\/product_tag?post=7581"}],"curies":[{"name":"wp","href":"https:\/\/api.w.org\/{rel}","templated":true}]}}