    {"id":17769,"date":"2022-07-04T12:31:08","date_gmt":"2022-07-04T11:31:08","guid":{"rendered":"https:\/\/ventanastock.es\/?post_type=product&#038;p=17769"},"modified":"2026-05-11T06:19:37","modified_gmt":"2026-05-11T04:19:37","slug":"ventana-pvc-corredera-con-persiana-pvc-1000x1355-2h","status":"publish","type":"product","link":"https:\/\/ventanastock.es\/pt\/produto\/ventana-pvc-corredera-con-persiana-pvc-1000x1355-2h\/","title":{"rendered":"Janela deslizante de PVC com obturador (PVC) 1000\u00d71355 2h"},"content":{"rendered":"<p><strong>As imagens dos produtos apresentados neste site podem apresentar alguma varia\u00e7\u00e3o em rela\u00e7\u00e3o ao produto f\u00edsico.<\/strong><\/p>\n<p><strong>Inclui al\u00e7as de PVC e garras de instala\u00e7\u00e3o com manual de instru\u00e7\u00f5es.<\/strong><\/p>\n<p><strong>Descri\u00e7\u00e3o do produto:<\/strong> Nosso sistema \u00e9 uma nova gera\u00e7\u00e3o de perfis que hoje atende aos <strong>requisitos<\/strong> para as janelas do futuro. O perfil tem um <strong>Largura de 70mm e 120mm incluindo persianas devido \u00e0 guia<\/strong>, com borracha externa que garante maior <strong>efici\u00eancia t\u00e9rmica<\/strong>. Dele <strong>constru\u00e7\u00e3o robusta<\/strong>, com grandes c\u00e2maras para refor\u00e7os de a\u00e7o, garante par\u00e2metros est\u00e1ticos \u00f3timos e permite a fabrica\u00e7\u00e3o de <strong>janelas grandes<\/strong>, garantindo durabilidade e desempenho a longo prazo.<\/p>\n<p><strong>Tipo de perfil: <\/strong><\/p>\n<ul>\n<li style=\"list-style-type: none;\">\n<ul>\n<li><strong>Material:<\/strong> PVC de elevada qualidade, oferecendo excelente isolamento t\u00e9rmico e ac\u00fastico.<\/li>\n<li><strong>Terminar:<\/strong> Est\u00e9tico, moderno e de f\u00e1cil manuten\u00e7\u00e3o.<\/li>\n<\/ul>\n<\/li>\n<\/ul>\n<p><strong>Vidro: <\/strong>Vidro inteligente 4\/12\/4<strong> Baixa emiss\u00e3o com g\u00e1s arg\u00f4nio + controle solar\u00a0<\/strong>o que permite uma maior redu\u00e7\u00e3o no consumo de aquecimento e ar condicionado<strong><span data-contrast=\"auto\"><b>.\u00a0<\/b><\/span><\/strong><\/p>\n<p><strong>Tipo de abertura:<\/strong><\/p>\n<ul>\n<li style=\"list-style-type: none;\">\n<ul>\n<li>A janela \u00e9 <strong>deslize horizontalmente<\/strong> em um trilho, permitindo uma abertura suave e f\u00e1cil sem ocupar espa\u00e7o adicional. Ideal para espa\u00e7os menores ou quando \u00e9 necess\u00e1ria uma abertura mais discreta, sem a necessidade de espa\u00e7o adicional para a janela girar.<\/li>\n<\/ul>\n<\/li>\n<\/ul>\n<p><b style=\"color: #555555;\"><span data-contrast=\"auto\">Sistema de fechamento:<\/span><\/b><\/p>\n<ul>\n<li style=\"list-style-type: none;\">\n<ul>\n<li><span data-contrast=\"auto\"><strong>Cremona de PVC<\/strong> de dentro para dentro <strong>ambas as folhas<\/strong>, garantindo um fechamento seguro e funcional.<\/span><\/li>\n<li>V\u00e1rios pontos de travamento em cada folha para maior seguran\u00e7a.<\/li>\n<\/ul>\n<\/li>\n<\/ul>\n<p><strong>Cego (PVC):<\/strong><\/p>\n<ul>\n<li style=\"list-style-type: none;\">\n<ul>\n<li><strong style=\"color: #333333;\">Cortina de PVC<\/strong><span style=\"color: #333333;\">\u00a0integrado, proporcionando prote\u00e7\u00e3o solar e privacidade.<\/span><\/li>\n<li>Ele\u00a0<strong>Material PVC<\/strong>\u00a0garante durabilidade, facilidade de manuten\u00e7\u00e3o e isolamento adicional.<\/li>\n<\/ul>\n<\/li>\n<\/ul>\n<p><strong>Seguran\u00e7a:<\/strong> O sistema inclui <strong>v\u00e1rios pontos de travamento em cada folha, garantindo<\/strong>\u00a0maior prote\u00e7\u00e3o<strong>. <\/strong>Os modelos de varanda possuem um terceiro fechamento intermedi\u00e1rio<strong>, e os pinos escondidos <\/strong>na parte superior e inferior proporcionam seguran\u00e7a adicional.<\/p>\n<p><b><span data-contrast=\"auto\">Regulamento e Acess\u00f3rios:<\/span><\/b> O sistema tem <strong>rodas tandem<\/strong> equipado com <strong>rolamentos de esferas<\/strong> que permitem o ajuste preciso do n\u00edvel da janela, elevando-a ou abaixando-a para melhorar o ajuste e a opera\u00e7\u00e3o. Este sistema garante uma <strong>deslizamento suave<\/strong>, <strong>eficiente<\/strong> e um <strong>manuten\u00e7\u00e3o m\u00ednima<\/strong> ao longo do tempo, garantindo a durabilidade e o desempenho da janela.<\/p>\n<p><strong>Est\u00e9tico:<\/strong> Juntas de envidra\u00e7amento est\u00e9ticas e de alta qualidade. A estrutura compacta, curvas e inclina\u00e7\u00f5es delicadas conferem aos perfis um visual moderno e elegante. El\u00e1sticos cinza.<\/p>\n<p><strong>Nossos produtos oferecem f\u00e1cil manuten\u00e7\u00e3o, excelente isolamento t\u00e9rmico e ac\u00fastico e grande durabilidade. S\u00e3o resistentes \u00e0 umidade e \u00e0 corros\u00e3o, o que ajuda a reduzir os custos de aquecimento e ar condicionado.<\/strong><\/p>","protected":false},"excerpt":{"rendered":"<p><b>ENTREGA EN 24\/48 HORAS<\/b><\/p>\n<p><strong>NUEVO PRODUCTO CON MEJORES CUALIDADES<\/strong><\/p>\n<ul>\n<li data-leveltext=\"\uf0b7\" data-font=\"Symbol\" data-listid=\"17\" data-list-defn-props=\"{&quot;335552541&quot;:1,&quot;335559685&quot;:720,&quot;335559991&quot;:360,&quot;469769226&quot;:&quot;Symbol&quot;,&quot;469769242&quot;:[8226],&quot;469777803&quot;:&quot;left&quot;,&quot;469777804&quot;:&quot;\uf0b7&quot;,&quot;469777815&quot;:&quot;hybridMultilevel&quot;}\" aria-setsize=\"-1\" data-aria-posinset=\"7\" data-aria-level=\"1\"><b><span data-contrast=\"auto\">Perfiler\u00eda<\/span><\/b><span data-contrast=\"auto\">:<\/span> 5 c\u00e1maras y <strong>70 mm<\/strong> sin caj\u00f3n y <strong>120 mm<\/strong> con caj\u00f3n del ancho aseguran un aislamiento t\u00e9rmico y ac\u00fastico \u00f3ptimo<strong>.<\/strong><\/li>\n<li data-leveltext=\"\uf0b7\" data-font=\"Symbol\" data-listid=\"17\" data-list-defn-props=\"{&quot;335552541&quot;:1,&quot;335559685&quot;:720,&quot;335559991&quot;:360,&quot;469769226&quot;:&quot;Symbol&quot;,&quot;469769242&quot;:[8226],&quot;469777803&quot;:&quot;left&quot;,&quot;469777804&quot;:&quot;\uf0b7&quot;,&quot;469777815&quot;:&quot;hybridMultilevel&quot;}\" aria-setsize=\"-1\" data-aria-posinset=\"7\" data-aria-level=\"1\"><strong>Apertura: <\/strong>La ventana se <strong>desliza lateralmente<\/strong> sobre un carril, lo que permite una apertura suave y eficiente sin necesidad de espacio adicional. Ideal para <strong>optimizar el espacio<\/strong> y facilitar la ventilaci\u00f3n.<\/li>\n<li data-leveltext=\"\uf0b7\" data-font=\"Symbol\" data-listid=\"17\" data-list-defn-props=\"{&quot;335552541&quot;:1,&quot;335559685&quot;:720,&quot;335559991&quot;:360,&quot;469769226&quot;:&quot;Symbol&quot;,&quot;469769242&quot;:[8226],&quot;469777803&quot;:&quot;left&quot;,&quot;469777804&quot;:&quot;\uf0b7&quot;,&quot;469777815&quot;:&quot;hybridMultilevel&quot;}\" aria-setsize=\"-1\" data-aria-posinset=\"7\" data-aria-level=\"1\"><strong>Hojas<\/strong>: La ventana dispone de <strong>dos hojas.<\/strong><\/li>\n<li data-leveltext=\"\uf0b7\" data-font=\"Symbol\" data-listid=\"17\" data-list-defn-props=\"{&quot;335552541&quot;:1,&quot;335559685&quot;:720,&quot;335559991&quot;:360,&quot;469769226&quot;:&quot;Symbol&quot;,&quot;469769242&quot;:[8226],&quot;469777803&quot;:&quot;left&quot;,&quot;469777804&quot;:&quot;\uf0b7&quot;,&quot;469777815&quot;:&quot;hybridMultilevel&quot;}\" aria-setsize=\"-1\" data-aria-posinset=\"7\" data-aria-level=\"1\"><strong>Medidas: Ancho<\/strong> (1000 mm) x <strong>Alto<\/strong> (1355 mm).<\/li>\n<li data-leveltext=\"\uf0b7\" data-font=\"Symbol\" data-listid=\"17\" data-list-defn-props=\"{&quot;335552541&quot;:1,&quot;335559685&quot;:720,&quot;335559991&quot;:360,&quot;469769226&quot;:&quot;Symbol&quot;,&quot;469769242&quot;:[8226],&quot;469777803&quot;:&quot;left&quot;,&quot;469777804&quot;:&quot;\uf0b7&quot;,&quot;469777815&quot;:&quot;hybridMultilevel&quot;}\" aria-setsize=\"-1\" data-aria-posinset=\"7\" data-aria-level=\"1\"><b><span data-contrast=\"auto\">Vidrio<\/span><\/b><span data-contrast=\"auto\">: Compuesto por\u00a0<b>dos capas de vidrio float de 4 mm<\/b>\u00a0y una\u00a0<b>c\u00e1mara de 12 mm Bajo Emisivo con Control Solar y<\/b><b>\u00a0Gas Arg\u00f3n<\/b>, con\u00a0<b>doble acristalamiento.<\/b><\/span><\/li>\n<li><b><span data-contrast=\"auto\">Persiana PVC:\u00a0<\/span><\/b><span data-contrast=\"auto\">Persiana integrada en el sistema,\u00a0<\/span><b><span data-contrast=\"auto\">fabricada en PVC.<\/span><\/b><\/li>\n<li data-leveltext=\"\uf0b7\" data-font=\"Symbol\" data-listid=\"17\" data-list-defn-props=\"{&quot;335552541&quot;:1,&quot;335559685&quot;:720,&quot;335559991&quot;:360,&quot;469769226&quot;:&quot;Symbol&quot;,&quot;469769242&quot;:[8226],&quot;469777803&quot;:&quot;left&quot;,&quot;469777804&quot;:&quot;\uf0b7&quot;,&quot;469777815&quot;:&quot;hybridMultilevel&quot;}\" aria-setsize=\"-1\" data-aria-posinset=\"7\" data-aria-level=\"1\"><strong>Cierre:<\/strong> Sistema de cremona de PVC que asegura un cierre seguro en el sistema corredera.<\/li>\n<li><b><span data-contrast=\"auto\">Seguridad: <\/span><\/b>Sistema con varios puntos de cierre y pasadores ocultos, garantizando protecci\u00f3n adicional.<\/li>\n<li><b><span data-contrast=\"auto\">Regulaci\u00f3n<\/span><\/b><span data-contrast=\"auto\">: Ajuste tridimensional, <\/span><b><span data-contrast=\"auto\">permitiendo regulaci\u00f3n<\/span><\/b><span data-contrast=\"auto\"> tanto en los puntos de cierre como en las dem\u00e1s partes del sistema.<\/span><\/li>\n<li><strong>Sistema de ruedas:<\/strong> Ruedas t\u00e1ndem con rodamientos de bolas regulables permitiendo subir o bajar para mayor ajuste.<\/li>\n<\/ul>\n","protected":false},"featured_media":17872,"comment_status":"open","ping_status":"closed","template":"","meta":{"_acf_changed":false,"_joinchat":[],"jetpack_publicize_message":"","jetpack_publicize_feature_enabled":true,"jetpack_social_post_already_shared":false,"jetpack_social_options":{"image_generator_settings":{"template":"highway","default_image_id":0,"font":"","enabled":false},"version":2}},"product_brand":[],"product_cat":[1004,1260,818,1344,825,771,775],"product_tag":[163,172,168,274,753,150],"class_list":{"0":"post-17769","1":"product","2":"type-product","3":"status-publish","4":"has-post-thumbnail","6":"product_cat-ofertas","7":"product_cat-ofertas-pvc","8":"product_cat-pvc","9":"product_cat-shopping","10":"product_cat-ventanas-correderas","11":"product_cat-ventanas-pvc","12":"product_cat-ventanas-pvc-correderas","13":"product_tag-2-hojas","14":"product_tag-con-persiana-pvc","15":"product_tag-corredera","16":"product_tag-pvc","17":"product_tag-pvcd0105","18":"product_tag-ventana","19":"product_shipping_class-ligeros","21":"first","22":"instock","23":"taxable","24":"shipping-taxable","25":"purchasable","26":"product-type-simple"},"acf":[],"jetpack_publicize_connections":[],"jetpack_sharing_enabled":true,"_links":{"self":[{"href":"https:\/\/ventanastock.es\/pt\/wp-json\/wp\/v2\/product\/17769","targetHints":{"allow":["GET"]}}],"collection":[{"href":"https:\/\/ventanastock.es\/pt\/wp-json\/wp\/v2\/product"}],"about":[{"href":"https:\/\/ventanastock.es\/pt\/wp-json\/wp\/v2\/types\/product"}],"replies":[{"embeddable":true,"href":"https:\/\/ventanastock.es\/pt\/wp-json\/wp\/v2\/comments?post=17769"}],"wp:featuredmedia":[{"embeddable":true,"href":"https:\/\/ventanastock.es\/pt\/wp-json\/wp\/v2\/media\/17872"}],"wp:attachment":[{"href":"https:\/\/ventanastock.es\/pt\/wp-json\/wp\/v2\/media?parent=17769"}],"wp:term":[{"taxonomy":"product_brand","embeddable":true,"href":"https:\/\/ventanastock.es\/pt\/wp-json\/wp\/v2\/product_brand?post=17769"},{"taxonomy":"product_cat","embeddable":true,"href":"https:\/\/ventanastock.es\/pt\/wp-json\/wp\/v2\/product_cat?post=17769"},{"taxonomy":"product_tag","embeddable":true,"href":"https:\/\/ventanastock.es\/pt\/wp-json\/wp\/v2\/product_tag?post=17769"}],"curies":[{"name":"wp","href":"https:\/\/api.w.org\/{rel}","templated":true}]}}