    {"id":2866,"date":"2017-02-01T00:00:01","date_gmt":"2017-01-31T23:00:01","guid":{"rendered":"http:\/\/ventanastock.es\/producto\/ventana-aluminio-basculante-500x600-1h\/"},"modified":"2026-04-24T13:21:19","modified_gmt":"2026-04-24T11:21:19","slug":"ventana-aluminio-basculante-500x600-1h","status":"publish","type":"product","link":"https:\/\/ventanastock.es\/pt\/produto\/ventana-aluminio-basculante-500x600-1h\/","title":{"rendered":"Janela basculante de alum\u00ednio (Golpete) 500\u00d7600 1h. vidro fosco"},"content":{"rendered":"<p><strong>Tipo de Perfiler\u00eda:\u00a0<\/strong><\/p>\n<ul>\n<li style=\"list-style-type: none;\">\n<ul>\n<li data-leveltext=\"%1.\" data-font=\"Aptos\" data-listid=\"19\" data-list-defn-props=\"{&quot;335552541&quot;:0,&quot;335559685&quot;:720,&quot;335559991&quot;:360,&quot;469769242&quot;:[65533,0],&quot;469777803&quot;:&quot;left&quot;,&quot;469777804&quot;:&quot;%1.&quot;,&quot;469777815&quot;:&quot;hybridMultilevel&quot;}\" aria-setsize=\"-1\" data-aria-posinset=\"1\" data-aria-level=\"1\"><b><span data-contrast=\"auto\">Aluminio<\/span><\/b><span data-contrast=\"auto\">, ideal para asegurar una estructura duradera y resistente.<\/span><span data-ccp-props=\"{&quot;134233117&quot;:false,&quot;134233118&quot;:false,&quot;335559738&quot;:0,&quot;335559739&quot;:0}\">\u00a0<\/span><\/li>\n<li data-leveltext=\"o\" data-font=\"Courier New\" data-listid=\"2\" data-list-defn-props=\"{&quot;335552541&quot;:1,&quot;335559685&quot;:1440,&quot;335559991&quot;:360,&quot;469769226&quot;:&quot;Courier New&quot;,&quot;469769242&quot;:[9675],&quot;469777803&quot;:&quot;left&quot;,&quot;469777804&quot;:&quot;o&quot;,&quot;469777815&quot;:&quot;hybridMultilevel&quot;}\" aria-setsize=\"-1\" data-aria-posinset=\"3\" data-aria-level=\"2\"><span data-contrast=\"auto\">Acabado <\/span><b><span data-contrast=\"auto\">elegante y moderno<\/span><\/b><span data-contrast=\"auto\">.<\/span><span data-ccp-props=\"{&quot;134233117&quot;:false,&quot;134233118&quot;:false,&quot;335559738&quot;:0,&quot;335559739&quot;:0}\">\u00a0<\/span><\/li>\n<li data-leveltext=\"o\" data-font=\"Courier New\" data-listid=\"2\" data-list-defn-props=\"{&quot;335552541&quot;:1,&quot;335559685&quot;:1440,&quot;335559991&quot;:360,&quot;469769226&quot;:&quot;Courier New&quot;,&quot;469769242&quot;:[9675],&quot;469777803&quot;:&quot;left&quot;,&quot;469777804&quot;:&quot;o&quot;,&quot;469777815&quot;:&quot;hybridMultilevel&quot;}\" aria-setsize=\"-1\" data-aria-posinset=\"3\" data-aria-level=\"2\"><b><span data-contrast=\"auto\">Serie fr\u00eda con canal europeo.<\/span><\/b><\/li>\n<\/ul>\n<\/li>\n<\/ul>\n<p><b style=\"font-size: 14.4px;\"><span data-contrast=\"auto\">Vidrio:<\/span><\/b> <b style=\"color: #333333;\"><span data-contrast=\"auto\">Vidrio de doble acristalamiento<\/span><\/b><span style=\"color: #333333;\" data-contrast=\"auto\"> est\u00e1 compuesto por <\/span><b style=\"color: #333333;\"><span data-contrast=\"auto\">dos capas de vidrio float de 4 mm<\/span><\/b><span style=\"color: #333333;\" data-contrast=\"auto\"> y una c\u00e1mara de <\/span><b style=\"color: #333333;\"><span data-contrast=\"auto\">8 mm deshidratada.<\/span><\/b><strong><span style=\"color: #333333;\" data-ccp-props=\"{&quot;134233117&quot;:false,&quot;134233118&quot;:false,&quot;335559738&quot;:0,&quot;335559739&quot;:0}\"> Cristal Mate Carglass.<\/span><\/strong><\/p>\n<p><span data-contrast=\"auto\"><b>Tipo de Apertura: <\/b><\/span><\/p>\n<ul>\n<li style=\"list-style-type: none;\">\n<ul>\n<li><span data-contrast=\"auto\"><strong>B<\/strong><\/span><b style=\"color: #333333;\"><span data-contrast=\"auto\">asculante<\/span><\/b><span style=\"color: #333333;\" data-contrast=\"auto\">: La <strong>apertura basculante<\/strong> permite que la ventana se incline, ofreciendo ventilaci\u00f3n, privacidad y f\u00e1cil limpieza, ideal para espacios reducidos.<\/span><\/li>\n<\/ul>\n<\/li>\n<\/ul>\n<p><b><span data-contrast=\"auto\">Sistema de cierre: <\/span><\/b>Golpete de una sola hoja, con un sistema<b><span data-contrast=\"auto\"> de cierre herm\u00e9tico y seguro.<\/span><\/b><\/p>\n<p><b><span data-contrast=\"auto\">Seguridad:<\/span><\/b> \u00a0El sistema de cierre incluye pasadores ocultos en la parte superior e inferior, proporcionando mayor seguridad. Dependiendo del tama\u00f1o de la ventana, el sistema puede incorporar <strong>entre dos y cuatro puntos de cierre<\/strong>.<\/p>\n<p><b><span data-contrast=\"auto\">Regulaci\u00f3n y Accesorios:<\/span><\/b> Regulaci\u00f3n tridimensional en el sistema de herraje para un ajuste preciso y duradero. Permite una regulaci\u00f3n en presi\u00f3n y en las bisagras un desplazamiento horizontal. Tambi\u00e9n dispone de compas lateral que limita la apertura.<\/p>\n","protected":false},"excerpt":{"rendered":"<p><b>ENTREGA EN 24\/48 HORAS<\/b><\/p>\n<ul>\n<li data-leveltext=\"\uf0b7\" data-font=\"Symbol\" data-listid=\"17\" data-list-defn-props=\"{&quot;335552541&quot;:1,&quot;335559685&quot;:720,&quot;335559991&quot;:360,&quot;469769226&quot;:&quot;Symbol&quot;,&quot;469769242&quot;:[8226],&quot;469777803&quot;:&quot;left&quot;,&quot;469777804&quot;:&quot;\uf0b7&quot;,&quot;469777815&quot;:&quot;hybridMultilevel&quot;}\" aria-setsize=\"-1\" data-aria-posinset=\"7\" data-aria-level=\"1\"><b><span data-contrast=\"auto\">Perfiler\u00eda<\/span><\/b><span data-contrast=\"auto\">:<\/span> El grosor de nuestras ventanas es de <strong>40 mm<\/strong>.<\/li>\n<li data-leveltext=\"\uf0b7\" data-font=\"Symbol\" data-listid=\"17\" data-list-defn-props=\"{&quot;335552541&quot;:1,&quot;335559685&quot;:720,&quot;335559991&quot;:360,&quot;469769226&quot;:&quot;Symbol&quot;,&quot;469769242&quot;:[8226],&quot;469777803&quot;:&quot;left&quot;,&quot;469777804&quot;:&quot;\uf0b7&quot;,&quot;469777815&quot;:&quot;hybridMultilevel&quot;}\" aria-setsize=\"-1\" data-aria-posinset=\"7\" data-aria-level=\"1\"><strong>Apertura:<\/strong> La ventana es de apertura<strong> basculante<\/strong> (es decir, se abre desde la <strong>parte superior<\/strong> hacia adentro en un \u00e1ngulo).<\/li>\n<li data-leveltext=\"\uf0b7\" data-font=\"Symbol\" data-listid=\"17\" data-list-defn-props=\"{&quot;335552541&quot;:1,&quot;335559685&quot;:720,&quot;335559991&quot;:360,&quot;469769226&quot;:&quot;Symbol&quot;,&quot;469769242&quot;:[8226],&quot;469777803&quot;:&quot;left&quot;,&quot;469777804&quot;:&quot;\uf0b7&quot;,&quot;469777815&quot;:&quot;hybridMultilevel&quot;}\" aria-setsize=\"-1\" data-aria-posinset=\"7\" data-aria-level=\"1\"><strong>Hojas<\/strong>: La ventana dispone de <strong>una hoja.<\/strong><\/li>\n<li data-leveltext=\"\uf0b7\" data-font=\"Symbol\" data-listid=\"17\" data-list-defn-props=\"{&quot;335552541&quot;:1,&quot;335559685&quot;:720,&quot;335559991&quot;:360,&quot;469769226&quot;:&quot;Symbol&quot;,&quot;469769242&quot;:[8226],&quot;469777803&quot;:&quot;left&quot;,&quot;469777804&quot;:&quot;\uf0b7&quot;,&quot;469777815&quot;:&quot;hybridMultilevel&quot;}\" aria-setsize=\"-1\" data-aria-posinset=\"7\" data-aria-level=\"1\"><strong>Medidas: Ancho<\/strong> (500 mm) x <strong>Alto<\/strong> (600 mm).<\/li>\n<li data-leveltext=\"\uf0b7\" data-font=\"Symbol\" data-listid=\"17\" data-list-defn-props=\"{&quot;335552541&quot;:1,&quot;335559685&quot;:720,&quot;335559991&quot;:360,&quot;469769226&quot;:&quot;Symbol&quot;,&quot;469769242&quot;:[8226],&quot;469777803&quot;:&quot;left&quot;,&quot;469777804&quot;:&quot;\uf0b7&quot;,&quot;469777815&quot;:&quot;hybridMultilevel&quot;}\" aria-setsize=\"-1\" data-aria-posinset=\"7\" data-aria-level=\"1\"><b><span data-contrast=\"auto\">Vidrio<\/span><\/b><span data-contrast=\"auto\">: Compuesto por <\/span><b><span data-contrast=\"auto\">dos capas de vidrio float de 4 mm<\/span><\/b><span data-contrast=\"auto\">\u00a0y una <\/span><b><span data-contrast=\"auto\">c\u00e1mara deshidratada de 8 mm<\/span><\/b><span data-contrast=\"auto\">, con <\/span><b><span data-contrast=\"auto\">doble acristalamiento.<\/span><\/b><span data-ccp-props=\"{&quot;134233117&quot;:false,&quot;134233118&quot;:false,&quot;335559738&quot;:0,&quot;335559739&quot;:240}\"><strong> Cristal mate Carglass.<\/strong>\u00a0<\/span><\/li>\n<li data-leveltext=\"\uf0b7\" data-font=\"Symbol\" data-listid=\"17\" data-list-defn-props=\"{&quot;335552541&quot;:1,&quot;335559685&quot;:720,&quot;335559991&quot;:360,&quot;469769226&quot;:&quot;Symbol&quot;,&quot;469769242&quot;:[8226],&quot;469777803&quot;:&quot;left&quot;,&quot;469777804&quot;:&quot;\uf0b7&quot;,&quot;469777815&quot;:&quot;hybridMultilevel&quot;}\" aria-setsize=\"-1\" data-aria-posinset=\"7\" data-aria-level=\"1\"><b><span data-contrast=\"auto\">Cierre: <\/span><\/b>Golpete de una sola hoja, asegurando el <b><span data-contrast=\"auto\">cierre herm\u00e9tico y estable.<\/span><\/b><\/li>\n<li><b><span data-contrast=\"auto\">Seguridad: <\/span><\/b><span data-contrast=\"auto\">Sistema de cierre con dos y cuatro puntos de seguridad, junto con pasadores ocultos.<\/span><\/li>\n<li><b><span data-contrast=\"auto\">Regulaci\u00f3n<\/span><\/b><span data-contrast=\"auto\">: Ajuste tridimensional, <\/span><b><span data-contrast=\"auto\">permitiendo regulaci\u00f3n<\/span><\/b><span data-contrast=\"auto\"> tanto en los puntos de cierre como en las dem\u00e1s partes del sistema.\u00a0\u00a0<\/span><\/li>\n<\/ul>\n","protected":false},"featured_media":21773,"comment_status":"open","ping_status":"closed","template":"","meta":{"_acf_changed":false,"_joinchat":[],"jetpack_publicize_message":"","jetpack_publicize_feature_enabled":true,"jetpack_social_post_already_shared":false,"jetpack_social_options":{"image_generator_settings":{"template":"highway","default_image_id":0,"font":"","enabled":false},"version":2}},"product_brand":[],"product_cat":[817,1344,1345,769,115,828],"product_tag":[324,152,325,147,167,214,211,150],"class_list":{"0":"post-2866","1":"product","2":"type-product","3":"status-publish","4":"has-post-thumbnail","6":"product_cat-aluminio","7":"product_cat-shopping","8":"product_cat-shopping-ads","9":"product_cat-ventanas-aluminio","10":"product_cat-ventanas-aluminio-basculantes","11":"product_cat-ventanas-basculantes","12":"product_tag-324","13":"product_tag-1-hoja","14":"product_tag-alb0015","15":"product_tag-aluminio","16":"product_tag-basculante","17":"product_tag-carglass","18":"product_tag-cristal-mate","19":"product_tag-ventana","20":"product_shipping_class-ligeros","22":"first","23":"instock","24":"taxable","25":"shipping-taxable","26":"purchasable","27":"product-type-simple"},"acf":[],"jetpack_publicize_connections":[],"jetpack_sharing_enabled":true,"_links":{"self":[{"href":"https:\/\/ventanastock.es\/pt\/wp-json\/wp\/v2\/product\/2866","targetHints":{"allow":["GET"]}}],"collection":[{"href":"https:\/\/ventanastock.es\/pt\/wp-json\/wp\/v2\/product"}],"about":[{"href":"https:\/\/ventanastock.es\/pt\/wp-json\/wp\/v2\/types\/product"}],"replies":[{"embeddable":true,"href":"https:\/\/ventanastock.es\/pt\/wp-json\/wp\/v2\/comments?post=2866"}],"wp:featuredmedia":[{"embeddable":true,"href":"https:\/\/ventanastock.es\/pt\/wp-json\/wp\/v2\/media\/21773"}],"wp:attachment":[{"href":"https:\/\/ventanastock.es\/pt\/wp-json\/wp\/v2\/media?parent=2866"}],"wp:term":[{"taxonomy":"product_brand","embeddable":true,"href":"https:\/\/ventanastock.es\/pt\/wp-json\/wp\/v2\/product_brand?post=2866"},{"taxonomy":"product_cat","embeddable":true,"href":"https:\/\/ventanastock.es\/pt\/wp-json\/wp\/v2\/product_cat?post=2866"},{"taxonomy":"product_tag","embeddable":true,"href":"https:\/\/ventanastock.es\/pt\/wp-json\/wp\/v2\/product_tag?post=2866"}],"curies":[{"name":"wp","href":"https:\/\/api.w.org\/{rel}","templated":true}]}}