    {"id":2868,"date":"2016-11-09T21:03:15","date_gmt":"2016-11-09T20:03:15","guid":{"rendered":"http:\/\/ventanastock.es\/producto\/ventana-de-aluminio-corredera-600x500-2h\/"},"modified":"2025-12-24T15:05:46","modified_gmt":"2025-12-24T13:05:46","slug":"ventana-de-aluminio-corredera-600x500-2h","status":"publish","type":"product","link":"https:\/\/ventanastock.es\/pt\/produto\/ventana-de-aluminio-corredera-600x500-2h\/","title":{"rendered":"Janela de correr de alum\u00ednio 600X500 2h. vidro fosco"},"content":{"rendered":"<p><strong>Tipo de perfil: <\/strong><\/p>\n<ul>\n<li style=\"list-style-type: none;\">\n<ul>\n<li><strong style=\"color: #333333;\">Alum\u00ednio<\/strong><span style=\"color: #333333;\">, ideal para garantir uma estrutura dur\u00e1vel e resistente.<\/span><\/li>\n<li>Terminar\u00a0<strong>elegante e moderno<\/strong>.<\/li>\n<li><strong>S\u00e9rie fria com canal europeu<\/strong><\/li>\n<\/ul>\n<\/li>\n<\/ul>\n<p><strong>Vidro:\u00a0<\/strong><strong>Vidro duplo<\/strong>\u00a0\u00e9 composto por\u00a0<strong>duas camadas de vidro float de 4 mm<\/strong>\u00a0e uma c\u00e2mera\u00a0<strong>8mm desidratado. Vidro fosco Carglass.<\/strong><\/p>\n<p><strong>Sistema de fechamento: <\/strong>Recheado dentro em ambas as folhas.<\/p>\n<p><strong>Seguran\u00e7a: <\/strong>Fechamento de um ponto de seguran\u00e7a em cada folha.<\/p>\n<p><strong>Regulamento de fechamento:\u00a0<\/strong>Permite ajuste tanto em altura quanto em largura, possibilitando fazer um ajuste exato.<\/p>\n<p><strong>Sistema de roda:<\/strong>\u00a0Rodas com rolamentos de esferas e regulagem<strong>\u00a0com chave Allen<\/strong>\u00a0permitindo que voc\u00ea aumente ou diminua para maior ajuste. O inv\u00f3lucro \u00e9\u00a0<strong>Zamac<\/strong>\u00a0e \u00e9 tratado contra corros\u00e3o.\u00a0<strong>Permite que voc\u00ea ajuste<\/strong>\u00a0caso a janela n\u00e3o esteja totalmente nivelada. Alta resist\u00eancia para suportar maior peso.<\/p>\n<p><strong>Juntas de veda\u00e7\u00e3o:\u00a0<\/strong>Juntas de veda\u00e7\u00e3o s\u00e3o instaladas nas juntas das molduras.\u00a0<strong>(neoprene de alta qualidade)\u00a0<\/strong>para evitar vazamentos de \u00e1gua<strong>.<\/strong><\/p>","protected":false},"excerpt":{"rendered":"<p><b>ENTREGA EN 24\/48 HORAS<\/b><\/p>\n<ul>\n<li data-leveltext=\"\uf0b7\" data-font=\"Symbol\" data-listid=\"17\" data-list-defn-props=\"{&quot;335552541&quot;:1,&quot;335559685&quot;:720,&quot;335559991&quot;:360,&quot;469769226&quot;:&quot;Symbol&quot;,&quot;469769242&quot;:[8226],&quot;469777803&quot;:&quot;left&quot;,&quot;469777804&quot;:&quot;\uf0b7&quot;,&quot;469777815&quot;:&quot;hybridMultilevel&quot;}\" aria-setsize=\"-1\" data-aria-posinset=\"7\" data-aria-level=\"1\"><b><span data-contrast=\"auto\">Perfiler\u00eda<\/span><\/b><span data-contrast=\"auto\">:<\/span> El grosor de nuestras ventanas es de <strong>60 mm.<\/strong><\/li>\n<li data-leveltext=\"\uf0b7\" data-font=\"Symbol\" data-listid=\"17\" data-list-defn-props=\"{&quot;335552541&quot;:1,&quot;335559685&quot;:720,&quot;335559991&quot;:360,&quot;469769226&quot;:&quot;Symbol&quot;,&quot;469769242&quot;:[8226],&quot;469777803&quot;:&quot;left&quot;,&quot;469777804&quot;:&quot;\uf0b7&quot;,&quot;469777815&quot;:&quot;hybridMultilevel&quot;}\" aria-setsize=\"-1\" data-aria-posinset=\"7\" data-aria-level=\"1\"><strong>Apertura:<\/strong> Corredera, ideal para ahorrar espacio y facilitar el acceso a balcones y terrazas.<\/li>\n<li data-leveltext=\"\uf0b7\" data-font=\"Symbol\" data-listid=\"17\" data-list-defn-props=\"{&quot;335552541&quot;:1,&quot;335559685&quot;:720,&quot;335559991&quot;:360,&quot;469769226&quot;:&quot;Symbol&quot;,&quot;469769242&quot;:[8226],&quot;469777803&quot;:&quot;left&quot;,&quot;469777804&quot;:&quot;\uf0b7&quot;,&quot;469777815&quot;:&quot;hybridMultilevel&quot;}\" aria-setsize=\"-1\" data-aria-posinset=\"7\" data-aria-level=\"1\"><strong>Hojas<\/strong>: La ventana dispone de <strong>dos hojas.<\/strong><\/li>\n<li data-leveltext=\"\uf0b7\" data-font=\"Symbol\" data-listid=\"17\" data-list-defn-props=\"{&quot;335552541&quot;:1,&quot;335559685&quot;:720,&quot;335559991&quot;:360,&quot;469769226&quot;:&quot;Symbol&quot;,&quot;469769242&quot;:[8226],&quot;469777803&quot;:&quot;left&quot;,&quot;469777804&quot;:&quot;\uf0b7&quot;,&quot;469777815&quot;:&quot;hybridMultilevel&quot;}\" aria-setsize=\"-1\" data-aria-posinset=\"7\" data-aria-level=\"1\"><strong>Medidas: Ancho<\/strong> (600 mm) x <strong>Alto<\/strong> (500 mm).<\/li>\n<li data-leveltext=\"\uf0b7\" data-font=\"Symbol\" data-listid=\"17\" data-list-defn-props=\"{&quot;335552541&quot;:1,&quot;335559685&quot;:720,&quot;335559991&quot;:360,&quot;469769226&quot;:&quot;Symbol&quot;,&quot;469769242&quot;:[8226],&quot;469777803&quot;:&quot;left&quot;,&quot;469777804&quot;:&quot;\uf0b7&quot;,&quot;469777815&quot;:&quot;hybridMultilevel&quot;}\" aria-setsize=\"-1\" data-aria-posinset=\"7\" data-aria-level=\"1\"><b><span data-contrast=\"auto\">Vidrio<\/span><\/b><span data-contrast=\"auto\">: Compuesto por <\/span><b><span data-contrast=\"auto\">dos capas de vidrio float de 4 mm<\/span><\/b><span data-contrast=\"auto\"> y una <\/span><b><span data-contrast=\"auto\">c\u00e1mara deshidratada de 8 mm<\/span><\/b><span data-contrast=\"auto\">, con <\/span><b><span data-contrast=\"auto\">doble acristalamiento. Vidrio Mate Carglass.<\/span><\/b><\/li>\n<li data-leveltext=\"\uf0b7\" data-font=\"Symbol\" data-listid=\"17\" data-list-defn-props=\"{&quot;335552541&quot;:1,&quot;335559685&quot;:720,&quot;335559991&quot;:360,&quot;469769226&quot;:&quot;Symbol&quot;,&quot;469769242&quot;:[8226],&quot;469777803&quot;:&quot;left&quot;,&quot;469777804&quot;:&quot;\uf0b7&quot;,&quot;469777815&quot;:&quot;hybridMultilevel&quot;}\" aria-setsize=\"-1\" data-aria-posinset=\"7\" data-aria-level=\"1\"><strong>Cierre embutido<\/strong> integrado discretamente en el marco, mejora la est\u00e9tica y refuerza la seguridad al dificultar su manipulaci\u00f3n desde el exterior.<\/li>\n<li data-leveltext=\"\uf0b7\" data-font=\"Symbol\" data-listid=\"17\" data-list-defn-props=\"{&quot;335552541&quot;:1,&quot;335559685&quot;:720,&quot;335559991&quot;:360,&quot;469769226&quot;:&quot;Symbol&quot;,&quot;469769242&quot;:[8226],&quot;469777803&quot;:&quot;left&quot;,&quot;469777804&quot;:&quot;\uf0b7&quot;,&quot;469777815&quot;:&quot;hybridMultilevel&quot;}\" aria-setsize=\"-1\" data-aria-posinset=\"7\" data-aria-level=\"1\"><b><span data-contrast=\"auto\">Seguridad: <\/span><\/b>Sistema con varios puntos de cierre y pasadores ocultos, garantizando protecci\u00f3n adicional.<\/li>\n<li><b><span data-contrast=\"auto\">Regulaci\u00f3n<\/span><\/b><span data-contrast=\"auto\">: Ajuste tridimensional, <\/span><b><span data-contrast=\"auto\">permitiendo regulaci\u00f3n<\/span><\/b><span data-contrast=\"auto\"> tanto en los puntos de cierre como en las dem\u00e1s partes del sistema.<\/span><\/li>\n<\/ul>\n","protected":false},"featured_media":18186,"comment_status":"open","ping_status":"closed","template":"","meta":{"_acf_changed":false,"_joinchat":[],"jetpack_publicize_message":"","jetpack_publicize_feature_enabled":true,"jetpack_social_post_already_shared":false,"jetpack_social_options":{"image_generator_settings":{"template":"highway","default_image_id":0,"font":"","enabled":false},"version":2}},"product_brand":[],"product_cat":[817,1344,1345,1254,1257,769,40,825],"product_tag":[330,163,331,147,214,168,211,150],"class_list":{"0":"post-2868","1":"product","2":"type-product","3":"status-publish","4":"has-post-thumbnail","6":"product_cat-aluminio","7":"product_cat-shopping","8":"product_cat-shopping-ads","9":"product_cat-superventas","10":"product_cat-superventas-aluminio","11":"product_cat-ventanas-aluminio","12":"product_cat-ventanas-aluminio-correderas","13":"product_cat-ventanas-correderas","14":"product_tag-330","15":"product_tag-2-hojas","16":"product_tag-alb0017","17":"product_tag-aluminio","18":"product_tag-carglass","19":"product_tag-corredera","20":"product_tag-cristal-mate","21":"product_tag-ventana","22":"product_shipping_class-ligeros","24":"first","25":"instock","26":"taxable","27":"shipping-taxable","28":"purchasable","29":"product-type-simple"},"acf":[],"jetpack_publicize_connections":[],"jetpack_sharing_enabled":true,"_links":{"self":[{"href":"https:\/\/ventanastock.es\/pt\/wp-json\/wp\/v2\/product\/2868","targetHints":{"allow":["GET"]}}],"collection":[{"href":"https:\/\/ventanastock.es\/pt\/wp-json\/wp\/v2\/product"}],"about":[{"href":"https:\/\/ventanastock.es\/pt\/wp-json\/wp\/v2\/types\/product"}],"replies":[{"embeddable":true,"href":"https:\/\/ventanastock.es\/pt\/wp-json\/wp\/v2\/comments?post=2868"}],"wp:featuredmedia":[{"embeddable":true,"href":"https:\/\/ventanastock.es\/pt\/wp-json\/wp\/v2\/media\/18186"}],"wp:attachment":[{"href":"https:\/\/ventanastock.es\/pt\/wp-json\/wp\/v2\/media?parent=2868"}],"wp:term":[{"taxonomy":"product_brand","embeddable":true,"href":"https:\/\/ventanastock.es\/pt\/wp-json\/wp\/v2\/product_brand?post=2868"},{"taxonomy":"product_cat","embeddable":true,"href":"https:\/\/ventanastock.es\/pt\/wp-json\/wp\/v2\/product_cat?post=2868"},{"taxonomy":"product_tag","embeddable":true,"href":"https:\/\/ventanastock.es\/pt\/wp-json\/wp\/v2\/product_tag?post=2868"}],"curies":[{"name":"wp","href":"https:\/\/api.w.org\/{rel}","templated":true}]}}