    {"id":7509,"date":"2019-09-05T09:27:48","date_gmt":"2019-09-05T08:27:48","guid":{"rendered":"https:\/\/ventanastock.es\/?post_type=product&#038;p=7509"},"modified":"2025-10-16T13:41:24","modified_gmt":"2025-10-16T11:41:24","slug":"ventana-aluminio-rpt-45-practicable-oscilobatiente-derecha-500x600-1hoja-cristal-mate-carglass","status":"publish","type":"product","link":"https:\/\/ventanastock.es\/pt\/produto\/ventana-aluminio-rpt-45-practicable-oscilobatiente-derecha-500x600-1hoja-cristal-mate-carglass\/","title":{"rendered":"Janela de alum\u00ednio RPT 45 Pratic\u00e1vel Inclinar e virar \u00e0 direita 500\u00d7600 1 folha de vidro fosco"},"content":{"rendered":"<p><strong>Tipo de perfil: <\/strong><\/p>\n<ul>\n<li style=\"list-style-type: none;\">\n<ul>\n<li>Alum\u00ednio com<strong> Ruptura da Ponte T\u00e9rmica (RPT)<\/strong>, garantindo excelente isolamento t\u00e9rmico e ac\u00fastico.<\/li>\n<li>Terminar\u00a0<strong>elegante e moderno<\/strong>.<\/li>\n<li>S\u00e9rie com <strong>Ruptura da Ponte T\u00e9rmica<\/strong> por meio de poliamidas com canal europeu.<\/li>\n<\/ul>\n<\/li>\n<\/ul>\n<p><strong>Vidro:\u00a0<\/strong><strong>Vidro duplo<\/strong>\u00a0\u00e9 composto por\u00a0<strong>duas camadas de vidro float de 4 mm<\/strong> e uma c\u00e2mera 16<strong> mil\u00edmetros<\/strong> com <strong>G\u00e1s arg\u00f4nio<\/strong>.<strong> Vidro fosco Carglass.<\/strong><\/p>\n<p><strong>Tipo de abertura:<\/strong><\/p>\n<ul>\n<li style=\"list-style-type: none;\">\n<ul>\n<li><b><span data-contrast=\"auto\">Pratic\u00e1vel<\/span><\/b><span data-contrast=\"auto\">: A janela abre de forma tradicional para o interior, oferecendo f\u00e1cil acesso para ventila\u00e7\u00e3o e limpeza.<\/span><span data-ccp-props=\"{&quot;134233117&quot;:false,&quot;134233118&quot;:false,&quot;335559738&quot;:0,&quot;335559739&quot;:0}\">\u00a0<\/span><\/li>\n<li><b><span data-contrast=\"auto\">Incline e gire<\/span><\/b><span data-contrast=\"auto\">: Permite a abertura da janela por cima, garantindo uma ventila\u00e7\u00e3o controlada sem risco de entrada de chuva. Ideal para manter o ar fresco sem comprometer a seguran\u00e7a ou a privacidade.<\/span><span data-ccp-props=\"{&quot;134233117&quot;:false,&quot;134233118&quot;:false,&quot;335559738&quot;:0,&quot;335559739&quot;:0}\">\u00a0<\/span><\/li>\n<\/ul>\n<\/li>\n<\/ul>\n<p><b><span data-contrast=\"auto\">Sistema de fechamento:<\/span><\/b><\/p>\n<ul>\n<li style=\"list-style-type: none;\">\n<ul>\n<li><b><span data-contrast=\"auto\">Cremona de alum\u00ednio<\/span><\/b><span data-contrast=\"auto\">\u00a0com\u00a0<\/span><b><span data-contrast=\"auto\">tr\u00eas posi\u00e7\u00f5es<\/span><\/b><span data-contrast=\"auto\">: fechado, pratic\u00e1vel e basculante.<\/span><span data-ccp-props=\"{&quot;134233117&quot;:false,&quot;134233118&quot;:false,&quot;335559738&quot;:0,&quot;335559739&quot;:0}\">\u00a0<\/span><\/li>\n<li><span data-contrast=\"auto\">V\u00e1rios pontos de travamento para maior seguran\u00e7a e veda\u00e7\u00e3o herm\u00e9tica.<\/span><span data-ccp-props=\"{&quot;134233117&quot;:false,&quot;134233118&quot;:false,&quot;335559738&quot;:0,&quot;335559739&quot;:0}\">\u00a0<\/span><\/li>\n<\/ul>\n<\/li>\n<\/ul>\n<p><strong>Seguran\u00e7a:<\/strong>\u00a0O sistema de fechamento inclui <strong><b><span data-contrast=\"auto\">alfinetes escondidos <\/span><\/b><\/strong>na parte superior e inferior, proporcionando seguran\u00e7a adicional. Dependendo do tamanho, o sistema pode incorporar entre <strong><b><span data-contrast=\"auto\">dois e quatro pontos finais<\/span><\/b><span data-contrast=\"auto\">.<\/span><\/strong><\/p>\n<p><b><span data-contrast=\"auto\">Regulamento e Acess\u00f3rios:<\/span><\/b>\u00a0Ajuste tridimensional no sistema de hardware para um encaixe preciso e duradouro. Permite a regulagem da press\u00e3o e o movimento horizontal das dobradi\u00e7as. Possui tamb\u00e9m uma b\u00fassola lateral que limita a abertura.<\/p>\n<p><strong>Ensaios AEV<\/strong>: De acordo com a norma UNE-EN 14351-1: 2006 + A1, permeabilidade ao ar &quot;Classe 4&quot;, estanqueidade &quot;Classe AE750&quot;, resist\u00eancia \u00e0 carga do vento &quot;Classe C5&quot; (valores obtidos na janela 1480 \u00d7 1230 2 folhas) .<\/p>\n<p><strong>C\u00e1lculo t\u00e9rmico<\/strong>: Uw = 2,3 W \/ m\u00b2K de acordo com a norma EN.ISO 10077-2: 2012 considerando vidros duplos em janela de 2 folhas 1480 \u00d7 1230 (4-16-4 com baixa emissividade + arg\u00f4nio). O produto \u00e9 considerado como <strong>gama m\u00e9dia-alta<\/strong> cumprindo todos os objetivos com resultados excepcionais dentro de sua categoria.<\/p>\n<p>&nbsp;<\/p>","protected":false},"excerpt":{"rendered":"<p><b>ENTREGA EN 24\/48 HORAS<\/b><\/p>\n<ul>\n<li data-leveltext=\"\uf0b7\" data-font=\"Symbol\" data-listid=\"17\" data-list-defn-props=\"{&quot;335552541&quot;:1,&quot;335559685&quot;:720,&quot;335559991&quot;:360,&quot;469769226&quot;:&quot;Symbol&quot;,&quot;469769242&quot;:[8226],&quot;469777803&quot;:&quot;left&quot;,&quot;469777804&quot;:&quot;\uf0b7&quot;,&quot;469777815&quot;:&quot;hybridMultilevel&quot;}\" aria-setsize=\"-1\" data-aria-posinset=\"7\" data-aria-level=\"1\"><b><span data-contrast=\"auto\">Perfiler\u00eda<\/span><\/b><span data-contrast=\"auto\">:<\/span> El grosor de nuestras ventanas es de <strong>45\u00a0mm. <\/strong>Gama <strong>MEDIA-ALTA <\/strong>con<strong> Rotura de Puente T\u00e9rmico.<\/strong><\/li>\n<li data-leveltext=\"\uf0b7\" data-font=\"Symbol\" data-listid=\"17\" data-list-defn-props=\"{&quot;335552541&quot;:1,&quot;335559685&quot;:720,&quot;335559991&quot;:360,&quot;469769226&quot;:&quot;Symbol&quot;,&quot;469769242&quot;:[8226],&quot;469777803&quot;:&quot;left&quot;,&quot;469777804&quot;:&quot;\uf0b7&quot;,&quot;469777815&quot;:&quot;hybridMultilevel&quot;}\" aria-setsize=\"-1\" data-aria-posinset=\"7\" data-aria-level=\"1\"><strong>Apertura: Vista\u00a0desde el interior\u00a0hacia la derecha. Lo que\u00a0impide su apertura desde el exterior.\u00a0<\/strong>Permite abrirla de manera<strong> oscilante (inclinada) <\/strong>o<strong> completamente abatible<\/strong>.<\/li>\n<li data-leveltext=\"\uf0b7\" data-font=\"Symbol\" data-listid=\"17\" data-list-defn-props=\"{&quot;335552541&quot;:1,&quot;335559685&quot;:720,&quot;335559991&quot;:360,&quot;469769226&quot;:&quot;Symbol&quot;,&quot;469769242&quot;:[8226],&quot;469777803&quot;:&quot;left&quot;,&quot;469777804&quot;:&quot;\uf0b7&quot;,&quot;469777815&quot;:&quot;hybridMultilevel&quot;}\" aria-setsize=\"-1\" data-aria-posinset=\"7\" data-aria-level=\"1\"><strong>Hojas<\/strong>: La ventana dispone de <strong>una hoja.<\/strong><\/li>\n<li data-leveltext=\"\uf0b7\" data-font=\"Symbol\" data-listid=\"17\" data-list-defn-props=\"{&quot;335552541&quot;:1,&quot;335559685&quot;:720,&quot;335559991&quot;:360,&quot;469769226&quot;:&quot;Symbol&quot;,&quot;469769242&quot;:[8226],&quot;469777803&quot;:&quot;left&quot;,&quot;469777804&quot;:&quot;\uf0b7&quot;,&quot;469777815&quot;:&quot;hybridMultilevel&quot;}\" aria-setsize=\"-1\" data-aria-posinset=\"7\" data-aria-level=\"1\"><strong>Medidas: Ancho<\/strong> (500 mm) x <strong>Alto<\/strong> (600 mm).<\/li>\n<li data-leveltext=\"\uf0b7\" data-font=\"Symbol\" data-listid=\"17\" data-list-defn-props=\"{&quot;335552541&quot;:1,&quot;335559685&quot;:720,&quot;335559991&quot;:360,&quot;469769226&quot;:&quot;Symbol&quot;,&quot;469769242&quot;:[8226],&quot;469777803&quot;:&quot;left&quot;,&quot;469777804&quot;:&quot;\uf0b7&quot;,&quot;469777815&quot;:&quot;hybridMultilevel&quot;}\" aria-setsize=\"-1\" data-aria-posinset=\"7\" data-aria-level=\"1\"><b><span data-contrast=\"auto\">Vidrio<\/span><\/b><span data-contrast=\"auto\">: Compuesto por\u00a0<b>dos capas de vidrio float de 4 mm<\/b>\u00a0y una\u00a0<b>c\u00e1mara de 16 mm <\/b>con<b> Gas Arg\u00f3n<\/b>, con\u00a0<b>doble acristalamiento. Vidrio Mate Carglass.<\/b><\/span><\/li>\n<li data-leveltext=\"\uf0b7\" data-font=\"Symbol\" data-listid=\"17\" data-list-defn-props=\"{&quot;335552541&quot;:1,&quot;335559685&quot;:720,&quot;335559991&quot;:360,&quot;469769226&quot;:&quot;Symbol&quot;,&quot;469769242&quot;:[8226],&quot;469777803&quot;:&quot;left&quot;,&quot;469777804&quot;:&quot;\uf0b7&quot;,&quot;469777815&quot;:&quot;hybridMultilevel&quot;}\" aria-setsize=\"-1\" data-aria-posinset=\"7\" data-aria-level=\"1\"><strong>Cierre: <span data-contrast=\"auto\">Sistema de cremona de aluminio con\u00a0tre<\/span><b><span data-contrast=\"auto\">s posiciones<\/span><\/b><span data-contrast=\"auto\">: cerrado, practicable y oscilobatiente.<\/span><\/strong><\/li>\n<li><b><span data-contrast=\"auto\">Seguridad: <\/span><\/b>Sistema con varios puntos de cierre y pasadores ocultos, garantizando protecci\u00f3n adicional.<\/li>\n<li><b><span data-contrast=\"auto\">Regulaci\u00f3n<\/span><\/b><span data-contrast=\"auto\">: Ajuste tridimensional, <\/span><b><span data-contrast=\"auto\">permitiendo regulaci\u00f3n<\/span><\/b><span data-contrast=\"auto\"> tanto en los puntos de cierre como en las dem\u00e1s partes del sistema.<\/span><\/li>\n<\/ul>\n<ul>\n<li style=\"list-style-type: none;\"><\/li>\n<\/ul>\n","protected":false},"featured_media":22546,"comment_status":"open","ping_status":"closed","template":"","meta":{"_acf_changed":false,"_joinchat":[],"jetpack_publicize_message":"","jetpack_publicize_feature_enabled":true,"jetpack_social_post_already_shared":false,"jetpack_social_options":{"image_generator_settings":{"template":"highway","default_image_id":0,"font":"","enabled":false},"version":2}},"product_brand":[],"product_cat":[777,1344,1345,823,776,826],"product_tag":[416,152,417,147,214,211,149,154,148,418,419,150],"class_list":{"0":"post-7509","1":"product","2":"type-product","3":"status-publish","4":"has-post-thumbnail","6":"product_cat-aluminio-rotura-puente-termico","7":"product_cat-shopping","8":"product_cat-shopping-ads","9":"product_cat-ventanas-aluminio-rpt","10":"product_cat-ventanas-aluminio-rpt-oscilobatientes","11":"product_cat-ventanas-oscilobatientes","12":"product_tag-416","13":"product_tag-1-hoja","14":"product_tag-alrbb0001","15":"product_tag-aluminio","16":"product_tag-carglass","17":"product_tag-cristal-mate","18":"product_tag-derecha","19":"product_tag-oscilobatiente","20":"product_tag-practicable","21":"product_tag-rotura-puente-termico","22":"product_tag-rpt","23":"product_tag-ventana","24":"product_shipping_class-ligeros","26":"first","27":"instock","28":"taxable","29":"shipping-taxable","30":"purchasable","31":"product-type-simple"},"acf":[],"jetpack_publicize_connections":[],"jetpack_sharing_enabled":true,"_links":{"self":[{"href":"https:\/\/ventanastock.es\/pt\/wp-json\/wp\/v2\/product\/7509","targetHints":{"allow":["GET"]}}],"collection":[{"href":"https:\/\/ventanastock.es\/pt\/wp-json\/wp\/v2\/product"}],"about":[{"href":"https:\/\/ventanastock.es\/pt\/wp-json\/wp\/v2\/types\/product"}],"replies":[{"embeddable":true,"href":"https:\/\/ventanastock.es\/pt\/wp-json\/wp\/v2\/comments?post=7509"}],"wp:featuredmedia":[{"embeddable":true,"href":"https:\/\/ventanastock.es\/pt\/wp-json\/wp\/v2\/media\/22546"}],"wp:attachment":[{"href":"https:\/\/ventanastock.es\/pt\/wp-json\/wp\/v2\/media?parent=7509"}],"wp:term":[{"taxonomy":"product_brand","embeddable":true,"href":"https:\/\/ventanastock.es\/pt\/wp-json\/wp\/v2\/product_brand?post=7509"},{"taxonomy":"product_cat","embeddable":true,"href":"https:\/\/ventanastock.es\/pt\/wp-json\/wp\/v2\/product_cat?post=7509"},{"taxonomy":"product_tag","embeddable":true,"href":"https:\/\/ventanastock.es\/pt\/wp-json\/wp\/v2\/product_tag?post=7509"}],"curies":[{"name":"wp","href":"https:\/\/api.w.org\/{rel}","templated":true}]}}