    {"id":9218,"date":"2020-06-16T08:37:46","date_gmt":"2020-06-16T07:37:46","guid":{"rendered":"https:\/\/ventanastock.es\/?post_type=product&#038;p=9218"},"modified":"2026-04-22T10:37:27","modified_gmt":"2026-04-22T08:37:27","slug":"balconera-pvc-practicable-oscilobatiente-izquierda-800x2000-1h","status":"publish","type":"product","link":"https:\/\/ventanastock.es\/pt\/produto\/balconera-pvc-practicable-oscilobatiente-izquierda-800x2000-1h\/","title":{"rendered":"Varanda de PVC pr\u00e1tica de inclina\u00e7\u00e3o e rota\u00e7\u00e3o para a esquerda 800X2000 1h"},"content":{"rendered":"<p><strong>As imagens dos produtos apresentados neste site podem apresentar alguma varia\u00e7\u00e3o em rela\u00e7\u00e3o ao produto f\u00edsico.<\/strong><\/p>\n<p><strong>Descri\u00e7\u00e3o do produto:<\/strong> Nosso sistema \u00e9 uma nova gera\u00e7\u00e3o de perfis que hoje atende aos <strong>requisitos<\/strong> para as janelas do futuro. Eles combinam tecnologia <strong>mais moderno com o maior conforto<\/strong> para habita\u00e7\u00e3o. A constru\u00e7\u00e3o robusta dos perfis com largura de <strong>70mm<\/strong> e grandes c\u00e2maras para refor\u00e7os de a\u00e7o garantem par\u00e2metros est\u00e1ticos ideais e <strong>permitir a constru\u00e7\u00e3o<\/strong> de grandes janelas.<\/p>\n<p><strong>Tipo de perfil: <\/strong><\/p>\n<ul>\n<li style=\"list-style-type: none;\">\n<ul>\n<li><strong>Material:<\/strong> PVC de elevada qualidade, oferecendo excelente isolamento t\u00e9rmico e ac\u00fastico.<\/li>\n<li><strong>Terminar:<\/strong> Est\u00e9tico, moderno e de f\u00e1cil manuten\u00e7\u00e3o.<\/li>\n<\/ul>\n<\/li>\n<\/ul>\n<p><strong>Vidro: <\/strong>Vidro inteligente 16\/04\/04<strong> Baixa emiss\u00e3o com g\u00e1s arg\u00f4nio + controle solar\u00a0<\/strong>o que permite uma maior redu\u00e7\u00e3o no consumo de aquecimento e ar condicionado<strong><span data-contrast=\"auto\"><b>.\u00a0<\/b><\/span><\/strong><\/p>\n<p><strong>Tipo de abertura:<\/strong><\/p>\n<ul>\n<li style=\"list-style-type: none;\">\n<ul>\n<li><b><span data-contrast=\"auto\">Pratic\u00e1vel<\/span><\/b><span data-contrast=\"auto\">: A janela abre de forma tradicional para o interior, oferecendo f\u00e1cil acesso para ventila\u00e7\u00e3o e limpeza.<\/span><span data-ccp-props=\"{&quot;134233117&quot;:false,&quot;134233118&quot;:false,&quot;335559738&quot;:0,&quot;335559739&quot;:0}\">\u00a0<\/span><\/li>\n<li><b><span data-contrast=\"auto\">Incline e gire<\/span><\/b><span data-contrast=\"auto\">: Permite a abertura da janela por cima, garantindo uma ventila\u00e7\u00e3o controlada sem risco de entrada de chuva. Ideal para manter o ar fresco sem comprometer a seguran\u00e7a ou a privacidade.<\/span><span data-ccp-props=\"{&quot;134233117&quot;:false,&quot;134233118&quot;:false,&quot;335559738&quot;:0,&quot;335559739&quot;:0}\">\u00a0<\/span><\/li>\n<\/ul>\n<\/li>\n<\/ul>\n<p><b><span data-contrast=\"auto\">Sistema de fechamento:<\/span><\/b><\/p>\n<ul>\n<li style=\"list-style-type: none;\">\n<ul>\n<li><b><span data-contrast=\"auto\">Cremona de PVC<\/span><\/b><span data-contrast=\"auto\">\u00a0com\u00a0<\/span><b><span data-contrast=\"auto\">tr\u00eas posi\u00e7\u00f5es<\/span><\/b><span data-contrast=\"auto\">: fechado, pratic\u00e1vel e basculante.<\/span><\/li>\n<li><span data-contrast=\"auto\">V\u00e1rios pontos de travamento para maior seguran\u00e7a e veda\u00e7\u00e3o herm\u00e9tica.<\/span><span data-ccp-props=\"{&quot;134233117&quot;:false,&quot;134233118&quot;:false,&quot;335559738&quot;:0,&quot;335559739&quot;:0}\">\u00a0<\/span><\/li>\n<li><span data-contrast=\"auto\">No caso de varanda, acrescenta-se um terceiro ponto de fechamento aos pontos.<\/span>\u00a0<span data-contrast=\"auto\">intermedi\u00e1rio.<\/span><span data-ccp-props=\"{&quot;134233117&quot;:false,&quot;134233118&quot;:false,&quot;335559738&quot;:0,&quot;335559739&quot;:0}\">\u00a0<\/span><\/li>\n<\/ul>\n<\/li>\n<\/ul>\n<p><strong>Seguran\u00e7a:<\/strong>\u00a0O sistema de fechamento inclui <strong><b><span data-contrast=\"auto\">alfinetes escondidos <\/span><\/b><\/strong>na parte superior e inferior, proporcionando seguran\u00e7a adicional. Dependendo do tamanho, o sistema pode incorporar entre <strong><b><span data-contrast=\"auto\">dois e quatro pontos finais<\/span><\/b><span data-contrast=\"auto\">.<\/span><\/strong><\/p>\n<p><b><span data-contrast=\"auto\">Regulamento e Acess\u00f3rios:<\/span><\/b> Ajuste tridimensional no sistema de hardware para um encaixe preciso e duradouro. Permite a regulagem da press\u00e3o e o movimento horizontal das dobradi\u00e7as. Possui tamb\u00e9m uma b\u00fassola lateral que limita a abertura.<\/p>\n<p><strong>Est\u00e9tico:<\/strong> Juntas de envidra\u00e7amento est\u00e9ticas e de alta qualidade. O bisel de 15 graus da moldura e da borda da folha garante a drenagem ideal da \u00e1gua. A estrutura compacta, curvas delicadas e inclina\u00e7\u00f5es conferem aos perfis um aspecto moderno e elegante.<\/p>\n<p><strong>Nossos produtos oferecem f\u00e1cil manuten\u00e7\u00e3o, excelente isolamento t\u00e9rmico e ac\u00fastico e grande durabilidade. S\u00e3o resistentes \u00e0 umidade e \u00e0 corros\u00e3o, o que ajuda a reduzir os custos de aquecimento e ar condicionado.<\/strong><\/p>","protected":false},"excerpt":{"rendered":"<p><b>ENTREGA EM 24\/48 HORAS<\/b><\/p>\n<p><strong>PRODUTO NOVO COM MELHOR QUALIDADE<\/strong><\/p>\n<ul>\n<li><b><span data-contrast=\"auto\">Profiling<\/span><\/b><span data-contrast=\"auto\">:<\/span> 5 c\u00e2maras e 70 mm de largura garantem um \u00f3timo isolamento t\u00e9rmico e ac\u00fastico (1,4 W\/m2K)<strong>.<\/strong><\/li>\n<li><strong>Abertura: <\/strong>Vista de dentro<strong> esquerda. O que impede a sua abertura pelo exterior. <\/strong>Permite que voc\u00ea abra<strong> oscilante (inclinado) <\/strong>qualquer<strong> completamente dobr\u00e1vel<\/strong>.<\/li>\n<li><strong>Folhas<\/strong>: A janela tem <strong>uma folha<\/strong><\/li>\n<li><strong>Medidas: Largura<\/strong> (800 mm) x <strong>Alto<\/strong> (2000 mm).<\/li>\n<li><b><span data-contrast=\"auto\">Vidro<\/span><\/b><span data-contrast=\"auto\">: Composto por vidro <strong>4\/16\/4 Baixas Emiss\u00f5es com G\u00e1s Arg\u00f4nio + Controle Solar\u00a0<\/strong>o que permite uma maior redu\u00e7\u00e3o no consumo de aquecimento e ar condicionado<strong><b>.\u00a0<\/b><\/strong><\/span><\/li>\n<li><strong>Fechamento: <\/strong>Sistema de cremona em PVC com<strong><span data-contrast=\"auto\">\u00a0tr\u00eas<\/span><b><span data-contrast=\"auto\">posi\u00e7\u00f5es<\/span><\/b><span data-contrast=\"auto\">: fechado, pratic\u00e1vel e basculante.<\/span><\/strong><\/li>\n<li><b><span data-contrast=\"auto\">Seguran\u00e7a: <\/span><\/b>Sistema com v\u00e1rios pontos de fechamento e pinos ocultos, garantindo prote\u00e7\u00e3o adicional.<\/li>\n<li><b><span data-contrast=\"auto\">Regulamento<\/span><\/b><span data-contrast=\"auto\">: Ajuste tridimensional, <\/span><b><span data-contrast=\"auto\">permitindo regulamenta\u00e7\u00e3o<\/span><\/b><span data-contrast=\"auto\"> tanto nos pontos de fechamento como nas demais partes do sistema.<\/span><\/li>\n<li><strong>Projeto<\/strong>: Garante uma est\u00e9tica adequada com veda\u00e7\u00f5es dur\u00e1veis, juntas de envidra\u00e7amento eficientes e superf\u00edcie lisa. Essas janelas oferecem resist\u00eancia, modernidade e f\u00e1cil limpeza.<\/li>\n<\/ul>","protected":false},"featured_media":18353,"comment_status":"open","ping_status":"closed","template":"","meta":{"_acf_changed":false,"_joinchat":[],"jetpack_publicize_message":"","jetpack_publicize_feature_enabled":true,"jetpack_social_post_already_shared":false,"jetpack_social_options":{"image_generator_settings":{"template":"highway","default_image_id":0,"font":"","enabled":false},"version":2}},"product_brand":[],"product_cat":[1004,1260,822,772,829,818,1344,1261],"product_tag":[528,152,157,149,154,148,159,274,529],"class_list":{"0":"post-9218","1":"product","2":"type-product","3":"status-publish","4":"has-post-thumbnail","6":"product_cat-ofertas","7":"product_cat-ofertas-pvc","8":"product_cat-balconeras-pvc","9":"product_cat-balconeras-pvc-oscilobatientes","10":"product_cat-puertas-balconeras","11":"product_cat-pvc","12":"product_cat-shopping","13":"product_cat-superventas-pvc","14":"product_tag-528","15":"product_tag-1-hoja","16":"product_tag-balconera","17":"product_tag-derecha","18":"product_tag-oscilobatiente","19":"product_tag-practicable","20":"product_tag-puerta","21":"product_tag-pvc","22":"product_tag-pvcb0028","23":"product_shipping_class-pesados","25":"first","26":"outofstock","27":"featured","28":"taxable","29":"shipping-taxable","30":"purchasable","31":"product-type-simple"},"acf":[],"jetpack_publicize_connections":[],"jetpack_sharing_enabled":true,"_links":{"self":[{"href":"https:\/\/ventanastock.es\/pt\/wp-json\/wp\/v2\/product\/9218","targetHints":{"allow":["GET"]}}],"collection":[{"href":"https:\/\/ventanastock.es\/pt\/wp-json\/wp\/v2\/product"}],"about":[{"href":"https:\/\/ventanastock.es\/pt\/wp-json\/wp\/v2\/types\/product"}],"replies":[{"embeddable":true,"href":"https:\/\/ventanastock.es\/pt\/wp-json\/wp\/v2\/comments?post=9218"}],"wp:featuredmedia":[{"embeddable":true,"href":"https:\/\/ventanastock.es\/pt\/wp-json\/wp\/v2\/media\/18353"}],"wp:attachment":[{"href":"https:\/\/ventanastock.es\/pt\/wp-json\/wp\/v2\/media?parent=9218"}],"wp:term":[{"taxonomy":"product_brand","embeddable":true,"href":"https:\/\/ventanastock.es\/pt\/wp-json\/wp\/v2\/product_brand?post=9218"},{"taxonomy":"product_cat","embeddable":true,"href":"https:\/\/ventanastock.es\/pt\/wp-json\/wp\/v2\/product_cat?post=9218"},{"taxonomy":"product_tag","embeddable":true,"href":"https:\/\/ventanastock.es\/pt\/wp-json\/wp\/v2\/product_tag?post=9218"}],"curies":[{"name":"wp","href":"https:\/\/api.w.org\/{rel}","templated":true}]}}